{"id":130,"date":"2022-06-28T13:11:17","date_gmt":"2022-06-28T13:11:17","guid":{"rendered":"http:\/\/sloveniaprivatetours.com\/partners\/"},"modified":"2022-11-02T09:43:48","modified_gmt":"2022-11-02T09:43:48","slug":"partnere","status":"publish","type":"page","link":"https:\/\/sloveniaprivatetours.com\/da\/partners\/","title":{"rendered":"Partnere"},"content":{"rendered":"<p><strong><a href=\"https:\/\/wine-tours-slovenia.com\/\" target=\"_blank\" rel=\"noreferrer noopener\">VINREJSER SLOVENIEN<\/a><\/strong><\/p>\n\n\n\n<p>Vinture er perfekte for b\u00e5de nybegyndere og \u00f8vede vinsmagere. Du beh\u00f8ver ikke nogen forudg\u00e5ende viden. Det eneste, der kr\u00e6ves, er lysten til at slappe af, drikke vin og slappe af endnu mere.<\/p>\n\n\n\n<p>Der findes ikke nogen bedre m\u00e5de at opleve Sloveniens rige vinproduktionstraditioner p\u00e5 f\u00f8rste h\u00e5nd, socialisere med andre rejsende og smage p\u00e5 naturens gl\u00e6der p\u00e5 en enkelt dag.<\/p>\n\n\n\n<p><strong><a href=\"https:\/\/bearwatchingslovenia.com\/\" target=\"_blank\" rel=\"noreferrer noopener\">BJ\u00d8RNEOBSERVATION SLOVENIEN<\/a><\/strong><\/p>\n\n\n\n<p>Oplev sp\u00e6ndingen ved at observere bj\u00f8rne i Sloveniens uber\u00f8rte naturskove. F\u00f8lg med en ekspert i dyreliv dybt ind i skoven, hvor du vil m\u00f8de Sloveniens indf\u00f8dte brune bj\u00f8rn gennem de brede vinduer i et sikkert udsigtspunkt i tr\u00e6 - perfekt til at tage fantastiske billeder.<\/p>\n\n\n\n<p><strong><a href=\"https:\/\/farmlifeslovenia.com\/\" target=\"_blank\" rel=\"noreferrer noopener\">LIVET P\u00c5 G\u00c5RDEN SLOVENIEN<\/a><\/strong><\/p>\n\n\n\n<p>Tilbring en dag p\u00e5 en typisk slovensk g\u00e5rd, hvor du kan se og opleve en r\u00e6kke aktiviteter p\u00e5 f\u00f8rste h\u00e5nd. Afh\u00e6ngigt af s\u00e6sonen kan du deltage i arbejdet p\u00e5 markerne, skr\u00e6lle majs, samle \u00e6g, lave br\u00f8d, biavl osv.<\/p>\n\n\n\n<p><strong><a href=\"https:\/\/shoreexcursionskoper.com\/\" target=\"_blank\" rel=\"noreferrer noopener\">UDFLUGTER I LAND KOPER<\/a><\/strong><\/p>\n\n\n\n<p>De bedste guidede landudflugter fra Koper rundt i Slovenien for at opdage b\u00e5de landets st\u00f8rste attraktioner og skjulte perler.<\/p>\n\n\n\n<p><a href=\"https:\/\/triglavtours.com\/\" target=\"_blank\" rel=\"noreferrer noopener\"><strong>TRIGLAV TOURS<\/strong><\/a><\/p>\n\n\n\n<p>Guidede vandreture op p\u00e5 Sloveniens h\u00f8jeste bjerg<\/p>\n\n\n\n<p><strong><a href=\"https:\/\/thebalkantours.com\/\" target=\"_blank\" rel=\"noreferrer noopener\">TURE P\u00c5 BALKAN<\/a><\/strong><\/p>\n\n\n\n<p>Uforglemmelige ferier p\u00e5 tv\u00e6rs af Balkanlandene.<\/p>\n\n\n\n<p><strong><a href=\"https:\/\/shoreexcursionskoper.com\/\" target=\"_blank\" rel=\"noreferrer noopener\">UDFLUGTER I LAND KOPER<\/a><\/strong><\/p>\n\n\n\n<p>De bedste guidede landudflugter fra Koper rundt i Slovenien for at opdage b\u00e5de landets st\u00f8rste attraktioner og skjulte perler.<\/p>\n\n\n\n<p><a href=\"https:\/\/sloveniawedding.com\/\" target=\"_blank\" rel=\"noreferrer noopener\"><strong>SLOVENIEN BRYLLUP<\/strong><\/a><\/p>\n\n\n\n<p>Et udvalg af fantastiske bryllupspakker og smukke steder i hele Slovenien.<\/p>\n\n\n\n<p><a href=\"https:\/\/sloveniatours.com\/\" target=\"_blank\" rel=\"noreferrer noopener\"><strong>SLOVENIEN TURER<\/strong><\/a><\/p>\n\n\n\n<p>Guidede flerdagsrejser til Slovenien, hvor du kan opleve b\u00e5de landets st\u00f8rste attraktioner og skjulte perler. Fra den afslappede til den mere aktive ferie vil deres lokale guider ledsage dig p\u00e5 din rejse gennem det bedste af Slovenien.<\/p>\n\n\n\n<p><strong><a href=\"https:\/\/sloveniacyclingholidays.com\/\" target=\"_blank\" rel=\"noreferrer noopener\">SLOVENIEN CYKELFERIE<\/a><\/strong><\/p>\n\n\n\n<p>Cycling Holidays Slovenia er et nyt rejsebureau, hvis mission er at give deres kunder mulighed for at opleve Sloveniens forskellige landskaber p\u00e5 cykel.<\/p>\n\n\n\n<p><strong><a href=\"https:\/\/huttohuthikingslovenia.com\/\" target=\"_blank\" rel=\"noreferrer noopener\">VANDRETURE FRA HYTTE TIL HYTTE I SLOVENIEN<\/a><\/strong><\/p>\n\n\n\n<p>Guidede og selvledende vandreture p\u00e5 bjergstier med udsigt over alpetoppene og den omkringliggende natur, hvile i hytter og nyde hjemmelavede retter.&nbsp;<\/p>\n\n\n\n<p><strong><a href=\"https:\/\/walking-holidays-slovenia.com\/\" target=\"_blank\" rel=\"noreferrer noopener\">VANDREFERIER SLOVENIEN<\/a><\/strong><\/p>\n\n\n\n<p>Vandreturene er designet til at f\u00f8re g\u00e6sterne gennem Sloveniens gr\u00f8nne landskaber, frodige dale og smaragdgr\u00f8nne floder med bjerge som baggrund.<\/p>\n\n\n\n<p><strong><a href=\"https:\/\/hvarstagdo.com\/\" target=\"_blank\" rel=\"noreferrer noopener\">HVAR STAG DO<\/a><\/strong><\/p>\n\n\n\n<p>Det bedste sted at arrangere en uforglemmelig polterabend p\u00e5 den utrolige \u00f8 Hvar for at give din ven et par sidste n\u00e6tter med fest, f\u00f8r han gifter sig med sin bror.<\/p>\n\n\n\n<p><strong><a href=\"https:\/\/croatiatunafishing.com\/\" target=\"_blank\" rel=\"noreferrer noopener\">KROATIEN TUNFISKERI<\/a><\/strong><\/p>\n\n\n\n<p>Charters til storvildtfiskeri langs hele Kroatiens kystlinje med en uforglemmelig oplevelse af havfiskeri for at fange de st\u00f8rste rovdyr i Adriaterhavet.<\/p>\n\n\n\n<p><a href=\"https:\/\/slovenia-activities.com\/\" target=\"_blank\" rel=\"noreferrer noopener\"><strong>SLOVENIEN AKTIVITETER<\/strong><\/a><\/p>\n\n\n\n<p>Et bredt udvalg af de bedste ting at lave i Slovenien, fra cykling, vandreture, vinteraktiviteter, klatring, grotter, canyoning, rafting og andre udend\u00f8rsaktiviteter.<\/p>","protected":false},"excerpt":{"rendered":"<p>WINE TOURS SLOVENIA Wine Tours er perfekte for b\u00e5de nybegyndere og erfarne vinsmagere. Du har ikke brug for nogen forudg\u00e5ende viden. Det eneste, der kr\u00e6ves, er lysten til at slappe af, drikke vin og slappe af lidt mere. Der findes ingen bedre m\u00e5de at opleve Sloveniens rige vinproduktionstradition p\u00e5, at socialisere med andre rejsende og smage p\u00e5 frugterne ... <a href=\"https:\/\/sloveniaprivatetours.com\/da\/partners\/\">Fortsat<\/a><\/p>","protected":false},"author":45,"featured_media":111,"parent":0,"menu_order":0,"comment_status":"open","ping_status":"open","template":"","meta":{"_acf_changed":false,"footnotes":""},"class_list":["post-130","page","type-page","status-publish","has-post-thumbnail","hentry"],"acf":{"page_subheading":"We are stronger together."},"_links":{"self":[{"href":"https:\/\/sloveniaprivatetours.com\/da\/wp-json\/wp\/v2\/pages\/130","targetHints":{"allow":["GET"]}}],"collection":[{"href":"https:\/\/sloveniaprivatetours.com\/da\/wp-json\/wp\/v2\/pages"}],"about":[{"href":"https:\/\/sloveniaprivatetours.com\/da\/wp-json\/wp\/v2\/types\/page"}],"author":[{"embeddable":true,"href":"https:\/\/sloveniaprivatetours.com\/da\/wp-json\/wp\/v2\/users\/45"}],"replies":[{"embeddable":true,"href":"https:\/\/sloveniaprivatetours.com\/da\/wp-json\/wp\/v2\/comments?post=130"}],"version-history":[{"count":2,"href":"https:\/\/sloveniaprivatetours.com\/da\/wp-json\/wp\/v2\/pages\/130\/revisions"}],"predecessor-version":[{"id":333,"href":"https:\/\/sloveniaprivatetours.com\/da\/wp-json\/wp\/v2\/pages\/130\/revisions\/333"}],"wp:featuredmedia":[{"embeddable":true,"href":"https:\/\/sloveniaprivatetours.com\/da\/wp-json\/wp\/v2\/media\/111"}],"wp:attachment":[{"href":"https:\/\/sloveniaprivatetours.com\/da\/wp-json\/wp\/v2\/media?parent=130"}],"curies":[{"name":"wp","href":"https:\/\/api.w.org\/{rel}","templated":true}]}}