{"id":223,"date":"2022-09-23T09:06:26","date_gmt":"2022-09-23T09:06:26","guid":{"rendered":"http:\/\/sloveniaprivatetours.com\/?page_id=223"},"modified":"2022-11-02T09:56:48","modified_gmt":"2022-11-02T09:56:48","slug":"baeredygtighed","status":"publish","type":"page","link":"https:\/\/sloveniaprivatetours.com\/da\/sustainability\/","title":{"rendered":"B\u00e6redygtighed"},"content":{"rendered":"<h2 class=\"wp-block-heading\">MISSION STATEMENT<\/h2>\n\n\n\n<p>Vi er et fremtidsorienteret incoming rejsebureau, hvis mission er at give vores kunder en unik, lokal oplevelse og at tilf\u00f8je aktiviteter til vores lokale tilbud. Dette g\u00f8r vi samtidig med at vi fremmer kulturelt og milj\u00f8venligt engagement gennem t\u00e6tte forbindelser med lokale leverand\u00f8rer. Vi betragter det som vores pligt at arbejde direkte med leverand\u00f8rer, kunder og samfundet som helhed og fremme b\u00e6redygtighed gennem uddannelse og bevarelse af kulturelle og naturlige ressourcer p\u00e5 vores destinationer.<\/p>\n\n\n\n<h2 class=\"wp-block-heading\">LEP D.O.O.O.'S B\u00c6REDYGTIGHEDSPOLITIK<\/h2>\n\n\n\n<p>Vi er engageret i at beskytte milj\u00f8et og reducere vores negative p\u00e5virkning af naturen. Vi forpligter os til at handle p\u00e5 f\u00f8lgende m\u00e5de for at bevare milj\u00f8et:<\/p>\n\n\n\n<ul class=\"wp-block-list\">\n<li>overholde milj\u00f8beskyttelseslovgivningen,<\/li>\n\n\n\n<li>overv\u00e5ge vores aktiviteters indvirkning p\u00e5 milj\u00f8et,<\/li>\n\n\n\n<li>opfylde de m\u00e5l og foranstaltninger, der er fastsat i b\u00e6redygtighedspolitikken,<\/li>\n\n\n\n<li>at uddanne medarbejderne om vores b\u00e6redygtighedspolitik, m\u00e5l og tiltag<\/li>\n\n\n\n<li>at informere g\u00e6ster og leverand\u00f8rer om vores bestr\u00e6belser p\u00e5 at reducere de negative virkninger af vores aktiviteter p\u00e5 milj\u00f8et og opfordre dem til at deltage og st\u00f8tte os,<\/li>\n\n\n\n<li>at fremme b\u00e6redygtig mobilitet og andre milj\u00f8venlige metoder blandt vores medarbejdere.<\/li>\n<\/ul>\n\n\n\n<p>Vi l\u00e6gger s\u00e6rlig v\u00e6gt p\u00e5 f\u00f8lgende omr\u00e5der:<\/p>\n\n\n\n<h3 class=\"wp-block-heading\">ENERGIFORBRUG<\/h3>\n\n\n\n<p>Vores virksomhed har forpligtet sig til l\u00f8bende at forbedre sin energim\u00e6ssige ydeevne og reducere sin drivhusgasemissionsprofil.<\/p>\n\n\n\n<p>For at n\u00e5 m\u00e5lene vil virksomheden:<\/p>\n\n\n\n<ol class=\"wp-block-list\">\n<li>Reducere energieftersp\u00f8rgslen i hele virksomhedens aktiviteter:<\/li>\n<\/ol>\n\n\n\n<p>Apparater og elektronik - K\u00f8b energieffektive produkter, og brug dem effektivt. Brug en avanceret stikkontakt for at reducere \"vampyrbelastninger\" -&gt; elektricitet, der g\u00e5r til spilde, n\u00e5r elektronikken ikke er i brug. Belysning -&gt; K\u00f8b energieffektive produkter, brug dem effektivt, og indbygger mere dagslys i vores kontor ved hj\u00e6lp af energieffektive vinduer og ovenlysvinduer. Elektrisk rumopvarmning og -k\u00f8ling -&gt; K\u00f8b energieffektive elektriske systemer, og udnyt dem effektivt. Isol\u00e9r og luftt\u00e6t vores kontor korrekt.  Elektrisk vandopvarmning -&gt; K\u00f8b en energieffektiv elektrisk vandvarmer og udnyt den effektivt, eller v\u00e6lg en energieffektiv vandvarmer, der ikke bruger elektricitet.<\/p>\n\n\n\n<ol class=\"wp-block-list\">\n<li>Brug energien mere effektivt<\/li>\n\n\n\n<li>Energiforsyning fra vedvarende energikilder<\/li>\n\n\n\n<li>overv\u00e5ge, m\u00e5le og rapportere om data om energiforbrug og energiproduktion, og<\/li>\n\n\n\n<li>Fremme bevidstheden om ansvaret for energibesparelser hos alle ansatte, studerende og entrepren\u00f8rer.<\/li>\n<\/ol>\n\n\n\n<p>Vi lejer lokaler i en kontorbygning, der har en milj\u00f8venlig arkitektur og reducerer forbruget af energi og drivhusgasser drastisk med et omhyggeligt valg af materialer og fejlfri teknik. Ventileret aluminiumsfacade med varmeisolering, flerlagsglas, mulighed for at \u00e5bne vinduer, et centralt styresystem til overv\u00e5gning af k\u00f8ling\/opvarmning og fjernvarme bidrager yderligere til lave driftsomkostninger.<\/p>\n\n\n\n<h3 class=\"wp-block-heading\">VANDFORBRUG<\/h3>\n\n\n\n<p>Hos Lep d.o.o. bruger vi vandet med omtanke. Der er farvestr\u00e5lende klisterm\u00e6rker ved begge kontorhaner, som opfordrer vores medarbejdere til at spare p\u00e5 vandet.<\/p>\n\n\n\n<h3 class=\"wp-block-heading\">AFFALDSH\u00c5NDTERING<\/h3>\n\n\n\n<p>Vi bestr\u00e6ber os p\u00e5 at reducere m\u00e6ngden af affald, der produceres p\u00e5 kontoret, is\u00e6r m\u00e6ngden af plastik. Til dette form\u00e5l k\u00f8ber vi varer uden eller med lidt<br>emballage. Varer k\u00f8bes i l\u00f8s v\u00e6gt, hvor det er muligt. Vi sorterer ogs\u00e5 vores affald (papir, plast og emballage, glas), som derefter bortskaffes i passende bycontainere og genbruges.<\/p>\n\n\n\n<h3 class=\"wp-block-heading\">FORBRUG AF ANDRE RESSOURCER (PAPIR)<\/h3>\n\n\n\n<p>Lep d.o.o.o. reducerer papirforbruget ved at fokusere p\u00e5 digital markedsf\u00f8ring og online kommunikation. Udskrivning af de resterende materialer planl\u00e6gges omhyggeligt og pr\u00e6cist for at undg\u00e5 ubrugte materialer. Vi bruger certificeret genbrugspapir.<\/p>\n\n\n\n<h3 class=\"wp-block-heading\">HR-POLITIK<\/h3>\n\n\n\n<p>I vores virksomhed sikrer vi gode arbejdsforhold. Vi respekterer national og international lovgivning p\u00e5 arbejdsmarkeds- og menneskerettighedsomr\u00e5det. Medarbejderne f\u00e5r regelm\u00e6ssige uddannelses- og tr\u00e6ningsprogrammer og er opm\u00e6rksomme p\u00e5 virksomhedens b\u00e6redygtighedspolitikker, m\u00e5l og foranstaltninger.<\/p>\n\n\n\n<h3 class=\"wp-block-heading\">INDK\u00d8BSPOLITIK<\/h3>\n\n\n\n<p>I vores virksomhed Lep d.o.o. er vi opm\u00e6rksomme p\u00e5, at vi ved at k\u00f8be lokale varer og tjenester bidrager til lokalsamfundets velbefindende ved at k\u00f8be lokale varer og tjenester. Vores indk\u00f8bspolitik prioriterer derfor lokale produkter samt milj\u00f8m\u00e6ssigt ansvarlige produkter og produkter med b\u00e6redygtighedscertifikater (fair trade, \u00f8kologisk, FSC osv.).<\/p>\n\n\n\n<h2 class=\"wp-block-heading\"><strong>OVERORDNET FORM\u00c5L<\/strong><\/h2>\n\n\n\n<p>Vi \u00f8nsker at dele vores passion for Slovenien og vores viden om landets natur, historie og folk med vores g\u00e6ster ved at tilbyde b\u00e6redygtige rejser, der er rentable for vores virksomhed og gavnlige for lokalsamfundene og milj\u00f8et.<\/p>\n\n\n\n<p><strong>SAMFUND OG KULTUR<\/strong><\/p>\n\n\n\n<p>- Gennemf\u00f8re og st\u00f8tte bevarelses- og uddannelsesprojekter og give til og st\u00f8tte velg\u00f8rende organisationer og initiativer i de bes\u00f8gte samfund<\/p>\n\n\n\n<p>- Gennemf\u00f8relse af ture for at maksimere fordelene ved de bes\u00f8gte samfunds kulturarv og tilskynde dem til at bevare og beskytte deres kultur<\/p>\n\n\n\n<p>- Udvikle v\u00e6rtssamfundenes evne til at tjene til livets ophold ved hj\u00e6lp af turisme ved at st\u00f8tte dem i at blive en del af et turismenetv\u00e6rk, forst\u00e5 industrien og f\u00e5 markedsadgang.<\/p>\n\n\n\n<p><strong>\u00d8KONOMISK ANSVAR<\/strong><\/p>\n\n\n\n<p>- Hold pengene lokalt ved (s\u00e5 vidt muligt) at k\u00f8be lokalt og bo p\u00e5 familiedrevne pensionater og hoteller.<\/p>\n\n\n\n<p>- Tilvejebringe indkomstskabende aktiviteter ved at ans\u00e6tte, uddanne og opmuntre lokale folk til at v\u00e6re involveret i leveringen af vores ture og aktiviteter<\/p>\n\n\n\n<p>- Opmuntre vores g\u00e6ster til at k\u00f8be lokalt h\u00e5ndv\u00e6rk og lokale tjenester<\/p>\n\n\n\n<p><strong>MILJ\u00d8ANSVAR<\/strong><\/p>\n\n\n\n<p>- Levere milj\u00f8venlige ture af h\u00f8j kvalitet gennem vores f\u00f8rende tilgang til uddannelse af vores guider, s\u00e5 de opfylder internationale standarder for guidning<\/p>\n\n\n\n<p>- at \u00f8ge lokalsamfundenes bevidsthed om vigtigheden af at beskytte Sloveniens naturv\u00e6rdier<\/p>\n\n\n\n<p>- St\u00f8tte og igangs\u00e6ttelse af lokale skovrejsning og bevarelsesprojekter<\/p>\n\n\n\n<p><strong>TURISMEINDUSTRIEN<\/strong><\/p>\n\n\n\n<p>- at arbejde for en ansvarlig tilgang til turismeudvikling<\/p>\n\n\n\n<p><strong>VORES TEAM<\/strong><\/p>\n\n\n\n<p>- Give vores unge medarbejdere en givende arbejdsoplevelse<\/p>\n\n\n\n<p>- Personlige m\u00e5l: Vi forts\u00e6tter med at st\u00f8tte personalet i at forf\u00f8lge personlige m\u00e5l<\/p>\n\n\n\n<p>- Fleksibelt arbejde: Vi forts\u00e6tter med at tilbyde et fleksibelt arbejdsmilj\u00f8, og til dato er alle medarbejdernes anmodninger om at \u00e6ndre deres arbejdsm\u00f8nstre blevet godkendt.<\/p>\n\n\n\n<p>- Uddannelse: 50% bidrag til udgifter til uddannelse af 2 nye vejledere inden 2023<\/p>\n\n\n\n<p><strong>VORES KUNDER<\/strong><\/p>\n\n\n\n<p>- Forbedre kommunikationen omkring de ansvarlige aspekter af vores ture<\/p>\n\n\n\n<p>- Opmuntre vores g\u00e6ster til at bidrage til at st\u00f8tte lokale b\u00f8rn fra familier i n\u00f8d. Opn\u00e5 10.000 \u20ac i donation inden 2024<\/p>\n\n\n\n<h3 class=\"wp-block-heading\">REJSEPARTNERPRIS<\/h3>\n\n\n\n<figure class=\"wp-block-image\"><img decoding=\"async\" src=\"https:\/\/960335.smushcdn.com\/2821714\/wp-content\/uploads\/partner-300x117.webp?lossy=1&amp;strip=1&amp;webp=1\" alt=\"\" class=\"wp-image-6119\"\/><\/figure>\n\n\n\n<p>Travelife Partner-prisen er en anerkendelse af vores engagement i social og milj\u00f8m\u00e6ssig b\u00e6redygtighed. Vi overholder, baseret p\u00e5 en verificeret selvevaluering, mere end 100 kriterier vedr\u00f8rende b\u00e6redygtighedsstyring, kontoraktiviteter, samarbejde med leverand\u00f8rer og kundekommunikation. Vi arbejder p\u00e5 yderligere forbedringer med henblik p\u00e5 i sidste ende at n\u00e5 det tredjepartsreviderede Travelife Certified-stadium.<\/p>\n\n\n\n<p>Lep d.o.o. teamet er glade for at kunne meddele, at vi er engageret i den&nbsp;<strong>Travelife for rejsearrang\u00f8rer og rejsebureauer<\/strong>&nbsp;ordning. Travelife er et internationalt anerkendt og af GSTC-Global Sustainable Tourism Council akkrediteret uddannelses-, ledelses- og certificeringsprogram inden for b\u00e6redygtighed i turisme. Det er et certificeringsprogram i tre trin for rejsearrang\u00f8rer og rejsebureauer: (1) Travelife Engaged; (2) Travelife Partner og (3) Travelife Certified. Vi str\u00e6ber efter at f\u00e5 Travelife Partner-anerkendelse og efter yderligere forbedringer med henblik p\u00e5 at opfylde Travelife Certified-kriterierne i sidste ende.<\/p>\n\n\n\n<p>Vores resultater med hensyn til b\u00e6redygtighed er samlet i denne&nbsp;<a href=\"https:\/\/winetastingljubljana.com\/wp-content\/uploads\/sustainability-report-lep-d.o.o.pdf?swcfpc=1\" target=\"_blank\" rel=\"noreferrer noopener\">B\u00e6redygtighedsrapport<\/a>.<\/p>","protected":false},"excerpt":{"rendered":"<p>MISSIONSERKL\u00c6RING Vi er et fremadskuende incoming-rejsebureau, hvis mission er at give vores kunder en unik, lokal oplevelse og at tilf\u00f8je aktiviteter til vores lokale tilbud. Vi g\u00f8r dette, samtidig med at vi fremmer kulturelt og milj\u00f8venligt engagement gennem t\u00e6tte forbindelser med lokale leverand\u00f8rer. Vi ser det som vores pligt at arbejde direkte med leverand\u00f8rer, ... <a href=\"https:\/\/sloveniaprivatetours.com\/da\/sustainability\/\">Fortsat<\/a><\/p>","protected":false},"author":45,"featured_media":0,"parent":0,"menu_order":0,"comment_status":"closed","ping_status":"closed","template":"","meta":{"_acf_changed":false,"footnotes":""},"class_list":["post-223","page","type-page","status-publish","hentry"],"acf":{"page_subheading":"A healthy environment is essential to continue our work, which is why we choose sustainable practices and environmentally friendly ways to do it."},"_links":{"self":[{"href":"https:\/\/sloveniaprivatetours.com\/da\/wp-json\/wp\/v2\/pages\/223","targetHints":{"allow":["GET"]}}],"collection":[{"href":"https:\/\/sloveniaprivatetours.com\/da\/wp-json\/wp\/v2\/pages"}],"about":[{"href":"https:\/\/sloveniaprivatetours.com\/da\/wp-json\/wp\/v2\/types\/page"}],"author":[{"embeddable":true,"href":"https:\/\/sloveniaprivatetours.com\/da\/wp-json\/wp\/v2\/users\/45"}],"replies":[{"embeddable":true,"href":"https:\/\/sloveniaprivatetours.com\/da\/wp-json\/wp\/v2\/comments?post=223"}],"version-history":[{"count":3,"href":"https:\/\/sloveniaprivatetours.com\/da\/wp-json\/wp\/v2\/pages\/223\/revisions"}],"predecessor-version":[{"id":339,"href":"https:\/\/sloveniaprivatetours.com\/da\/wp-json\/wp\/v2\/pages\/223\/revisions\/339"}],"wp:attachment":[{"href":"https:\/\/sloveniaprivatetours.com\/da\/wp-json\/wp\/v2\/media?parent=223"}],"curies":[{"name":"wp","href":"https:\/\/api.w.org\/{rel}","templated":true}]}}