{"id":295,"date":"2022-10-20T21:24:11","date_gmt":"2022-10-20T21:24:11","guid":{"rendered":"http:\/\/sloveniaprivatetours.com\/?page_id=295"},"modified":"2023-11-07T11:49:27","modified_gmt":"2023-11-07T11:49:27","slug":"vores-chaufforer","status":"publish","type":"page","link":"https:\/\/sloveniaprivatetours.com\/da\/our-drivers\/","title":{"rendered":"Vores partnere"},"content":{"rendered":"<p><strong>Hvem er de?<\/strong><\/p>\n\n\n\n<p>Private chauff\u00f8rer hos Slovenia Private Tours er&nbsp;<strong>trov\u00e6rdige certificerede fagfolk<\/strong>&nbsp;Vi tager os af alt det n\u00f8dvendige og g\u00f8r din private rundrejse i Slovenien til en behagelig og stressfri oplevelse. De er meget&nbsp;<strong>p\u00e5lidelig<\/strong>, s\u00e5 du beh\u00f8ver aldrig at vente p\u00e5 dem - de vil v\u00e6re der, n\u00e5r du har brug for dem. Og bare rolig, selv om de udf\u00f8rer deres arbejde professionelt, er de ikke robotter. De er&nbsp;<strong>taler flydende engelsk og er meget kommunikativ<\/strong>, ikke kun for at sikre, at din private tur g\u00e5r glat, men ogs\u00e5 for at g\u00f8re den interessant og sjov.<\/p>\n\n\n\n<figure class=\"wp-block-image size-large\"><img decoding=\"async\" src=\"https:\/\/sloveniaprivatetours.com\/wp-content\/uploads\/taxi-driver-talking-to-a-female-passenger-in-car-stockpack-adobe-stock-1024x683.webp\" alt=\"Taxachauff\u00f8r taler med en kvindelig passager i bilen\" class=\"wp-image-516\"\/><figcaption class=\"wp-element-caption\">Vores professionelle chauff\u00f8rer garanterer et sikkert og behageligt milj\u00f8<\/figcaption><\/figure>\n\n\n\n<p><strong>Hvad kan de g\u00f8re for dig?<\/strong><\/p>\n\n\n\n<p>De vil&nbsp;<strong>vise dig de bedste steder i Slovenien<\/strong>, der f\u00f8rer dig derhen, hvor du allerede har planlagt at tage hen, eller foresl\u00e5r nye destinationer. De er lokale, der kender Slovenien som deres egen bukselomme, hvilket betyder, at de altid kan&nbsp;<strong>tilpasse rejsen til dig undervejs<\/strong>. Ingen badepauser eller fotomuligheder vil blive savnet. Du vil ogs\u00e5 f\u00e5 en masse at vide om Slovenien og de destinationer, du bes\u00f8ger. Og n\u00e5r du f\u00f8ler dig sulten, kan chauff\u00f8ren foresl\u00e5 restauranter og andre spisesteder, hvor du kan pr\u00f8ve det lokale k\u00f8kken.<\/p>\n\n\n\n<figure class=\"wp-block-image size-large\"><img loading=\"lazy\" decoding=\"async\" width=\"1024\" height=\"683\" src=\"https:\/\/sloveniaprivatetours.com\/wp-content\/uploads\/wine-tasting-1024x683.webp\" alt=\"\" class=\"wp-image-412\" srcset=\"https:\/\/sloveniaprivatetours.com\/wp-content\/uploads\/wine-tasting-1024x683.webp 1024w, https:\/\/sloveniaprivatetours.com\/wp-content\/uploads\/wine-tasting-300x200.webp 300w, https:\/\/sloveniaprivatetours.com\/wp-content\/uploads\/wine-tasting-768x512.webp 768w, https:\/\/sloveniaprivatetours.com\/wp-content\/uploads\/wine-tasting-1536x1024.webp 1536w, https:\/\/sloveniaprivatetours.com\/wp-content\/uploads\/wine-tasting-2048x1365.webp 2048w, https:\/\/sloveniaprivatetours.com\/wp-content\/uploads\/wine-tasting-18x12.webp 18w, https:\/\/sloveniaprivatetours.com\/wp-content\/uploads\/wine-tasting-scaled.webp 1920w\" sizes=\"auto, (max-width: 1024px) 100vw, 1024px\" \/><figcaption class=\"wp-element-caption\">F\u00e5 eksklusiv adgang til de fineste mad- og vinoplevelser i Slovenien  <\/figcaption><\/figure>\n\n\n\n<p><strong>Hvad er fordelene ved en tur med privatchauff\u00f8r i Slovenien?<\/strong><\/p>\n\n\n\n<p>Bortset fra alle de \u00e5benlyse fordele, vi allerede har n\u00e6vnt ovenfor, tilbyder private chauff\u00f8rer ogs\u00e5 andre ikke s\u00e5 \u00e5benlyse fordele. At tage p\u00e5 en tur i et fremmed land p\u00e5 egen h\u00e5nd byder p\u00e5 udfordringer som ukendte og&nbsp;<strong>komplicerede f\u00e6rdselsregler<\/strong>, finde bekvemme tankstationer, og&nbsp;<strong>billige parkeringspladser<\/strong>. P\u00e5 en tur med din egen private chauff\u00f8r kan du&nbsp;<strong>beh\u00f8ver ikke at bekymre dig<\/strong>&nbsp;om noget af det. Og n\u00e5r der opst\u00e5r en n\u00f8dsituation, og det ville v\u00e6re perfekt at kende en lokal, vil vores privatchauff\u00f8r v\u00e6re der for at hj\u00e6lpe.<\/p>","protected":false},"excerpt":{"rendered":"<p>Hvem er de? De private chauff\u00f8rer hos Slovenia Private Tours er trov\u00e6rdige, certificerede fagfolk, der tager sig af alt det n\u00f8dvendige og g\u00f8r din private tur i Slovenien til en forn\u00f8jelig og stressfri oplevelse. De er meget p\u00e5lidelige, s\u00e5 du beh\u00f8ver aldrig at vente p\u00e5 dem - de vil v\u00e6re der, n\u00e5r du har brug for dem. Og bare rolig, selv om de ... <a href=\"https:\/\/sloveniaprivatetours.com\/da\/our-drivers\/\">Fortsat<\/a><\/p>","protected":false},"author":45,"featured_media":518,"parent":0,"menu_order":0,"comment_status":"closed","ping_status":"closed","template":"","meta":{"_acf_changed":false,"footnotes":""},"class_list":["post-295","page","type-page","status-publish","has-post-thumbnail","hentry"],"acf":{"page_subheading":"Get to know why you should trust our guides, drivers, and partners to make your private tour in Slovenia an unforgettable experience."},"_links":{"self":[{"href":"https:\/\/sloveniaprivatetours.com\/da\/wp-json\/wp\/v2\/pages\/295","targetHints":{"allow":["GET"]}}],"collection":[{"href":"https:\/\/sloveniaprivatetours.com\/da\/wp-json\/wp\/v2\/pages"}],"about":[{"href":"https:\/\/sloveniaprivatetours.com\/da\/wp-json\/wp\/v2\/types\/page"}],"author":[{"embeddable":true,"href":"https:\/\/sloveniaprivatetours.com\/da\/wp-json\/wp\/v2\/users\/45"}],"replies":[{"embeddable":true,"href":"https:\/\/sloveniaprivatetours.com\/da\/wp-json\/wp\/v2\/comments?post=295"}],"version-history":[{"count":7,"href":"https:\/\/sloveniaprivatetours.com\/da\/wp-json\/wp\/v2\/pages\/295\/revisions"}],"predecessor-version":[{"id":519,"href":"https:\/\/sloveniaprivatetours.com\/da\/wp-json\/wp\/v2\/pages\/295\/revisions\/519"}],"wp:featuredmedia":[{"embeddable":true,"href":"https:\/\/sloveniaprivatetours.com\/da\/wp-json\/wp\/v2\/media\/518"}],"wp:attachment":[{"href":"https:\/\/sloveniaprivatetours.com\/da\/wp-json\/wp\/v2\/media?parent=295"}],"curies":[{"name":"wp","href":"https:\/\/api.w.org\/{rel}","templated":true}]}}