{"id":300,"date":"2022-10-20T21:27:09","date_gmt":"2022-10-20T21:27:09","guid":{"rendered":"http:\/\/sloveniaprivatetours.com\/?page_id=300"},"modified":"2023-10-11T08:03:47","modified_gmt":"2023-10-11T08:03:47","slug":"om-slovenien","status":"publish","type":"page","link":"https:\/\/sloveniaprivatetours.com\/da\/about-slovenia\/","title":{"rendered":"Om Slovenien"},"content":{"rendered":"<p>Det er ikke tilf\u00e6ldigt, at den globale rejsebog Lonely Planet har placeret Slovenien i sin&nbsp;<strong>top 5 over steder at bes\u00f8ge i 2022<\/strong>. Slovenien er et lille land fuld af&nbsp;<strong>mangfoldighed<\/strong>. Du kan nyde bjergene, havet, de pannoniske sletter, de store skove og de vinproducerende bakker p\u00e5 kun en dag. Og ikke kun det; det er en&nbsp;<strong>gr\u00f8nt land<\/strong>&nbsp;kendetegnet ved sin konstante str\u00e6ben efter b\u00e6redygtighed i sit gr\u00f8nne milj\u00f8 og sin rige kultur.<\/p>\n\n\n\n<figure class=\"wp-block-image size-large\"><img decoding=\"async\" src=\"https:\/\/sloveniaprivatetours.com\/wp-content\/uploads\/watersport-in-soca-river-bobec-slovenia-stockpack-adobe-stock-1024x576.webp\" alt=\"Vandsport i Soca-floden, Bobec, Slovenien\" class=\"wp-image-493\"\/><figcaption class=\"wp-element-caption\">So\u010da-floden er en must-visit destination for eventyrere<\/figcaption><\/figure>\n\n\n\n<p>Slovenien er et paradis&nbsp;<strong>for elskere af udend\u00f8rs eventyr<\/strong>. Vandreture er det foretrukne lokale tidsfordriv, mens cykling og skil\u00f8b om vinteren ikke er langt bagefter. Og s\u00e5 er der ogs\u00e5 krystalklare floder som So\u010da, hvor man kan pr\u00f8ve alt fra rafting til canyoning. Hvert eneste varierede landskab i Slovenien er en legeplads for mange slags udend\u00f8rs aktiviteter.<\/p>\n\n\n\n<figure class=\"wp-block-image size-large\"><img decoding=\"async\" src=\"https:\/\/sloveniaprivatetours.com\/wp-content\/uploads\/old-town-and-the-medieval-ljubljana-castle-on-top-of-a-forest-hill-in-ljubljana-slovenia-stockpack-adobe-stock-1024x379.webp\" alt=\"Den gamle bydel og middelalderslottet Ljubljana p\u00e5 toppen af en skovbakke i Ljubljana, Slovenien\" class=\"wp-image-490\"\/><figcaption class=\"wp-element-caption\">Ljubljana er hovedstad i Slovenien<\/figcaption><\/figure>\n\n\n\n<p>Selv om du m\u00e5ske tror det, er det ikke alt det smukke i dette gr\u00f8nne land, der kommer fra naturen. Den menneskelige aktivitet i Slovenien er i harmoni med naturen, men den skiller sig ogs\u00e5 ud. Den&nbsp;<strong>landets historie er rig p\u00e5 forskellige p\u00e5virkninger<\/strong>, hvilket g\u00f8r kulturen s\u00e6rlig levende og mangfoldig. Arkitekturen afspejler dette - lige fra de venetianske kystbyer, de gotiske kirker i de julianske alper, art nouveau-bygningerne i Ljubljana og meget mere.<\/p>\n\n\n\n<figure class=\"wp-block-image size-large\"><img decoding=\"async\" src=\"https:\/\/sloveniaprivatetours.com\/wp-content\/uploads\/traditional-slovenian-cake-with-layers-exquisite-sweet-dessert-a-traditional-cake-from-prekmurje-with-poppy-seeds-nuts-cottage-cheese-and-apple-layers-called-prekmurska-gibanica-stockpack-adobe-stock-1024x684.webp\" alt=\"Traditionel slovensk lagkage - Uds\u00f8gt s\u00f8d dessert, en traditionel kage fra Prekmurje med valmuefr\u00f8, n\u00f8dder, hytteost og \u00e6blelag, kaldet Prekmurska gibanica.\" class=\"wp-image-495\"\/><figcaption class=\"wp-element-caption\">Prekmurska gibanica best\u00e5r af 19 lag af smag <\/figcaption><\/figure>\n\n\n\n<p>Den samme slags blanding kan findes i Sloveniens k\u00f8kken. Ved at l\u00e5ne noget fra hvert af sine naboer - \u00d8strig, Italien, Ungarn og Balkanlandene - har landet skabt sine egne unikke retter, som er meget t\u00e6t forbundet med det landskab, de er lavet i. Dette g\u00f8r Slovenien til et&nbsp;<strong>fantastisk destination for alle madelskere<\/strong>, og derfor blev den ogs\u00e5 kaldt den&nbsp;<strong>Europ\u00e6isk region for gastronomi i 2021<\/strong>. Retter som den krydrede Carniola-p\u00f8lse, den s\u00f8de \"\u0160truklji\" eller den dejlige \"Potica\" er alle v\u00e6rd at pr\u00f8ve p\u00e5 dit bes\u00f8g i Slovenien.<\/p>","protected":false},"excerpt":{"rendered":"<p>Det er ikke tilf\u00e6ldigt, at den globale rejsebog Lonely Planet har placeret Slovenien i sin top 5 over steder, man b\u00f8r bes\u00f8ge i 2022. Slovenien er et lille land fuld af mangfoldighed. Du kan nyde bjergene, havet, de pannoniske sletter, de store skove og de vinproducerende bakker p\u00e5 bare en dag. Og ikke nok med det: Det er et gr\u00f8nt ... <a href=\"https:\/\/sloveniaprivatetours.com\/da\/about-slovenia\/\">Fortsat<\/a><\/p>","protected":false},"author":45,"featured_media":135,"parent":0,"menu_order":0,"comment_status":"closed","ping_status":"closed","template":"","meta":{"_acf_changed":false,"footnotes":""},"class_list":["post-300","page","type-page","status-publish","has-post-thumbnail","hentry"],"acf":{"page_subheading":"Slovenia, where the magic of Alpine wonders beautifully merges with Mediterranean charm, and every journey unveils an enchanting discovery."},"_links":{"self":[{"href":"https:\/\/sloveniaprivatetours.com\/da\/wp-json\/wp\/v2\/pages\/300","targetHints":{"allow":["GET"]}}],"collection":[{"href":"https:\/\/sloveniaprivatetours.com\/da\/wp-json\/wp\/v2\/pages"}],"about":[{"href":"https:\/\/sloveniaprivatetours.com\/da\/wp-json\/wp\/v2\/types\/page"}],"author":[{"embeddable":true,"href":"https:\/\/sloveniaprivatetours.com\/da\/wp-json\/wp\/v2\/users\/45"}],"replies":[{"embeddable":true,"href":"https:\/\/sloveniaprivatetours.com\/da\/wp-json\/wp\/v2\/comments?post=300"}],"version-history":[{"count":11,"href":"https:\/\/sloveniaprivatetours.com\/da\/wp-json\/wp\/v2\/pages\/300\/revisions"}],"predecessor-version":[{"id":500,"href":"https:\/\/sloveniaprivatetours.com\/da\/wp-json\/wp\/v2\/pages\/300\/revisions\/500"}],"wp:featuredmedia":[{"embeddable":true,"href":"https:\/\/sloveniaprivatetours.com\/da\/wp-json\/wp\/v2\/media\/135"}],"wp:attachment":[{"href":"https:\/\/sloveniaprivatetours.com\/da\/wp-json\/wp\/v2\/media?parent=300"}],"curies":[{"name":"wp","href":"https:\/\/api.w.org\/{rel}","templated":true}]}}