{"id":108,"date":"2022-02-22T09:48:06","date_gmt":"2022-02-22T09:48:06","guid":{"rendered":"http:\/\/sloveniaprivatetours.com\/about-us\/"},"modified":"2024-06-11T10:05:35","modified_gmt":"2024-06-11T10:05:35","slug":"uber-uns","status":"publish","type":"page","link":"https:\/\/sloveniaprivatetours.com\/de\/about-us\/","title":{"rendered":"\u00dcber uns"},"content":{"rendered":"<p>M\u00f6chten Sie Slowenien besuchen, aber Sie sind kein Fan davon, in gro\u00dfen Gruppen von Touristen zu reisen? Haben Sie sich schon einmal gefragt, wie besser es w\u00e4re, wenn Sie einen slowenischen Freund h\u00e4tten, der Ihnen die Stadt zeigen k\u00f6nnte?<\/p>\n\n\n\n<p>Nun, jetzt wissen Sie es!<\/p>\n\n\n\n<p>Wir f\u00fchren Sie in einem komfortablen Fahrzeug durch das Land und zeigen Ihnen einige der wichtigsten Sehensw\u00fcrdigkeiten, ohne die Hektik und den Trubel des Massentourismus.<\/p>\n\n\n\n<h2 class=\"wp-block-heading\">Wir sind stolz darauf, unsere Leidenschaft und unser Wissen \u00fcber Slowenien zu teilen.<\/h2>\n\n\n\n<p>Als einer der Reiseanbieter unter der Dachmarke von <a href=\"https:\/\/slovenia-discovery.com\/\">Slowenien Entdeckung<\/a>Wir sorgen daf\u00fcr, dass unsere Kunden unsere privaten Touren in vollen Z\u00fcgen genie\u00dfen k\u00f6nnen. Slovenia Discovery ist ein Spezialist f\u00fcr Incoming-Touristen in Slowenien und bietet spannende Touren, lustige Aktivit\u00e4ten und andere unvergessliche Erlebnisse f\u00fcr jeden, der unser Land besucht.<\/p>\n\n\n\n<p>Wir sind ein <strong>einheimisches Team von professionellen und weitgereisten Reiseleitern und privaten Fahrern<\/strong> bereit, unsere Leidenschaft und unser Wissen \u00fcber Slowenien mit Ihnen zu teilen. Da wir in Slowenien geboren und aufgewachsen sind und mehrere Jahre Erfahrung im Tourismus haben, kennen wir das Land wie unsere Westentasche. Kombiniert mit unserer freundlichen Ausstrahlung und unseren guten Englischkenntnissen wird jede private Reise mit uns zu einem unterhaltsamen und angenehmen Erlebnis.<\/p>\n\n\n\n<h2 class=\"wp-block-heading\">Erschwinglich und zuverl\u00e4ssig<\/h2>\n\n\n\n<p>Was uns von anderen privaten Reiseanbietern in Slowenien unterscheidet, ist, dass wir arbeiten <strong>ohne Zwischenh\u00e4ndler<\/strong> - sind nur Sie und wir. Abgesehen von den lokalen Anbietern, mit denen wir eng zusammenarbeiten und die Ihnen Zugang zu einigen der sch\u00f6nsten Orte in Slowenien verschaffen, gibt es niemanden sonst. Dies macht unsere Touren viel mehr <strong>erschwinglich<\/strong> und passen f\u00fcr jede Brieftaschengr\u00f6\u00dfe.<\/p>\n\n\n\n<p>Wir sind auch ein <strong>verl\u00e4sslich, voll b\u00fcrgschaftsgebunden und finanziell abgesichert<\/strong> Unternehmen. Ein Freund aus Slowenien k\u00f6nnte krank werden und die Reise mit Ihnen absagen, aber das ist bei uns nicht der Fall. Wenn wir das Datum und den Plan f\u00fcr Ihre private Tour festlegen, sind wir da und bereit, diese zu einer Ihrer besten Touren in einem fremden Land zu machen.&nbsp;<\/p>\n\n\n\n<h2 class=\"wp-block-heading\">Slowenien auf Tastendruck<\/h2>\n\n\n\n<p>Was auch immer Ihre W\u00fcnsche und Vorstellungen f\u00fcr eine Reise durch Slowenien sind, wir werden unser Bestes geben, um sie zu verwirklichen. Unser <strong>Kunden sind unser Hauptaugenmerk<\/strong>Das ist das Wichtigste, worauf wir stolz sind.<\/p>\n\n\n\n<p>Worauf warten Sie also noch? Haben Sie schon entschieden, was Sie in Slowenien machen wollen? Falls nicht, <a href=\"https:\/\/sloveniaprivatetours.com\/de\/kontaktieren-sie-uns\/\">kontaktieren Sie uns<\/a>und wir planen mit Ihnen die perfekte Slowenien Privatreise.<\/p>\n\n\n\n<p>Wenn Sie lieber mehr Zeit mit uns verbringen m\u00f6chten, k\u00f6nnen Sie sich in unserem <a href=\"https:\/\/slovenialuxuryholidays.com\/\">Slowenien Luxusurlaub<\/a> oder kombinieren Sie sie mit Sport bei <a href=\"https:\/\/golf-slovenia.com\/\">Golf Slowenien<\/a>.<\/p>\n\n\n\n<figure class=\"wp-block-embed is-type-video is-provider-youtube wp-block-embed-youtube wp-embed-aspect-16-9 wp-has-aspect-ratio\"><div class=\"wp-block-embed__wrapper\">\n<iframe loading=\"lazy\" title=\"Slowenien. Ein Ort, an dem ich frei bin, meinen eigenen Weg zu gehen. \ud83d\udc9a\" width=\"500\" height=\"281\" src=\"https:\/\/www.youtube.com\/embed\/3yNcd_djN3g?start=1&#038;feature=oembed\" frameborder=\"0\" allow=\"accelerometer; autoplay; clipboard-write; encrypted-media; gyroscope; picture-in-picture; web-share\" referrerpolicy=\"strict-origin-when-cross-origin\" allowfullscreen><\/iframe>\n<\/div><\/figure>","protected":false},"excerpt":{"rendered":"<p>M\u00f6chten Sie Slowenien besuchen, aber Sie sind kein Fan davon, in gro\u00dfen Touristengruppen zu reisen? Haben Sie sich schon einmal gefragt, wie sch\u00f6n es w\u00e4re, wenn Sie einen slowenischen Freund h\u00e4tten, der Sie herumf\u00fchren k\u00f6nnte? Nun, jetzt haben Sie einen! Wir sind hier, um Sie durch das Land zu f\u00fchren, in einem ... <a href=\"https:\/\/sloveniaprivatetours.com\/de\/about-us\/\">Fortsetzung<\/a><\/p>","protected":false},"author":45,"featured_media":109,"parent":0,"menu_order":0,"comment_status":"open","ping_status":"open","template":"","meta":{"_acf_changed":false,"footnotes":""},"class_list":["post-108","page","type-page","status-publish","has-post-thumbnail","hentry"],"acf":{"page_subheading":"Slovenia Private Tours provides personalised private tours of the best attractions in Slovenia in the company of our professional drivers."},"_links":{"self":[{"href":"https:\/\/sloveniaprivatetours.com\/de\/wp-json\/wp\/v2\/pages\/108","targetHints":{"allow":["GET"]}}],"collection":[{"href":"https:\/\/sloveniaprivatetours.com\/de\/wp-json\/wp\/v2\/pages"}],"about":[{"href":"https:\/\/sloveniaprivatetours.com\/de\/wp-json\/wp\/v2\/types\/page"}],"author":[{"embeddable":true,"href":"https:\/\/sloveniaprivatetours.com\/de\/wp-json\/wp\/v2\/users\/45"}],"replies":[{"embeddable":true,"href":"https:\/\/sloveniaprivatetours.com\/de\/wp-json\/wp\/v2\/comments?post=108"}],"version-history":[{"count":20,"href":"https:\/\/sloveniaprivatetours.com\/de\/wp-json\/wp\/v2\/pages\/108\/revisions"}],"predecessor-version":[{"id":560,"href":"https:\/\/sloveniaprivatetours.com\/de\/wp-json\/wp\/v2\/pages\/108\/revisions\/560"}],"wp:featuredmedia":[{"embeddable":true,"href":"https:\/\/sloveniaprivatetours.com\/de\/wp-json\/wp\/v2\/media\/109"}],"wp:attachment":[{"href":"https:\/\/sloveniaprivatetours.com\/de\/wp-json\/wp\/v2\/media?parent=108"}],"curies":[{"name":"wp","href":"https:\/\/api.w.org\/{rel}","templated":true}]}}