{"id":130,"date":"2022-06-28T13:11:17","date_gmt":"2022-06-28T13:11:17","guid":{"rendered":"http:\/\/sloveniaprivatetours.com\/partners\/"},"modified":"2022-11-02T09:43:48","modified_gmt":"2022-11-02T09:43:48","slug":"partner","status":"publish","type":"page","link":"https:\/\/sloveniaprivatetours.com\/de\/partners\/","title":{"rendered":"Partner"},"content":{"rendered":"<p><strong><a href=\"https:\/\/wine-tours-slovenia.com\/\" target=\"_blank\" rel=\"noreferrer noopener\">WEINTOUREN SLOWENIEN<\/a><\/strong><\/p>\n\n\n\n<p>Die Weintouren sind sowohl f\u00fcr Anf\u00e4nger als auch f\u00fcr erfahrene Weinverkoster geeignet. Sie brauchen keine Vorkenntnisse. Das Einzige, was Sie brauchen, ist der Wunsch, sich zu entspannen, Wein zu trinken und noch mehr zu entspannen.<\/p>\n\n\n\n<p>Es gibt keine bessere M\u00f6glichkeit, die reiche slowenische Weinbautradition aus erster Hand zu erfahren, Kontakte zu kn\u00fcpfen und die Natur an einem einzigen Tag zu genie\u00dfen.<\/p>\n\n\n\n<p><strong><a href=\"https:\/\/bearwatchingslovenia.com\/\" target=\"_blank\" rel=\"noreferrer noopener\">B\u00c4RENBEOBACHTUNG SLOWENIEN<\/a><\/strong><\/p>\n\n\n\n<p>Erleben Sie den Nervenkitzel einer B\u00e4renbeobachtung in den unber\u00fchrten Naturw\u00e4ldern Sloweniens. Folgen Sie einem Wildtierexperten tief in den Wald, wo Sie Sloweniens einheimischen Braunb\u00e4ren durch die gro\u00dfen Fenster eines sicheren h\u00f6lzernen Aussichtspunkts begegnen - perfekt, um tolle Fotos zu machen.<\/p>\n\n\n\n<p><strong><a href=\"https:\/\/farmlifeslovenia.com\/\" target=\"_blank\" rel=\"noreferrer noopener\">LANDLEBEN SLOWENIEN<\/a><\/strong><\/p>\n\n\n\n<p>Verbringen Sie einen Tag auf einem typisch slowenischen Bauernhof, wo Sie eine Reihe von Aktivit\u00e4ten aus erster Hand sehen und erleben k\u00f6nnen. Je nach Jahreszeit k\u00f6nnen Sie bei der Feldarbeit, dem Sch\u00e4len von Mais, dem Sammeln von Eiern, dem Backen von Brot, der Imkerei usw. mitmachen.<\/p>\n\n\n\n<p><strong><a href=\"https:\/\/shoreexcursionskoper.com\/\" target=\"_blank\" rel=\"noreferrer noopener\">LANDAUSFL\u00dcGE KOPER<\/a><\/strong><\/p>\n\n\n\n<p>Die besten gef\u00fchrten Landausfl\u00fcge ab Koper in Slowenien, um sowohl die Hauptattraktionen als auch die versteckten Juwelen zu entdecken.<\/p>\n\n\n\n<p><a href=\"https:\/\/triglavtours.com\/\" target=\"_blank\" rel=\"noreferrer noopener\"><strong>TRIGLAV TOURS<\/strong><\/a><\/p>\n\n\n\n<p>Gef\u00fchrte Wanderungen auf Sloweniens h\u00f6chsten Berg<\/p>\n\n\n\n<p><strong><a href=\"https:\/\/thebalkantours.com\/\" target=\"_blank\" rel=\"noreferrer noopener\">DIE BALKAN-REISEN<\/a><\/strong><\/p>\n\n\n\n<p>Unvergessliche Ferien in den Balkanl\u00e4ndern.<\/p>\n\n\n\n<p><strong><a href=\"https:\/\/shoreexcursionskoper.com\/\" target=\"_blank\" rel=\"noreferrer noopener\">LANDAUSFL\u00dcGE KOPER<\/a><\/strong><\/p>\n\n\n\n<p>Die besten gef\u00fchrten Landausfl\u00fcge ab Koper in Slowenien, um sowohl die Hauptattraktionen als auch die versteckten Juwelen zu entdecken.<\/p>\n\n\n\n<p><a href=\"https:\/\/sloveniawedding.com\/\" target=\"_blank\" rel=\"noreferrer noopener\"><strong>SLOWENIEN HOCHZEIT<\/strong><\/a><\/p>\n\n\n\n<p>Eine Vielzahl fantastischer Hochzeitspakete und wundersch\u00f6ner Veranstaltungsorte in ganz Slowenien.<\/p>\n\n\n\n<p><a href=\"https:\/\/sloveniatours.com\/\" target=\"_blank\" rel=\"noreferrer noopener\"><strong>SLOWENIEN-TOUREN<\/strong><\/a><\/p>\n\n\n\n<p>Mehrt\u00e4gige gef\u00fchrte Touren nach Slowenien, um sowohl die Top-Attraktionen als auch verborgene Sch\u00e4tze zu entdecken. Ob gem\u00fctlich oder aktiv, die \u00f6rtlichen Reiseleiter begleiten Sie auf Ihrer Reise durch das Beste von Slowenien.<\/p>\n\n\n\n<p><strong><a href=\"https:\/\/sloveniacyclingholidays.com\/\" target=\"_blank\" rel=\"noreferrer noopener\">SLOWENIEN RADURLAUB<\/a><\/strong><\/p>\n\n\n\n<p>Cycling Holidays Slovenia ist eine aufstrebende Incoming-Reiseagentur, die es sich zur Aufgabe gemacht hat, ihren Kunden die M\u00f6glichkeit zu geben, die vielf\u00e4ltigen Landschaften Sloweniens mit dem Fahrrad zu erleben.<\/p>\n\n\n\n<p><strong><a href=\"https:\/\/huttohuthikingslovenia.com\/\" target=\"_blank\" rel=\"noreferrer noopener\">H\u00dcTTE ZU H\u00dcTTE WANDERN SLOWENIEN<\/a><\/strong><\/p>\n\n\n\n<p>Gef\u00fchrte und selbst\u00e4ndige Wanderungen auf Bergpfaden mit Blick auf die Alpengipfel und die umliegende Natur, Einkehr in H\u00fctten und Genuss von hausgemachten Speisen.&nbsp;<\/p>\n\n\n\n<p><strong><a href=\"https:\/\/walking-holidays-slovenia.com\/\" target=\"_blank\" rel=\"noreferrer noopener\">WANDERURLAUB SLOWENIEN<\/a><\/strong><\/p>\n\n\n\n<p>Die Wandertouren f\u00fchren die G\u00e4ste durch die gr\u00fcnen Landschaften Sloweniens, durch saftige T\u00e4ler und smaragdgr\u00fcne Fl\u00fcsse vor der Kulisse der Berge.<\/p>\n\n\n\n<p><strong><a href=\"https:\/\/hvarstagdo.com\/\" target=\"_blank\" rel=\"noreferrer noopener\">HVAR STAG DO<\/a><\/strong><\/p>\n\n\n\n<p>Der beste Ort, um einen unvergesslichen Junggesellenabschied auf der unglaublichen Insel Hvar zu organisieren, um Ihrem Freund ein paar letzte Partyn\u00e4chte zu schenken, bevor er den Bund der Ehe schlie\u00dft.<\/p>\n\n\n\n<p><strong><a href=\"https:\/\/croatiatunafishing.com\/\" target=\"_blank\" rel=\"noreferrer noopener\">THUNFISCHFANG IN KROATIEN<\/a><\/strong><\/p>\n\n\n\n<p>Gro\u00dfwildangeln an der gesamten kroatischen K\u00fcste mit einem unvergesslichen Angelerlebnis, um die gr\u00f6\u00dften Raubtiere der Adria zu fangen.<\/p>\n\n\n\n<p><a href=\"https:\/\/slovenia-activities.com\/\" target=\"_blank\" rel=\"noreferrer noopener\"><strong>SLOWENIEN AKTIVIT\u00c4TEN<\/strong><\/a><\/p>\n\n\n\n<p>Eine gro\u00dfe Auswahl der besten Aktivit\u00e4ten in Slowenien, von Radfahren, Wandern, Winteraktivit\u00e4ten, Klettern, H\u00f6hlenforschung, Canyoning, Rafting und anderen Outdoor-Aktivit\u00e4ten.<\/p>","protected":false},"excerpt":{"rendered":"<p>WINE TOURS SLOVENIA Weinreisen sind sowohl f\u00fcr Anf\u00e4nger als auch f\u00fcr erfahrene Weinverkoster geeignet. Sie brauchen keine Vorkenntnisse. Das Einzige, was man braucht, ist der Wunsch, sich zu entspannen, Wein zu trinken und noch mehr zu entspannen. Es gibt keine bessere Art und Weise, die reiche Weinbautradition Sloweniens aus erster Hand zu erleben, mit anderen Reisenden in Kontakt zu kommen und die Erzeugnisse zu probieren ... <a href=\"https:\/\/sloveniaprivatetours.com\/de\/partners\/\">Fortsetzung<\/a><\/p>","protected":false},"author":45,"featured_media":111,"parent":0,"menu_order":0,"comment_status":"open","ping_status":"open","template":"","meta":{"_acf_changed":false,"footnotes":""},"class_list":["post-130","page","type-page","status-publish","has-post-thumbnail","hentry"],"acf":{"page_subheading":"We are stronger together."},"_links":{"self":[{"href":"https:\/\/sloveniaprivatetours.com\/de\/wp-json\/wp\/v2\/pages\/130","targetHints":{"allow":["GET"]}}],"collection":[{"href":"https:\/\/sloveniaprivatetours.com\/de\/wp-json\/wp\/v2\/pages"}],"about":[{"href":"https:\/\/sloveniaprivatetours.com\/de\/wp-json\/wp\/v2\/types\/page"}],"author":[{"embeddable":true,"href":"https:\/\/sloveniaprivatetours.com\/de\/wp-json\/wp\/v2\/users\/45"}],"replies":[{"embeddable":true,"href":"https:\/\/sloveniaprivatetours.com\/de\/wp-json\/wp\/v2\/comments?post=130"}],"version-history":[{"count":2,"href":"https:\/\/sloveniaprivatetours.com\/de\/wp-json\/wp\/v2\/pages\/130\/revisions"}],"predecessor-version":[{"id":333,"href":"https:\/\/sloveniaprivatetours.com\/de\/wp-json\/wp\/v2\/pages\/130\/revisions\/333"}],"wp:featuredmedia":[{"embeddable":true,"href":"https:\/\/sloveniaprivatetours.com\/de\/wp-json\/wp\/v2\/media\/111"}],"wp:attachment":[{"href":"https:\/\/sloveniaprivatetours.com\/de\/wp-json\/wp\/v2\/media?parent=130"}],"curies":[{"name":"wp","href":"https:\/\/api.w.org\/{rel}","templated":true}]}}