{"id":295,"date":"2022-10-20T21:24:11","date_gmt":"2022-10-20T21:24:11","guid":{"rendered":"http:\/\/sloveniaprivatetours.com\/?page_id=295"},"modified":"2023-11-07T11:49:27","modified_gmt":"2023-11-07T11:49:27","slug":"unsere-fahrer","status":"publish","type":"page","link":"https:\/\/sloveniaprivatetours.com\/de\/our-drivers\/","title":{"rendered":"Unsere Partner"},"content":{"rendered":"<p><strong>Wer sind sie?<\/strong><\/p>\n\n\n\n<p>Die privaten Fahrer von Slovenia Private Tours sind&nbsp;<strong>vertrauensw\u00fcrdige zertifizierte Fachleute<\/strong>&nbsp;die sich um alles Notwendige k\u00fcmmern und Ihre private Tour in Slowenien zu einer angenehmen und stressfreien Erfahrung machen. Sie sind sehr&nbsp;<strong>zuverl\u00e4ssig<\/strong>So m\u00fcssen Sie nie auf sie warten - sie sind da, wenn Sie sie brauchen. Und keine Sorge, auch wenn sie ihre Arbeit professionell erledigen, sind sie keine Roboter. Sie sind&nbsp;<strong>flie\u00dfend in Englisch und sehr kommunikativ<\/strong>Wir sorgen nicht nur f\u00fcr einen reibungslosen Ablauf Ihrer privaten Tour, sondern auch f\u00fcr eine interessante und unterhaltsame Gestaltung.<\/p>\n\n\n\n<figure class=\"wp-block-image size-large\"><img decoding=\"async\" src=\"https:\/\/sloveniaprivatetours.com\/wp-content\/uploads\/taxi-driver-talking-to-a-female-passenger-in-car-stockpack-adobe-stock-1024x683.webp\" alt=\"Taxifahrer im Gespr\u00e4ch mit einem weiblichen Fahrgast im Auto\" class=\"wp-image-516\"\/><figcaption class=\"wp-element-caption\">Unsere professionellen Fahrer garantieren eine sichere und komfortable Umgebung<\/figcaption><\/figure>\n\n\n\n<p><strong>Was k\u00f6nnen sie f\u00fcr Sie tun?<\/strong><\/p>\n\n\n\n<p>Sie werden&nbsp;<strong>zeigen Ihnen die sch\u00f6nsten Orte in Slowenien<\/strong>Sie bringen Sie dorthin, wo Sie bereits geplant haben, oder schlagen Ihnen neue Ziele vor. Sie sind Einheimische, die Slowenien wie ihre Westentasche kennen und daher immer&nbsp;<strong>die Reise w\u00e4hrend der Fahrt f\u00fcr Sie anpassen<\/strong>. Keine Toilettenpause und kein Fototermin wird verpasst. Sie werden auch viel \u00fcber Slowenien und die Ziele erfahren, die Sie besuchen. Und wenn Sie Hunger versp\u00fcren, kann der Fahrer Ihnen Restaurants und andere gastronomische Einrichtungen empfehlen, in denen Sie die lokale K\u00fcche probieren k\u00f6nnen.<\/p>\n\n\n\n<figure class=\"wp-block-image size-large\"><img loading=\"lazy\" decoding=\"async\" width=\"1024\" height=\"683\" src=\"https:\/\/sloveniaprivatetours.com\/wp-content\/uploads\/wine-tasting-1024x683.webp\" alt=\"\" class=\"wp-image-412\" srcset=\"https:\/\/sloveniaprivatetours.com\/wp-content\/uploads\/wine-tasting-1024x683.webp 1024w, https:\/\/sloveniaprivatetours.com\/wp-content\/uploads\/wine-tasting-300x200.webp 300w, https:\/\/sloveniaprivatetours.com\/wp-content\/uploads\/wine-tasting-768x512.webp 768w, https:\/\/sloveniaprivatetours.com\/wp-content\/uploads\/wine-tasting-1536x1024.webp 1536w, https:\/\/sloveniaprivatetours.com\/wp-content\/uploads\/wine-tasting-2048x1365.webp 2048w, https:\/\/sloveniaprivatetours.com\/wp-content\/uploads\/wine-tasting-18x12.webp 18w, https:\/\/sloveniaprivatetours.com\/wp-content\/uploads\/wine-tasting-scaled.webp 1920w\" sizes=\"auto, (max-width: 1024px) 100vw, 1024px\" \/><figcaption class=\"wp-element-caption\">Exklusiver Zugang zu den besten kulinarischen und weinkundlichen Erlebnissen in Slowenien  <\/figcaption><\/figure>\n\n\n\n<p><strong>Was sind die Vorteile einer Tour mit einem privaten Fahrer in Slowenien?<\/strong><\/p>\n\n\n\n<p>Abgesehen von den offensichtlichen Vorteilen, die wir oben bereits erw\u00e4hnt haben, bieten private Fahrer auch andere, nicht so offensichtliche Vorteile. Eine Tour in einem fremden Land auf eigene Faust zu unternehmen, birgt Herausforderungen wie ungewohnte und&nbsp;<strong>komplizierte Verkehrsregeln<\/strong>die Suche nach g\u00fcnstigen Tankstellen und&nbsp;<strong>g\u00fcnstige Parkpl\u00e4tze<\/strong>. Bei einer Tour mit Ihrem eigenen Fahrer k\u00f6nnen Sie&nbsp;<strong>sich keine Sorgen machen m\u00fcssen<\/strong>&nbsp;\u00fcber all das. Und wann immer ein Notfall eintritt, und es w\u00e4re perfekt, einen Einheimischen zu kennen, wird unser privater Fahrer da sein, um zu helfen.<\/p>","protected":false},"excerpt":{"rendered":"<p>Wer sind sie? Die privaten Fahrer von Slovenia Private Tours sind vertrauensw\u00fcrdige, zertifizierte Fachleute, die sich um alles Notwendige k\u00fcmmern und Ihre private Tour in Slowenien zu einem angenehmen und stressfreien Erlebnis machen. Sie sind sehr zuverl\u00e4ssig, so dass Sie nie auf sie warten m\u00fcssen - sie werden da sein, wenn Sie sie brauchen. Und machen Sie sich keine Sorgen, auch wenn sie ... <a href=\"https:\/\/sloveniaprivatetours.com\/de\/our-drivers\/\">Fortsetzung<\/a><\/p>","protected":false},"author":45,"featured_media":518,"parent":0,"menu_order":0,"comment_status":"closed","ping_status":"closed","template":"","meta":{"_acf_changed":false,"footnotes":""},"class_list":["post-295","page","type-page","status-publish","has-post-thumbnail","hentry"],"acf":{"page_subheading":"Get to know why you should trust our guides, drivers, and partners to make your private tour in Slovenia an unforgettable experience."},"_links":{"self":[{"href":"https:\/\/sloveniaprivatetours.com\/de\/wp-json\/wp\/v2\/pages\/295","targetHints":{"allow":["GET"]}}],"collection":[{"href":"https:\/\/sloveniaprivatetours.com\/de\/wp-json\/wp\/v2\/pages"}],"about":[{"href":"https:\/\/sloveniaprivatetours.com\/de\/wp-json\/wp\/v2\/types\/page"}],"author":[{"embeddable":true,"href":"https:\/\/sloveniaprivatetours.com\/de\/wp-json\/wp\/v2\/users\/45"}],"replies":[{"embeddable":true,"href":"https:\/\/sloveniaprivatetours.com\/de\/wp-json\/wp\/v2\/comments?post=295"}],"version-history":[{"count":7,"href":"https:\/\/sloveniaprivatetours.com\/de\/wp-json\/wp\/v2\/pages\/295\/revisions"}],"predecessor-version":[{"id":519,"href":"https:\/\/sloveniaprivatetours.com\/de\/wp-json\/wp\/v2\/pages\/295\/revisions\/519"}],"wp:featuredmedia":[{"embeddable":true,"href":"https:\/\/sloveniaprivatetours.com\/de\/wp-json\/wp\/v2\/media\/518"}],"wp:attachment":[{"href":"https:\/\/sloveniaprivatetours.com\/de\/wp-json\/wp\/v2\/media?parent=295"}],"curies":[{"name":"wp","href":"https:\/\/api.w.org\/{rel}","templated":true}]}}