{"id":300,"date":"2022-10-20T21:27:09","date_gmt":"2022-10-20T21:27:09","guid":{"rendered":"http:\/\/sloveniaprivatetours.com\/?page_id=300"},"modified":"2023-10-11T08:03:47","modified_gmt":"2023-10-11T08:03:47","slug":"uber-slowenien","status":"publish","type":"page","link":"https:\/\/sloveniaprivatetours.com\/de\/about-slovenia\/","title":{"rendered":"\u00dcber Slowenien"},"content":{"rendered":"<p>Es ist kein Zufall, dass das weltweite Reisebuch Lonely Planet Slowenien in seine&nbsp;<strong>Die 5 besten Orte f\u00fcr einen Besuch im Jahr 2022<\/strong>. Slowenien ist ein kleines Land mit vielen&nbsp;<strong>Vielfalt<\/strong>. Sie k\u00f6nnen die Berge, das Meer, die pannonischen Ebenen, die ausgedehnten W\u00e4lder und die Weinberge in nur einem Tag genie\u00dfen. Und nicht nur das: Es ist ein&nbsp;<strong>gr\u00fcnes Land<\/strong>&nbsp;zeichnet sich durch sein st\u00e4ndiges Streben nach der Nachhaltigkeit seiner gr\u00fcnen Umwelt und seiner reichen Kultur aus.<\/p>\n\n\n\n<figure class=\"wp-block-image size-large\"><img decoding=\"async\" src=\"https:\/\/sloveniaprivatetours.com\/wp-content\/uploads\/watersport-in-soca-river-bobec-slovenia-stockpack-adobe-stock-1024x576.webp\" alt=\"Wassersport auf dem Fluss Soca, Bobec, Slowenien\" class=\"wp-image-493\"\/><figcaption class=\"wp-element-caption\">Der So\u010da-Fluss ist ein Muss f\u00fcr Abenteuerlustige<\/figcaption><\/figure>\n\n\n\n<p>Slowenien ist ein Paradies&nbsp;<strong>f\u00fcr Liebhaber von Outdoor-Abenteuern<\/strong>. Wandern und Spazierengehen sind die beliebtesten Freizeitbesch\u00e4ftigungen der Einheimischen, Radfahren und Skifahren im Winter sind nicht weit entfernt. Dann gibt es noch kristallklare Fl\u00fcsse wie die So\u010da, auf denen man alles von Rafting bis Canyoning ausprobieren kann. Jede abwechslungsreiche Landschaft in Slowenien ist ein Spielplatz f\u00fcr viele Arten von Outdoor-Aktivit\u00e4ten.<\/p>\n\n\n\n<figure class=\"wp-block-image size-large\"><img decoding=\"async\" src=\"https:\/\/sloveniaprivatetours.com\/wp-content\/uploads\/old-town-and-the-medieval-ljubljana-castle-on-top-of-a-forest-hill-in-ljubljana-slovenia-stockpack-adobe-stock-1024x379.webp\" alt=\"Altstadt und die mittelalterliche Burg von Ljubljana auf einem Waldh\u00fcgel in Ljubljana, Slowenien\" class=\"wp-image-490\"\/><figcaption class=\"wp-element-caption\">Ljubljana ist die Hauptstadt von Slowenien<\/figcaption><\/figure>\n\n\n\n<p>Man k\u00f6nnte meinen, dass nicht alles Sch\u00f6ne in diesem gr\u00fcnen Land von der Natur kommt. Die menschlichen Aktivit\u00e4ten in Slowenien stehen im Einklang mit ihr, heben sich aber auch von ihr ab. Die&nbsp;<strong>die Geschichte des Landes ist reich an verschiedenen Einfl\u00fcssen<\/strong>Das macht die Kultur besonders lebendig und vielf\u00e4ltig. Das spiegelt sich auch in der Architektur wider - von den venezianisch gepr\u00e4gten K\u00fcstenst\u00e4dten \u00fcber die gotischen Kirchen in den Julischen Alpen bis hin zu den Jugendstilbauten in Ljubljana und vielem mehr.<\/p>\n\n\n\n<figure class=\"wp-block-image size-large\"><img decoding=\"async\" src=\"https:\/\/sloveniaprivatetours.com\/wp-content\/uploads\/traditional-slovenian-cake-with-layers-exquisite-sweet-dessert-a-traditional-cake-from-prekmurje-with-poppy-seeds-nuts-cottage-cheese-and-apple-layers-called-prekmurska-gibanica-stockpack-adobe-stock-1024x684.webp\" alt=\"Traditioneller slowenischer Schichtkuchen - Exquisiter s\u00fc\u00dfer Nachtisch, ein traditioneller Kuchen aus Prekmurje mit Mohn, N\u00fcssen, Quark und Apfelschichten, genannt Prekmurska gibanica.\" class=\"wp-image-495\"\/><figcaption class=\"wp-element-caption\">Die Prekmurska gibanica besteht aus 19 Geschmacksschichten <\/figcaption><\/figure>\n\n\n\n<p>Eine solche Mischung findet sich auch in der slowenischen K\u00fcche. Mit Anleihen bei jedem seiner Nachbarn - \u00d6sterreich, Italien, Ungarn und dem Balkan - hat es seine eigenen, einzigartigen Gerichte entwickelt, die sehr stark mit der Landschaft verbunden sind, in der sie zubereitet werden. Das macht Slowenien zu einem&nbsp;<strong>gro\u00dfartiges Ziel f\u00fcr alle Feinschmecker<\/strong>Deshalb wurde sie auch als die&nbsp;<strong>Europ\u00e4ische Region der Gastronomie im Jahr 2021<\/strong>. Gerichte wie die herzhafte Krainer Wurst, die s\u00fc\u00dfe \"\u0160truklji\" oder die k\u00f6stliche \"Potica\" sind es wert, dass Sie sie bei Ihrem Besuch in Slowenien probieren.<\/p>","protected":false},"excerpt":{"rendered":"<p>Es ist kein Zufall, dass das globale Reisebuch Lonely Planet Slowenien in seine Top 5 der Reiseziele f\u00fcr 2022 aufgenommen hat. Slowenien ist ein kleines Land voller Vielfalt. Man kann die Berge, das Meer, die pannonischen Ebenen, die ausgedehnten W\u00e4lder und die Weinberge in nur einem Tag genie\u00dfen. Und nicht nur das: Es ist ein gr\u00fcnes ... <a href=\"https:\/\/sloveniaprivatetours.com\/de\/about-slovenia\/\">Fortsetzung<\/a><\/p>","protected":false},"author":45,"featured_media":135,"parent":0,"menu_order":0,"comment_status":"closed","ping_status":"closed","template":"","meta":{"_acf_changed":false,"footnotes":""},"class_list":["post-300","page","type-page","status-publish","has-post-thumbnail","hentry"],"acf":{"page_subheading":"Slovenia, where the magic of Alpine wonders beautifully merges with Mediterranean charm, and every journey unveils an enchanting discovery."},"_links":{"self":[{"href":"https:\/\/sloveniaprivatetours.com\/de\/wp-json\/wp\/v2\/pages\/300","targetHints":{"allow":["GET"]}}],"collection":[{"href":"https:\/\/sloveniaprivatetours.com\/de\/wp-json\/wp\/v2\/pages"}],"about":[{"href":"https:\/\/sloveniaprivatetours.com\/de\/wp-json\/wp\/v2\/types\/page"}],"author":[{"embeddable":true,"href":"https:\/\/sloveniaprivatetours.com\/de\/wp-json\/wp\/v2\/users\/45"}],"replies":[{"embeddable":true,"href":"https:\/\/sloveniaprivatetours.com\/de\/wp-json\/wp\/v2\/comments?post=300"}],"version-history":[{"count":11,"href":"https:\/\/sloveniaprivatetours.com\/de\/wp-json\/wp\/v2\/pages\/300\/revisions"}],"predecessor-version":[{"id":500,"href":"https:\/\/sloveniaprivatetours.com\/de\/wp-json\/wp\/v2\/pages\/300\/revisions\/500"}],"wp:featuredmedia":[{"embeddable":true,"href":"https:\/\/sloveniaprivatetours.com\/de\/wp-json\/wp\/v2\/media\/135"}],"wp:attachment":[{"href":"https:\/\/sloveniaprivatetours.com\/de\/wp-json\/wp\/v2\/media?parent=300"}],"curies":[{"name":"wp","href":"https:\/\/api.w.org\/{rel}","templated":true}]}}