{"id":108,"date":"2022-02-22T09:48:06","date_gmt":"2022-02-22T09:48:06","guid":{"rendered":"http:\/\/sloveniaprivatetours.com\/about-us\/"},"modified":"2024-06-11T10:05:35","modified_gmt":"2024-06-11T10:05:35","slug":"acerca-de-nosotros","status":"publish","type":"page","link":"https:\/\/sloveniaprivatetours.com\/es\/about-us\/","title":{"rendered":"Qui\u00e9nes somos"},"content":{"rendered":"<p>\u00bfQuiere visitar Eslovenia, pero no le gusta viajar en grandes grupos de turistas? \u00bfSe ha preguntado alguna vez qu\u00e9 mejor ser\u00eda si tuviera un amigo de Eslovenia que le ense\u00f1ara los alrededores?<\/p>\n\n\n\n<p>Pues bien, \u00a1ahora s\u00ed!<\/p>\n\n\n\n<p>Estamos aqu\u00ed para llevarle por el pa\u00eds en un c\u00f3modo veh\u00edculo, mostr\u00e1ndole algunos de sus principales atractivos sin todo el ajetreo del turismo de masas.<\/p>\n\n\n\n<h2 class=\"wp-block-heading\">Orgullosos de compartir nuestra pasi\u00f3n y conocimientos sobre Eslovenia<\/h2>\n\n\n\n<p>Como uno de los proveedores de viajes bajo la marca paraguas de <a href=\"https:\/\/slovenia-discovery.com\/\">Descubrimiento de Eslovenia<\/a>Nos aseguramos de que nuestros clientes disfruten al m\u00e1ximo de nuestros tours privados. Slovenia Discovery es un especialista en destinos para los turistas que llegan a Eslovenia, proporcionando emocionantes tours, actividades divertidas y otras experiencias inolvidables para cualquier persona que visite nuestro pa\u00eds.<\/p>\n\n\n\n<p>Somos una <strong>un equipo local de gu\u00edas y conductores privados profesionales y experimentados<\/strong> dispuestos a compartir con usted nuestra pasi\u00f3n y conocimientos sobre Eslovenia. Nacidos y criados en Eslovenia y con varios a\u00f1os de experiencia en turismo, conocemos el pa\u00eds como la palma de nuestra mano. Combinado con nuestro ambiente amistoso y el dominio del idioma ingl\u00e9s, cada viaje privado con nosotros es una experiencia divertida y agradable.<\/p>\n\n\n\n<h2 class=\"wp-block-heading\">Asequible y fiable<\/h2>\n\n\n\n<p>Lo que nos distingue de otros proveedores de viajes privados en Eslovenia es que trabajamos <strong>sin intermediarios<\/strong> - s\u00f3lo somos usted y nosotros. A excepci\u00f3n de los proveedores locales con los que trabajamos estrechamente y que le proporcionan la entrada a algunos de los lugares m\u00e1s incre\u00edbles de Eslovenia, no hay nadie m\u00e1s. Esto hace que nuestros tours sean mucho m\u00e1s <strong>asequible<\/strong> y se adapta a cualquier tama\u00f1o de cartera.<\/p>\n\n\n\n<p>Tambi\u00e9n somos un <strong>fiables, totalmente garantizados y protegidos financieramente<\/strong> compa\u00f1\u00eda. Un amigo de Eslovenia podr\u00eda ponerse enfermo y cancelar el viaje con usted, pero ese no es nuestro caso. Cuando concretemos la fecha y el plan de su viaje privado, estaremos all\u00ed, listos para hacer de \u00e9ste uno de sus mejores viajes en un pa\u00eds extranjero.&nbsp;<\/p>\n\n\n\n<h2 class=\"wp-block-heading\">Eslovenia al alcance de su mano<\/h2>\n\n\n\n<p>Sean cuales sean sus deseos y anhelos para un viaje por Eslovenia, intentaremos en la medida de nuestras posibilidades hacerlos realidad. Nuestro <strong>los clientes son nuestro principal objetivo<\/strong>Es lo que m\u00e1s nos enorgullece.<\/p>\n\n\n\n<p>\u00bfA qu\u00e9 espera? \u00bfHa decidido qu\u00e9 quiere hacer en Eslovenia? Si no es as\u00ed, <a href=\"https:\/\/sloveniaprivatetours.com\/es\/contacto-con-nosotros\/\">contacto con nosotros<\/a>y planificaremos con usted el viaje privado perfecto a Eslovenia.<\/p>\n\n\n\n<p>Si prefiere pasar m\u00e1s tiempo con nosotros, puede consultar nuestro <a href=\"https:\/\/slovenialuxuryholidays.com\/\">Vacaciones de lujo en Eslovenia<\/a> o combinarlos con deportes en <a href=\"https:\/\/golf-slovenia.com\/\">Golf Eslovenia<\/a>.<\/p>\n\n\n\n<figure class=\"wp-block-embed is-type-video is-provider-youtube wp-block-embed-youtube wp-embed-aspect-16-9 wp-has-aspect-ratio\"><div class=\"wp-block-embed__wrapper\">\n<iframe loading=\"lazy\" title=\"Eslovenia. Un lugar donde soy libre de seguir mi propio camino. \ud83d\udc9a\" width=\"500\" height=\"281\" src=\"https:\/\/www.youtube.com\/embed\/3yNcd_djN3g?start=1&#038;feature=oembed\" frameborder=\"0\" allow=\"accelerometer; autoplay; clipboard-write; encrypted-media; gyroscope; picture-in-picture; web-share\" referrerpolicy=\"strict-origin-when-cross-origin\" allowfullscreen><\/iframe>\n<\/div><\/figure>","protected":false},"excerpt":{"rendered":"<p>\u00bfQuiere visitar Eslovenia, pero no le gusta viajar en grandes grupos de turistas? \u00bfAlguna vez se ha preguntado c\u00f3mo ser\u00eda si tuviera un amigo esloveno que le ense\u00f1ara el pa\u00eds? Pues ahora ya lo tiene. Estamos aqu\u00ed para llevarte por el pa\u00eds en un ... <a href=\"https:\/\/sloveniaprivatetours.com\/es\/about-us\/\">Contin\u00faa en<\/a><\/p>","protected":false},"author":45,"featured_media":109,"parent":0,"menu_order":0,"comment_status":"open","ping_status":"open","template":"","meta":{"_acf_changed":false,"footnotes":""},"class_list":["post-108","page","type-page","status-publish","has-post-thumbnail","hentry"],"acf":{"page_subheading":"Slovenia Private Tours provides personalised private tours of the best attractions in Slovenia in the company of our professional drivers."},"_links":{"self":[{"href":"https:\/\/sloveniaprivatetours.com\/es\/wp-json\/wp\/v2\/pages\/108","targetHints":{"allow":["GET"]}}],"collection":[{"href":"https:\/\/sloveniaprivatetours.com\/es\/wp-json\/wp\/v2\/pages"}],"about":[{"href":"https:\/\/sloveniaprivatetours.com\/es\/wp-json\/wp\/v2\/types\/page"}],"author":[{"embeddable":true,"href":"https:\/\/sloveniaprivatetours.com\/es\/wp-json\/wp\/v2\/users\/45"}],"replies":[{"embeddable":true,"href":"https:\/\/sloveniaprivatetours.com\/es\/wp-json\/wp\/v2\/comments?post=108"}],"version-history":[{"count":20,"href":"https:\/\/sloveniaprivatetours.com\/es\/wp-json\/wp\/v2\/pages\/108\/revisions"}],"predecessor-version":[{"id":560,"href":"https:\/\/sloveniaprivatetours.com\/es\/wp-json\/wp\/v2\/pages\/108\/revisions\/560"}],"wp:featuredmedia":[{"embeddable":true,"href":"https:\/\/sloveniaprivatetours.com\/es\/wp-json\/wp\/v2\/media\/109"}],"wp:attachment":[{"href":"https:\/\/sloveniaprivatetours.com\/es\/wp-json\/wp\/v2\/media?parent=108"}],"curies":[{"name":"wp","href":"https:\/\/api.w.org\/{rel}","templated":true}]}}