{"id":130,"date":"2022-06-28T13:11:17","date_gmt":"2022-06-28T13:11:17","guid":{"rendered":"http:\/\/sloveniaprivatetours.com\/partners\/"},"modified":"2022-11-02T09:43:48","modified_gmt":"2022-11-02T09:43:48","slug":"socios","status":"publish","type":"page","link":"https:\/\/sloveniaprivatetours.com\/es\/partners\/","title":{"rendered":"Socios"},"content":{"rendered":"<p><strong><a href=\"https:\/\/wine-tours-slovenia.com\/\" target=\"_blank\" rel=\"noreferrer noopener\">VIAJES ENOL\u00d3GICOS A ESLOVENIA<\/a><\/strong><\/p>\n\n\n\n<p>Las Rutas del Vino son perfectas tanto para principiantes como para expertos catadores. No se necesita ning\u00fan conocimiento previo. Lo \u00fanico que se requiere es el deseo de relajarse, beber vino y relajarse un poco m\u00e1s.<\/p>\n\n\n\n<p>No hay mejor manera de conocer de primera mano la rica tradici\u00f3n vin\u00edcola de Eslovenia, socializar con otros viajeros y degustar los despojos de la naturaleza en un solo d\u00eda.<\/p>\n\n\n\n<p><strong><a href=\"https:\/\/bearwatchingslovenia.com\/\" target=\"_blank\" rel=\"noreferrer noopener\">OBSERVACI\u00d3N DE OSOS EN ESLOVENIA<\/a><\/strong><\/p>\n\n\n\n<p>Experimente la emoci\u00f3n de la observaci\u00f3n de osos en los pr\u00edstinos bosques naturales de Eslovenia. Siga a un experto en fauna salvaje en las profundidades del bosque, donde conocer\u00e1 al oso pardo aut\u00f3ctono de Eslovenia a trav\u00e9s de las amplias ventanas de un mirador de madera seguro, perfecto para hacer fotos incre\u00edbles.<\/p>\n\n\n\n<p><strong><a href=\"https:\/\/farmlifeslovenia.com\/\" target=\"_blank\" rel=\"noreferrer noopener\">LA VIDA EN LA GRANJA DE ESLOVENIA<\/a><\/strong><\/p>\n\n\n\n<p>Pase un d\u00eda en una t\u00edpica granja eslovena, donde podr\u00e1 ver y experimentar una serie de actividades de primera mano. Dependiendo de la temporada, podr\u00e1 participar en el trabajo en el campo, pelar ma\u00edz, recoger los huevos, hacer pan, apicultura, etc.<\/p>\n\n\n\n<p><strong><a href=\"https:\/\/shoreexcursionskoper.com\/\" target=\"_blank\" rel=\"noreferrer noopener\">EXCURSIONES EN TIERRA KOPER<\/a><\/strong><\/p>\n\n\n\n<p>Las mejores excursiones guiadas desde Koper por Eslovenia para descubrir tanto sus principales atracciones como sus joyas ocultas.<\/p>\n\n\n\n<p><a href=\"https:\/\/triglavtours.com\/\" target=\"_blank\" rel=\"noreferrer noopener\"><strong>TRIGLAV TOURS<\/strong><\/a><\/p>\n\n\n\n<p>Excursiones guiadas a la monta\u00f1a m\u00e1s alta de Eslovenia<\/p>\n\n\n\n<p><strong><a href=\"https:\/\/thebalkantours.com\/\" target=\"_blank\" rel=\"noreferrer noopener\">LOS VIAJES A LOS BALCANES<\/a><\/strong><\/p>\n\n\n\n<p>Vacaciones inolvidables por los pa\u00edses balc\u00e1nicos.<\/p>\n\n\n\n<p><strong><a href=\"https:\/\/shoreexcursionskoper.com\/\" target=\"_blank\" rel=\"noreferrer noopener\">EXCURSIONES EN TIERRA KOPER<\/a><\/strong><\/p>\n\n\n\n<p>Las mejores excursiones guiadas desde Koper por Eslovenia para descubrir tanto sus principales atracciones como sus joyas ocultas.<\/p>\n\n\n\n<p><a href=\"https:\/\/sloveniawedding.com\/\" target=\"_blank\" rel=\"noreferrer noopener\"><strong>BODA EN ESLOVENIA<\/strong><\/a><\/p>\n\n\n\n<p>Una variedad de fant\u00e1sticos paquetes de bodas y magn\u00edficos lugares en toda Eslovenia.<\/p>\n\n\n\n<p><a href=\"https:\/\/sloveniatours.com\/\" target=\"_blank\" rel=\"noreferrer noopener\"><strong>VIAJES A ESLOVENIA<\/strong><\/a><\/p>\n\n\n\n<p>Visitas guiadas de varios d\u00edas a Eslovenia para descubrir tanto sus principales atracciones como sus joyas ocultas. Desde las vacaciones tranquilas hasta las m\u00e1s activas, sus gu\u00edas locales te acompa\u00f1ar\u00e1n en el viaje por lo mejor de Eslovenia.<\/p>\n\n\n\n<p><strong><a href=\"https:\/\/sloveniacyclingholidays.com\/\" target=\"_blank\" rel=\"noreferrer noopener\">VACACIONES EN BICICLETA EN ESLOVENIA<\/a><\/strong><\/p>\n\n\n\n<p>Cycling Holidays Slovenia es una agencia de viajes emergente, cuya misi\u00f3n es ofrecer a sus clientes la oportunidad de conocer los diversos paisajes de Eslovenia en bicicleta.<\/p>\n\n\n\n<p><strong><a href=\"https:\/\/huttohuthikingslovenia.com\/\" target=\"_blank\" rel=\"noreferrer noopener\">SENDERISMO DE CABA\u00d1A EN CABA\u00d1A ESLOVENIA<\/a><\/strong><\/p>\n\n\n\n<p>Caminatas guiadas y autoguiadas por senderos de monta\u00f1a con vistas a los picos alpinos y a la naturaleza circundante, descansando en caba\u00f1as y disfrutando de platos caseros.&nbsp;<\/p>\n\n\n\n<p><strong><a href=\"https:\/\/walking-holidays-slovenia.com\/\" target=\"_blank\" rel=\"noreferrer noopener\">VACACIONES A PIE EN ESLOVENIA<\/a><\/strong><\/p>\n\n\n\n<p>Las rutas de senderismo est\u00e1n dise\u00f1adas para llevar a los hu\u00e9spedes a trav\u00e9s de los verdes paisajes de Eslovenia, los exuberantes valles y los r\u00edos de color esmeralda con el tel\u00f3n de fondo de las monta\u00f1as.<\/p>\n\n\n\n<p><strong><a href=\"https:\/\/hvarstagdo.com\/\" target=\"_blank\" rel=\"noreferrer noopener\">HVAR STAG DO<\/a><\/strong><\/p>\n\n\n\n<p>El mejor lugar para organizar una inolvidable despedida de soltero en la incre\u00edble isla de Hvar para dar a tu amigo unas \u00faltimas noches de fiesta antes de que se case.<\/p>\n\n\n\n<p><strong><a href=\"https:\/\/croatiatunafishing.com\/\" target=\"_blank\" rel=\"noreferrer noopener\">PESCA DEL AT\u00daN EN CROACIA<\/a><\/strong><\/p>\n\n\n\n<p>Salidas de pesca de altura en toda la costa de Croacia con una experiencia de pesca mar\u00edtima inolvidable para capturar los mayores depredadores del mar Adri\u00e1tico.<\/p>\n\n\n\n<p><a href=\"https:\/\/slovenia-activities.com\/\" target=\"_blank\" rel=\"noreferrer noopener\"><strong>ACTIVIDADES EN ESLOVENIA<\/strong><\/a><\/p>\n\n\n\n<p>Una amplia variedad de las mejores cosas que hacer en Eslovenia, desde ciclismo, senderismo, actividades de invierno, escalada, espeleolog\u00eda, barranquismo, rafting y otras actividades al aire libre.<\/p>","protected":false},"excerpt":{"rendered":"<p>RUTAS DEL VINO ESLOVENIA Las rutas del vino son perfectas tanto para principiantes como para expertos catadores. No se necesitan conocimientos previos. Lo \u00fanico que se necesita son ganas de relajarse, beber vino y relajarse un poco m\u00e1s. No hay mejor manera de conocer de primera mano la rica tradici\u00f3n vin\u00edcola de Eslovenia, relacionarse con otros viajeros y degustar los ... <a href=\"https:\/\/sloveniaprivatetours.com\/es\/partners\/\">Contin\u00faa en<\/a><\/p>","protected":false},"author":45,"featured_media":111,"parent":0,"menu_order":0,"comment_status":"open","ping_status":"open","template":"","meta":{"_acf_changed":false,"footnotes":""},"class_list":["post-130","page","type-page","status-publish","has-post-thumbnail","hentry"],"acf":{"page_subheading":"We are stronger together."},"_links":{"self":[{"href":"https:\/\/sloveniaprivatetours.com\/es\/wp-json\/wp\/v2\/pages\/130","targetHints":{"allow":["GET"]}}],"collection":[{"href":"https:\/\/sloveniaprivatetours.com\/es\/wp-json\/wp\/v2\/pages"}],"about":[{"href":"https:\/\/sloveniaprivatetours.com\/es\/wp-json\/wp\/v2\/types\/page"}],"author":[{"embeddable":true,"href":"https:\/\/sloveniaprivatetours.com\/es\/wp-json\/wp\/v2\/users\/45"}],"replies":[{"embeddable":true,"href":"https:\/\/sloveniaprivatetours.com\/es\/wp-json\/wp\/v2\/comments?post=130"}],"version-history":[{"count":2,"href":"https:\/\/sloveniaprivatetours.com\/es\/wp-json\/wp\/v2\/pages\/130\/revisions"}],"predecessor-version":[{"id":333,"href":"https:\/\/sloveniaprivatetours.com\/es\/wp-json\/wp\/v2\/pages\/130\/revisions\/333"}],"wp:featuredmedia":[{"embeddable":true,"href":"https:\/\/sloveniaprivatetours.com\/es\/wp-json\/wp\/v2\/media\/111"}],"wp:attachment":[{"href":"https:\/\/sloveniaprivatetours.com\/es\/wp-json\/wp\/v2\/media?parent=130"}],"curies":[{"name":"wp","href":"https:\/\/api.w.org\/{rel}","templated":true}]}}