{"id":295,"date":"2022-10-20T21:24:11","date_gmt":"2022-10-20T21:24:11","guid":{"rendered":"http:\/\/sloveniaprivatetours.com\/?page_id=295"},"modified":"2023-11-07T11:49:27","modified_gmt":"2023-11-07T11:49:27","slug":"nuestros-conductores","status":"publish","type":"page","link":"https:\/\/sloveniaprivatetours.com\/es\/our-drivers\/","title":{"rendered":"Nuestros socios"},"content":{"rendered":"<p><strong>\u00bfQui\u00e9nes son?<\/strong><\/p>\n\n\n\n<p>Los conductores privados de Slovenia Private Tours son&nbsp;<strong>profesionales certificados de confianza<\/strong>&nbsp;se encargan de todo lo necesario y hacen que su viaje privado en Eslovenia sea una experiencia agradable y sin estr\u00e9s. Son muy&nbsp;<strong>fiable<\/strong>Para que no tenga que esperar por ellos, estar\u00e1n ah\u00ed cuando los necesite. Y no se preocupe, aunque hagan su trabajo de forma profesional, no son robots. Son&nbsp;<strong>fluido en ingl\u00e9s y muy comunicativo<\/strong>No s\u00f3lo se asegura de que su viaje privado se desarrolle sin problemas, sino que tambi\u00e9n lo hace interesante y divertido.<\/p>\n\n\n\n<figure class=\"wp-block-image size-large\"><img decoding=\"async\" src=\"https:\/\/sloveniaprivatetours.com\/wp-content\/uploads\/taxi-driver-talking-to-a-female-passenger-in-car-stockpack-adobe-stock-1024x683.webp\" alt=\"Taxista hablando con una pasajera en el coche\" class=\"wp-image-516\"\/><figcaption class=\"wp-element-caption\">Nuestros conductores profesionales garantizan un entorno seguro y c\u00f3modo<\/figcaption><\/figure>\n\n\n\n<p><strong>\u00bfQu\u00e9 hacen por ti?<\/strong><\/p>\n\n\n\n<p>Ellos&nbsp;<strong>le mostrar\u00e1 los mejores lugares de Eslovenia<\/strong>Los gu\u00edas de la ciudad le llevar\u00e1n a los lugares que ya hab\u00eda planeado visitar o le sugerir\u00e1n nuevos destinos. Son locales que conocen Eslovenia como la palma de su mano, lo que significa que siempre pueden&nbsp;<strong>ajustar el viaje para usted sobre la marcha<\/strong>. No se perder\u00e1 ninguna pausa para ir al ba\u00f1o ni ninguna oportunidad de hacer fotos. Tambi\u00e9n descubrir\u00e1 muchas cosas sobre Eslovenia y los destinos que visite. Y siempre que tenga hambre, el conductor podr\u00e1 sugerirle restaurantes y otros lugares de comida donde podr\u00e1 probar la gastronom\u00eda local.<\/p>\n\n\n\n<figure class=\"wp-block-image size-large\"><img loading=\"lazy\" decoding=\"async\" width=\"1024\" height=\"683\" src=\"https:\/\/sloveniaprivatetours.com\/wp-content\/uploads\/wine-tasting-1024x683.webp\" alt=\"\" class=\"wp-image-412\" srcset=\"https:\/\/sloveniaprivatetours.com\/wp-content\/uploads\/wine-tasting-1024x683.webp 1024w, https:\/\/sloveniaprivatetours.com\/wp-content\/uploads\/wine-tasting-300x200.webp 300w, https:\/\/sloveniaprivatetours.com\/wp-content\/uploads\/wine-tasting-768x512.webp 768w, https:\/\/sloveniaprivatetours.com\/wp-content\/uploads\/wine-tasting-1536x1024.webp 1536w, https:\/\/sloveniaprivatetours.com\/wp-content\/uploads\/wine-tasting-2048x1365.webp 2048w, https:\/\/sloveniaprivatetours.com\/wp-content\/uploads\/wine-tasting-18x12.webp 18w, https:\/\/sloveniaprivatetours.com\/wp-content\/uploads\/wine-tasting-scaled.webp 1920w\" sizes=\"auto, (max-width: 1024px) 100vw, 1024px\" \/><figcaption class=\"wp-element-caption\">Obtenga acceso exclusivo a las mejores experiencias gastron\u00f3micas y vin\u00edcolas de Eslovenia  <\/figcaption><\/figure>\n\n\n\n<p><strong>\u00bfCu\u00e1les son las ventajas de un viaje con conductor privado en Eslovenia?<\/strong><\/p>\n\n\n\n<p>Aparte de todas las ventajas obvias que ya hemos mencionado, los ch\u00f3feres privados tambi\u00e9n ofrecen otros beneficios no tan obvios. Ir de excursi\u00f3n a un pa\u00eds extranjero por su cuenta presenta retos como el desconocimiento y la&nbsp;<strong>normas de circulaci\u00f3n complicadas<\/strong>encontrar estaciones de servicio convenientes, y&nbsp;<strong>plazas de aparcamiento baratas<\/strong>. En un tour con su propio conductor privado, usted&nbsp;<strong>no tiene que preocuparse<\/strong>&nbsp;sobre nada de eso. Y siempre que surja una emergencia, y ser\u00eda perfecto conocer a un local, nuestro conductor privado estar\u00e1 all\u00ed para ayudar.<\/p>","protected":false},"excerpt":{"rendered":"<p>\u00bfQui\u00e9nes son? Los conductores privados de Slovenia Private Tours son profesionales certificados de confianza que se encargan de todo lo necesario y hacen de su tour privado en Eslovenia una experiencia agradable y sin estr\u00e9s. Son muy fiables, por lo que nunca tendr\u00e1 que esperar por ellos - Ellos estar\u00e1n all\u00ed cuando los necesite. Y no se preocupe, aunque ... <a href=\"https:\/\/sloveniaprivatetours.com\/es\/our-drivers\/\">Contin\u00faa en<\/a><\/p>","protected":false},"author":45,"featured_media":518,"parent":0,"menu_order":0,"comment_status":"closed","ping_status":"closed","template":"","meta":{"_acf_changed":false,"footnotes":""},"class_list":["post-295","page","type-page","status-publish","has-post-thumbnail","hentry"],"acf":{"page_subheading":"Get to know why you should trust our guides, drivers, and partners to make your private tour in Slovenia an unforgettable experience."},"_links":{"self":[{"href":"https:\/\/sloveniaprivatetours.com\/es\/wp-json\/wp\/v2\/pages\/295","targetHints":{"allow":["GET"]}}],"collection":[{"href":"https:\/\/sloveniaprivatetours.com\/es\/wp-json\/wp\/v2\/pages"}],"about":[{"href":"https:\/\/sloveniaprivatetours.com\/es\/wp-json\/wp\/v2\/types\/page"}],"author":[{"embeddable":true,"href":"https:\/\/sloveniaprivatetours.com\/es\/wp-json\/wp\/v2\/users\/45"}],"replies":[{"embeddable":true,"href":"https:\/\/sloveniaprivatetours.com\/es\/wp-json\/wp\/v2\/comments?post=295"}],"version-history":[{"count":7,"href":"https:\/\/sloveniaprivatetours.com\/es\/wp-json\/wp\/v2\/pages\/295\/revisions"}],"predecessor-version":[{"id":519,"href":"https:\/\/sloveniaprivatetours.com\/es\/wp-json\/wp\/v2\/pages\/295\/revisions\/519"}],"wp:featuredmedia":[{"embeddable":true,"href":"https:\/\/sloveniaprivatetours.com\/es\/wp-json\/wp\/v2\/media\/518"}],"wp:attachment":[{"href":"https:\/\/sloveniaprivatetours.com\/es\/wp-json\/wp\/v2\/media?parent=295"}],"curies":[{"name":"wp","href":"https:\/\/api.w.org\/{rel}","templated":true}]}}