{"id":108,"date":"2022-02-22T09:48:06","date_gmt":"2022-02-22T09:48:06","guid":{"rendered":"http:\/\/sloveniaprivatetours.com\/about-us\/"},"modified":"2024-06-11T10:05:35","modified_gmt":"2024-06-11T10:05:35","slug":"meista","status":"publish","type":"page","link":"https:\/\/sloveniaprivatetours.com\/fi\/about-us\/","title":{"rendered":"Tietoa meist\u00e4"},"content":{"rendered":"<p>Haluatko vierailla Sloveniassa, mutta et pid\u00e4 matkustamisesta suurissa turistiryhmiss\u00e4? Oletko koskaan miettinyt, kuinka paljon parempi olisi, jos sinulla olisi slovenialainen yst\u00e4v\u00e4, joka voisi n\u00e4ytt\u00e4\u00e4 sinulle paikkoja?<\/p>\n\n\n\n<p>No, nyt tied\u00e4t!<\/p>\n\n\n\n<p>Me olemme t\u00e4\u00e4ll\u00e4, jotta voimme vied\u00e4 sinut ymp\u00e4ri maata mukavassa ajoneuvossa ja n\u00e4ytt\u00e4\u00e4 sinulle joitakin sen t\u00e4rkeimmist\u00e4 n\u00e4ht\u00e4vyyksist\u00e4 ilman massaturismin h\u00e4lin\u00e4\u00e4.<\/p>\n\n\n\n<h2 class=\"wp-block-heading\">Olemme ylpeit\u00e4 voidessamme jakaa intohimomme ja tietomme Sloveniasta.<\/h2>\n\n\n\n<p>Yhten\u00e4 matkanj\u00e4rjest\u00e4j\u00e4n\u00e4 sateenvarjomerkin alla on <a href=\"https:\/\/slovenia-discovery.com\/\">Slovenia Discovery<\/a>varmistamme, ett\u00e4 asiakkaamme nauttivat yksityisist\u00e4 matkoistamme t\u00e4ysill\u00e4. Slovenia Discovery on Sloveniaan saapuvien matkailijoiden kohdeasiantuntija, joka tarjoaa j\u00e4nnitt\u00e4vi\u00e4 kiertomatkoja, hauskoja aktiviteetteja ja muita unohtumattomia kokemuksia kaikille maahamme matkustaville.<\/p>\n\n\n\n<p>Olemme <strong>paikallinen ammattitaitoisten ja hyvin matkustaneiden oppaiden ja yksityisten kuljettajien tiimi<\/strong> valmiina jakamaan intohimomme ja tietomme Sloveniasta kanssasi. Olemme syntyneet ja kasvaneet Sloveniassa ja meill\u00e4 on useiden vuosien kokemus matkailualalta, joten tunnemme maan kuin omat taskumme. Yhdistettyn\u00e4 yst\u00e4v\u00e4lliseen ilmapiiriimme ja englannin kielen taitoomme, jokainen yksityinen matka kanssamme on hauska ja nautinnollinen kokemus.<\/p>\n\n\n\n<h2 class=\"wp-block-heading\">Edullinen ja luotettava<\/h2>\n\n\n\n<p>Se, mik\u00e4 erottaa meid\u00e4t muista yksityisist\u00e4 matkanj\u00e4rjest\u00e4jist\u00e4 Sloveniassa, on se, ett\u00e4 me ty\u00f6skentelemme <strong>ilman v\u00e4lik\u00e4si\u00e4<\/strong> - vain sin\u00e4 ja me. Lukuun ottamatta paikallisia palveluntarjoajia, joiden kanssa teemme tiivist\u00e4 yhteisty\u00f6t\u00e4 ja jotka tarjoavat sinulle p\u00e4\u00e4syn joihinkin Slovenian upeimmista paikoista, ei ole ket\u00e4\u00e4n muuta. T\u00e4m\u00e4 tekee matkoistamme paljon enemm\u00e4n <strong>edullinen<\/strong> ja sopii mihin tahansa lompakon kokoon.<\/p>\n\n\n\n<p>Olemme my\u00f6s <strong>luotettava, t\u00e4ysin vakuudellinen ja taloudellisesti suojattu.<\/strong> yritys. Slovenialainen yst\u00e4v\u00e4si saattaa sairastua ja perua matkasi, mutta meid\u00e4n kanssamme n\u00e4in ei ole. Kun viimeistelemme yksityisen matkasi p\u00e4iv\u00e4m\u00e4\u00e4r\u00e4n ja suunnitelman, olemme paikalla valmiina tekem\u00e4\u00e4n t\u00e4st\u00e4 yhden parhaista matkoistasi vieraassa maassa.&nbsp;<\/p>\n\n\n\n<h2 class=\"wp-block-heading\">Slovenia k\u00e4den ulottuvilla<\/h2>\n\n\n\n<p>Olivatpa toiveesi ja toivomuksesi Slovenian-matkan suhteen mitk\u00e4 tahansa, yrit\u00e4mme parhaan kykymme mukaan tehd\u00e4 niist\u00e4 totta. Meid\u00e4n <strong>asiakkaat ovat ensisijainen painopistealueemme<\/strong>Se on ykk\u00f6sasia, josta olemme ylpeit\u00e4.<\/p>\n\n\n\n<p>Joten mit\u00e4 sin\u00e4 odotat? Oletko p\u00e4\u00e4tt\u00e4nyt, mit\u00e4 haluat tehd\u00e4 Sloveniassa? Jos et, <a href=\"https:\/\/sloveniaprivatetours.com\/fi\/ota-yhteytta\/\">Ota yhteytt\u00e4<\/a>, ja me suunnittelemme kanssasi t\u00e4ydellisen Slovenian yksityismatkan.<\/p>\n\n\n\n<p>Jos haluat viett\u00e4\u00e4 kanssamme enemm\u00e4n aikaa, voit tutustua meid\u00e4n tarjoamaamme <a href=\"https:\/\/slovenialuxuryholidays.com\/\">Slovenia ylellinen loma<\/a> tai yhdist\u00e4\u00e4 ne urheiluun <a href=\"https:\/\/golf-slovenia.com\/\">Golf Slovenia<\/a>.<\/p>\n\n\n\n<figure class=\"wp-block-embed is-type-video is-provider-youtube wp-block-embed-youtube wp-embed-aspect-16-9 wp-has-aspect-ratio\"><div class=\"wp-block-embed__wrapper\">\n<iframe loading=\"lazy\" title=\"Slovenia. Paikkaan, jossa olen vapaa kulkemaan omaa tiet\u00e4ni. \ud83d\udc9a\" width=\"500\" height=\"281\" src=\"https:\/\/www.youtube.com\/embed\/3yNcd_djN3g?start=1&#038;feature=oembed\" frameborder=\"0\" allow=\"accelerometer; autoplay; clipboard-write; encrypted-media; gyroscope; picture-in-picture; web-share\" referrerpolicy=\"strict-origin-when-cross-origin\" allowfullscreen><\/iframe>\n<\/div><\/figure>","protected":false},"excerpt":{"rendered":"<p>Haluatko vierailla Sloveniassa, mutta et pid\u00e4 matkustamisesta suurissa turistiryhmiss\u00e4? Oletko koskaan miettinyt, kuinka paljon parempi olisi, jos sinulla olisi slovenialainen yst\u00e4v\u00e4, joka voisi n\u00e4ytt\u00e4\u00e4 sinulle paikkoja? No, nyt sinulla on! Me olemme t\u00e4\u00e4ll\u00e4 viem\u00e4ss\u00e4 sinua ymp\u00e4ri maata ... <a href=\"https:\/\/sloveniaprivatetours.com\/fi\/about-us\/\">Jatkuu<\/a><\/p>","protected":false},"author":45,"featured_media":109,"parent":0,"menu_order":0,"comment_status":"open","ping_status":"open","template":"","meta":{"_acf_changed":false,"footnotes":""},"class_list":["post-108","page","type-page","status-publish","has-post-thumbnail","hentry"],"acf":{"page_subheading":"Slovenia Private Tours provides personalised private tours of the best attractions in Slovenia in the company of our professional drivers."},"_links":{"self":[{"href":"https:\/\/sloveniaprivatetours.com\/fi\/wp-json\/wp\/v2\/pages\/108","targetHints":{"allow":["GET"]}}],"collection":[{"href":"https:\/\/sloveniaprivatetours.com\/fi\/wp-json\/wp\/v2\/pages"}],"about":[{"href":"https:\/\/sloveniaprivatetours.com\/fi\/wp-json\/wp\/v2\/types\/page"}],"author":[{"embeddable":true,"href":"https:\/\/sloveniaprivatetours.com\/fi\/wp-json\/wp\/v2\/users\/45"}],"replies":[{"embeddable":true,"href":"https:\/\/sloveniaprivatetours.com\/fi\/wp-json\/wp\/v2\/comments?post=108"}],"version-history":[{"count":20,"href":"https:\/\/sloveniaprivatetours.com\/fi\/wp-json\/wp\/v2\/pages\/108\/revisions"}],"predecessor-version":[{"id":560,"href":"https:\/\/sloveniaprivatetours.com\/fi\/wp-json\/wp\/v2\/pages\/108\/revisions\/560"}],"wp:featuredmedia":[{"embeddable":true,"href":"https:\/\/sloveniaprivatetours.com\/fi\/wp-json\/wp\/v2\/media\/109"}],"wp:attachment":[{"href":"https:\/\/sloveniaprivatetours.com\/fi\/wp-json\/wp\/v2\/media?parent=108"}],"curies":[{"name":"wp","href":"https:\/\/api.w.org\/{rel}","templated":true}]}}