{"id":130,"date":"2022-06-28T13:11:17","date_gmt":"2022-06-28T13:11:17","guid":{"rendered":"http:\/\/sloveniaprivatetours.com\/partners\/"},"modified":"2022-11-02T09:43:48","modified_gmt":"2022-11-02T09:43:48","slug":"yhteistyokumppanit","status":"publish","type":"page","link":"https:\/\/sloveniaprivatetours.com\/fi\/partners\/","title":{"rendered":"Kumppanit"},"content":{"rendered":"<p><strong><a href=\"https:\/\/wine-tours-slovenia.com\/\" target=\"_blank\" rel=\"noreferrer noopener\">VIINIMATKAT SLOVENIA<\/a><\/strong><\/p>\n\n\n\n<p>Viinikierrokset sopivat sek\u00e4 aloitteleville ett\u00e4 kokeneille viininmaistajille. Et tarvitse mit\u00e4\u00e4n ennakkotietoja. Ainoa asia, joka vaaditaan, on halu rentoutua, juoda viini\u00e4 ja rentoutua lis\u00e4\u00e4.<\/p>\n\n\n\n<p>Ei ole parempaa tapaa tutustua Slovenian rikkaaseen viininvalmistusperinteeseen omakohtaisesti, seurustella muiden matkailijoiden kanssa ja maistella luonnon antimia yhden p\u00e4iv\u00e4n aikana.<\/p>\n\n\n\n<p><strong><a href=\"https:\/\/bearwatchingslovenia.com\/\" target=\"_blank\" rel=\"noreferrer noopener\">KARHUN KATSELU SLOVENIA<\/a><\/strong><\/p>\n\n\n\n<p>Koe karhujen tarkkailun j\u00e4nnitys Slovenian koskemattomissa luonnonmetsiss\u00e4. Seuraa villiel\u00e4inasiantuntijaa syv\u00e4lle mets\u00e4\u00e4n, jossa tapaat Slovenian alkuper\u00e4isen ruskeakarhun turvallisen puisen n\u00e4k\u00f6alapaikan leveiden ikkunoiden l\u00e4pi - t\u00e4ydellinen paikka upeiden valokuvien ottamiseen.<\/p>\n\n\n\n<p><strong><a href=\"https:\/\/farmlifeslovenia.com\/\" target=\"_blank\" rel=\"noreferrer noopener\">MAATILAN EL\u00c4M\u00c4 SLOVENIASSA<\/a><\/strong><\/p>\n\n\n\n<p>Viet\u00e4 p\u00e4iv\u00e4 tyypillisell\u00e4 slovenialaisella maatilalla, jossa voit n\u00e4hd\u00e4 ja kokea monia toimintoja omakohtaisesti. Vuodenaikojen mukaan voit osallistua peltot\u00f6ihin, maissin kuorimiseen, kananmunien ker\u00e4\u00e4miseen, leiv\u00e4n tekoon, mehil\u00e4ishoitoon jne.<\/p>\n\n\n\n<p><strong><a href=\"https:\/\/shoreexcursionskoper.com\/\" target=\"_blank\" rel=\"noreferrer noopener\">RANTARETKET KOPER<\/a><\/strong><\/p>\n\n\n\n<p>Parhaat opastetut rantaretket Koperista ymp\u00e4ri Sloveniaa tutustumaan sen huippun\u00e4ht\u00e4vyyksiin ja piilotettuihin helmiin.<\/p>\n\n\n\n<p><a href=\"https:\/\/triglavtours.com\/\" target=\"_blank\" rel=\"noreferrer noopener\"><strong>TRIGLAV TOURS<\/strong><\/a><\/p>\n\n\n\n<p>Opastetut vaellusretket Slovenian korkeimmalle vuorelle<\/p>\n\n\n\n<p><strong><a href=\"https:\/\/thebalkantours.com\/\" target=\"_blank\" rel=\"noreferrer noopener\">BALKANIN MATKAT<\/a><\/strong><\/p>\n\n\n\n<p>Unohtumattomia lomamatkoja Balkanin maissa.<\/p>\n\n\n\n<p><strong><a href=\"https:\/\/shoreexcursionskoper.com\/\" target=\"_blank\" rel=\"noreferrer noopener\">RANTARETKET KOPER<\/a><\/strong><\/p>\n\n\n\n<p>Parhaat opastetut rantaretket Koperista ymp\u00e4ri Sloveniaa tutustumaan sen huippun\u00e4ht\u00e4vyyksiin ja piilotettuihin helmiin.<\/p>\n\n\n\n<p><a href=\"https:\/\/sloveniawedding.com\/\" target=\"_blank\" rel=\"noreferrer noopener\"><strong>SLOVENIA H\u00c4\u00c4T<\/strong><\/a><\/p>\n\n\n\n<p>Erilaisia fantastisia h\u00e4\u00e4paketteja ja upeita h\u00e4\u00e4paikkoja kaikkialla Sloveniassa.<\/p>\n\n\n\n<p><a href=\"https:\/\/sloveniatours.com\/\" target=\"_blank\" rel=\"noreferrer noopener\"><strong>SLOVENIA MATKAT<\/strong><\/a><\/p>\n\n\n\n<p>Monip\u00e4iv\u00e4iset opastetut matkat Sloveniaan, joilla voit tutustua sek\u00e4 sen huippun\u00e4ht\u00e4vyyksiin ett\u00e4 piilotettuihin helmiin. Heid\u00e4n paikalliset oppaansa saattavat sinut matkallesi Slovenian parhaiden puolien l\u00e4pi aina leppoisasta aktiivisempaan lomailuun.<\/p>\n\n\n\n<p><strong><a href=\"https:\/\/sloveniacyclingholidays.com\/\" target=\"_blank\" rel=\"noreferrer noopener\">SLOVENIA PY\u00d6R\u00c4ILY LOMA<\/a><\/strong><\/p>\n\n\n\n<p>Cycling Holidays Slovenia on nouseva matkatoimisto, jonka teht\u00e4v\u00e4n\u00e4 on tarjota asiakkailleen mahdollisuus kokea Slovenian monipuoliset maisemat polkupy\u00f6r\u00e4ll\u00e4.<\/p>\n\n\n\n<p><strong><a href=\"https:\/\/huttohuthikingslovenia.com\/\" target=\"_blank\" rel=\"noreferrer noopener\">M\u00d6KILT\u00c4 M\u00d6KILLE VAELLUS SLOVENIASSA<\/a><\/strong><\/p>\n\n\n\n<p>Opastettuja ja omatoimisia vaelluksia vuoristopoluilla, joista avautuvat n\u00e4kym\u00e4t Alppien huipuille ja ymp\u00e4r\u00f6iv\u00e4\u00e4n luontoon, lep\u00e4\u00e4minen majoissa ja kotitekoisten ruokien nauttiminen.&nbsp;<\/p>\n\n\n\n<p><strong><a href=\"https:\/\/walking-holidays-slovenia.com\/\" target=\"_blank\" rel=\"noreferrer noopener\">K\u00c4VELYLOMAT SLOVENIASSA<\/a><\/strong><\/p>\n\n\n\n<p>Vaellusmatkat on suunniteltu kulkemaan Slovenian vehreiden maisemien, rehevien laaksojen ja smaragdinvihreiden jokien halki vuoristomaisemien l\u00e4pi.<\/p>\n\n\n\n<p><strong><a href=\"https:\/\/hvarstagdo.com\/\" target=\"_blank\" rel=\"noreferrer noopener\">HVAR STAG DO<\/a><\/strong><\/p>\n\n\n\n<p>Paras paikka j\u00e4rjest\u00e4\u00e4 unohtumaton polttaritapahtuma Hvarin uskomattomalla saarella, jotta yst\u00e4v\u00e4si voi viett\u00e4\u00e4 muutaman viimeisen y\u00f6n juhlien merkeiss\u00e4 ennen kuin h\u00e4n solmii solmun.<\/p>\n\n\n\n<p><strong><a href=\"https:\/\/croatiatunafishing.com\/\" target=\"_blank\" rel=\"noreferrer noopener\">KROATIA TONNIKALAN KALASTUS<\/a><\/strong><\/p>\n\n\n\n<p>Ison riistan kalastusretket kaikkialla Kroatian rannikolla tarjoavat unohtumattoman merikalastuskokemuksen Adrianmeren suurimpien petoel\u00e4inten pyydyst\u00e4miseksi.<\/p>\n\n\n\n<p><a href=\"https:\/\/slovenia-activities.com\/\" target=\"_blank\" rel=\"noreferrer noopener\"><strong>SLOVENIA TOIMINTA<\/strong><\/a><\/p>\n\n\n\n<p>Laaja valikoima Slovenian parhaita aktiviteetteja, kuten py\u00f6r\u00e4ily\u00e4, patikointia, talviaktiviteetteja, kiipeily\u00e4, luolastoa, canyoningia, koskenlaskua ja muita ulkoilma-aktiviteetteja.<\/p>","protected":false},"excerpt":{"rendered":"<p>Viinikierrokset SLOVENIA Viinikierrokset sopivat sek\u00e4 aloitteleville ett\u00e4 kokeneille viininmaistajille. Et tarvitse mit\u00e4\u00e4n ennakkotietoja. Ainoa asia, joka vaaditaan, on halu rentoutua, juoda viini\u00e4 ja rentoutua lis\u00e4\u00e4. Ei ole parempaa tapaa tutustua Slovenian rikkaaseen viininvalmistusperinteeseen omakohtaisesti, seurustella muiden matkailijoiden kanssa ja maistella ... <a href=\"https:\/\/sloveniaprivatetours.com\/fi\/partners\/\">Jatkuu<\/a><\/p>","protected":false},"author":45,"featured_media":111,"parent":0,"menu_order":0,"comment_status":"open","ping_status":"open","template":"","meta":{"_acf_changed":false,"footnotes":""},"class_list":["post-130","page","type-page","status-publish","has-post-thumbnail","hentry"],"acf":{"page_subheading":"We are stronger together."},"_links":{"self":[{"href":"https:\/\/sloveniaprivatetours.com\/fi\/wp-json\/wp\/v2\/pages\/130","targetHints":{"allow":["GET"]}}],"collection":[{"href":"https:\/\/sloveniaprivatetours.com\/fi\/wp-json\/wp\/v2\/pages"}],"about":[{"href":"https:\/\/sloveniaprivatetours.com\/fi\/wp-json\/wp\/v2\/types\/page"}],"author":[{"embeddable":true,"href":"https:\/\/sloveniaprivatetours.com\/fi\/wp-json\/wp\/v2\/users\/45"}],"replies":[{"embeddable":true,"href":"https:\/\/sloveniaprivatetours.com\/fi\/wp-json\/wp\/v2\/comments?post=130"}],"version-history":[{"count":2,"href":"https:\/\/sloveniaprivatetours.com\/fi\/wp-json\/wp\/v2\/pages\/130\/revisions"}],"predecessor-version":[{"id":333,"href":"https:\/\/sloveniaprivatetours.com\/fi\/wp-json\/wp\/v2\/pages\/130\/revisions\/333"}],"wp:featuredmedia":[{"embeddable":true,"href":"https:\/\/sloveniaprivatetours.com\/fi\/wp-json\/wp\/v2\/media\/111"}],"wp:attachment":[{"href":"https:\/\/sloveniaprivatetours.com\/fi\/wp-json\/wp\/v2\/media?parent=130"}],"curies":[{"name":"wp","href":"https:\/\/api.w.org\/{rel}","templated":true}]}}