{"id":227,"date":"2022-09-23T09:06:48","date_gmt":"2022-09-23T09:06:48","guid":{"rendered":"http:\/\/sloveniaprivatetours.com\/?page_id=227"},"modified":"2022-11-02T10:01:01","modified_gmt":"2022-11-02T10:01:01","slug":"yhtalaiset-mahdollisuudet","status":"publish","type":"page","link":"https:\/\/sloveniaprivatetours.com\/fi\/equal-opporunities\/","title":{"rendered":"Yht\u00e4l\u00e4iset mahdollisuudet"},"content":{"rendered":"<p>Pieness\u00e4 yrityksess\u00e4mme kaikkia ihmisi\u00e4 kohdellaan tasavertaisesti tai samalla tavalla eik\u00e4 heit\u00e4 syrjit\u00e4 ennakkoluulojen tai ennakkoluulojen vuoksi. Ty\u00f6llist\u00e4mme ihmisi\u00e4, joilla on erilainen tausta, uskonto, sukupuoli ja seksuaalinen suuntautuminen. T\u00e4m\u00e4 tarkoittaa sit\u00e4, ett\u00e4 ty\u00f6h\u00f6n tai ylennykseen soveltuu parhaiten henkil\u00f6, joka ansaitsee kyseisen aseman p\u00e4tevyyden, kokemuksen ja tiet\u00e4myksen perusteella. Ty\u00f6paikkamme monimuotoisuus arvostaa kaikkien erilaisuutta.<\/p>","protected":false},"excerpt":{"rendered":"<p>Pieness\u00e4 yrityksess\u00e4mme kaikkia ihmisi\u00e4 kohdellaan tasavertaisesti tai samalla tavalla eik\u00e4 heit\u00e4 syrjit\u00e4 ennakkoluulojen tai ennakkoluulojen vuoksi. Ty\u00f6llist\u00e4mme ihmisi\u00e4, joilla on erilainen tausta, uskonto, sukupuoli ja seksuaalinen suuntautuminen. T\u00e4m\u00e4 tarkoittaa sit\u00e4, ett\u00e4 ty\u00f6h\u00f6n tai ylennykseen soveltuu parhaiten henkil\u00f6, joka ansaitsee kyseisen aseman p\u00e4tevyyden, kokemuksen ja tiet\u00e4myksen perusteella. Meid\u00e4n ... <a href=\"https:\/\/sloveniaprivatetours.com\/fi\/equal-opporunities\/\">Jatkuu<\/a><\/p>","protected":false},"author":45,"featured_media":0,"parent":0,"menu_order":0,"comment_status":"closed","ping_status":"closed","template":"","meta":{"_acf_changed":false,"footnotes":""},"class_list":["post-227","page","type-page","status-publish","hentry"],"acf":{"page_subheading":"Equality of opportunity is one of our primary values \u2014 find out how does it affect our practices."},"_links":{"self":[{"href":"https:\/\/sloveniaprivatetours.com\/fi\/wp-json\/wp\/v2\/pages\/227","targetHints":{"allow":["GET"]}}],"collection":[{"href":"https:\/\/sloveniaprivatetours.com\/fi\/wp-json\/wp\/v2\/pages"}],"about":[{"href":"https:\/\/sloveniaprivatetours.com\/fi\/wp-json\/wp\/v2\/types\/page"}],"author":[{"embeddable":true,"href":"https:\/\/sloveniaprivatetours.com\/fi\/wp-json\/wp\/v2\/users\/45"}],"replies":[{"embeddable":true,"href":"https:\/\/sloveniaprivatetours.com\/fi\/wp-json\/wp\/v2\/comments?post=227"}],"version-history":[{"count":4,"href":"https:\/\/sloveniaprivatetours.com\/fi\/wp-json\/wp\/v2\/pages\/227\/revisions"}],"predecessor-version":[{"id":341,"href":"https:\/\/sloveniaprivatetours.com\/fi\/wp-json\/wp\/v2\/pages\/227\/revisions\/341"}],"wp:attachment":[{"href":"https:\/\/sloveniaprivatetours.com\/fi\/wp-json\/wp\/v2\/media?parent=227"}],"curies":[{"name":"wp","href":"https:\/\/api.w.org\/{rel}","templated":true}]}}