{"id":295,"date":"2022-10-20T21:24:11","date_gmt":"2022-10-20T21:24:11","guid":{"rendered":"http:\/\/sloveniaprivatetours.com\/?page_id=295"},"modified":"2023-11-07T11:49:27","modified_gmt":"2023-11-07T11:49:27","slug":"kuljettajamme","status":"publish","type":"page","link":"https:\/\/sloveniaprivatetours.com\/fi\/our-drivers\/","title":{"rendered":"Kumppanimme"},"content":{"rendered":"<p><strong>Keit\u00e4 he ovat?<\/strong><\/p>\n\n\n\n<p>Slovenia Private Toursin yksityiset kuljettajat ovat&nbsp;<strong>luotettavat sertifioidut ammattilaiset<\/strong>&nbsp;huolehtii kaikesta tarvittavasta ja tekee yksityisest\u00e4 kiertomatkastasi Sloveniassa nautinnollisen ja stressitt\u00f6m\u00e4n kokemuksen. He ovat hyvin&nbsp;<strong>luotettava<\/strong>, joten sinun ei tarvitse koskaan odottaa niit\u00e4 - ne ovat paikalla, kun tarvitset niit\u00e4. Ja \u00e4l\u00e4 huoli, vaikka he tekev\u00e4t ty\u00f6ns\u00e4 ammattimaisesti, he eiv\u00e4t ole robotteja. He ovat&nbsp;<strong>puhuu sujuvasti englantia ja on eritt\u00e4in kommunikatiivinen<\/strong>, joka varmistaa, ett\u00e4 yksityinen kiertueesi sujuu sujuvasti, ja tekee siit\u00e4 my\u00f6s mielenkiintoisen ja hauskan.<\/p>\n\n\n\n<figure class=\"wp-block-image size-large\"><img decoding=\"async\" src=\"https:\/\/sloveniaprivatetours.com\/wp-content\/uploads\/taxi-driver-talking-to-a-female-passenger-in-car-stockpack-adobe-stock-1024x683.webp\" alt=\"Taksinkuljettaja puhuu naispuolisen matkustajan kanssa autossa\" class=\"wp-image-516\"\/><figcaption class=\"wp-element-caption\">Ammattitaitoiset kuljettajamme takaavat turvallisen ja mukavan ymp\u00e4rist\u00f6n<\/figcaption><\/figure>\n\n\n\n<p><strong>Mit\u00e4 ne tekev\u00e4t sinulle?<\/strong><\/p>\n\n\n\n<p>Ne&nbsp;<strong>n\u00e4ytt\u00e4\u00e4 sinulle Slovenian parhaat paikat<\/strong>ja vie sinut sinne, minne olet jo suunnitellut menev\u00e4si, tai ehdottaa uusia kohteita. He ovat paikallisia, jotka tuntevat Slovenian kuin omat taskunsa, mik\u00e4 tarkoittaa, ett\u00e4 he osaavat aina&nbsp;<strong>s\u00e4\u00e4t\u00e4\u00e4 matkan sinulle lennossa<\/strong>. Kylpyhuonetaukoja tai valokuvausmahdollisuuksia ei j\u00e4tet\u00e4 k\u00e4ytt\u00e4m\u00e4tt\u00e4. Saat my\u00f6s paljon tietoa Sloveniasta ja kohteista, joissa vierailet. Ja aina kun tunnet n\u00e4lk\u00e4\u00e4, kuljettaja voi ehdottaa ravintoloita ja muita ruokapaikkoja, joissa voit kokeilla paikallista ruokaa.<\/p>\n\n\n\n<figure class=\"wp-block-image size-large\"><img loading=\"lazy\" decoding=\"async\" width=\"1024\" height=\"683\" src=\"https:\/\/sloveniaprivatetours.com\/wp-content\/uploads\/wine-tasting-1024x683.webp\" alt=\"\" class=\"wp-image-412\" srcset=\"https:\/\/sloveniaprivatetours.com\/wp-content\/uploads\/wine-tasting-1024x683.webp 1024w, https:\/\/sloveniaprivatetours.com\/wp-content\/uploads\/wine-tasting-300x200.webp 300w, https:\/\/sloveniaprivatetours.com\/wp-content\/uploads\/wine-tasting-768x512.webp 768w, https:\/\/sloveniaprivatetours.com\/wp-content\/uploads\/wine-tasting-1536x1024.webp 1536w, https:\/\/sloveniaprivatetours.com\/wp-content\/uploads\/wine-tasting-2048x1365.webp 2048w, https:\/\/sloveniaprivatetours.com\/wp-content\/uploads\/wine-tasting-18x12.webp 18w, https:\/\/sloveniaprivatetours.com\/wp-content\/uploads\/wine-tasting-scaled.webp 1920w\" sizes=\"auto, (max-width: 1024px) 100vw, 1024px\" \/><figcaption class=\"wp-element-caption\">Saat yksinoikeudella p\u00e4\u00e4syn Slovenian hienoimpiin ruoka- ja viiniel\u00e4myksiin.  <\/figcaption><\/figure>\n\n\n\n<p><strong>Mit\u00e4 etuja on matkalla yksityisen kuljettajan kanssa Sloveniassa?<\/strong><\/p>\n\n\n\n<p>Edell\u00e4 mainittujen ilmeisten etujen lis\u00e4ksi yksityiset kuljettajat tarjoavat my\u00f6s muita, ei niin ilmeisi\u00e4 etuja. Vieraassa maassa omatoiminen kiertomatkailu tuo mukanaan haasteita, kuten tuntemattomia ja&nbsp;<strong>monimutkaiset liikennes\u00e4\u00e4nn\u00f6t<\/strong>, sopivien huoltoasemien l\u00f6yt\u00e4minen ja&nbsp;<strong>halvat pys\u00e4k\u00f6intipaikat<\/strong>. Kierroksella oman yksityisen kuljettajan kanssa, voit&nbsp;<strong>ei tarvitse huolehtia<\/strong>&nbsp;mist\u00e4\u00e4n tuollaisesta. Ja aina kun tulee h\u00e4t\u00e4 ja olisi hyv\u00e4 tuntea paikallinen, yksityinen kuljettajamme on valmiina auttamaan.<\/p>","protected":false},"excerpt":{"rendered":"<p>Keit\u00e4 he ovat? Slovenia Private Toursin yksityiset kuljettajat ovat luotettavia sertifioituja ammattilaisia, jotka huolehtivat kaikesta tarvittavasta ja tekev\u00e4t yksityisest\u00e4 kiertomatkastasi Sloveniassa nautinnollisen ja stressitt\u00f6m\u00e4n kokemuksen. He ovat eritt\u00e4in luotettavia, joten sinun ei tarvitse koskaan odottaa heit\u00e4 - he ovat paikalla, kun tarvitset heit\u00e4. Ja \u00e4l\u00e4 huoli, vaikka he ... <a href=\"https:\/\/sloveniaprivatetours.com\/fi\/our-drivers\/\">Jatkuu<\/a><\/p>","protected":false},"author":45,"featured_media":518,"parent":0,"menu_order":0,"comment_status":"closed","ping_status":"closed","template":"","meta":{"_acf_changed":false,"footnotes":""},"class_list":["post-295","page","type-page","status-publish","has-post-thumbnail","hentry"],"acf":{"page_subheading":"Get to know why you should trust our guides, drivers, and partners to make your private tour in Slovenia an unforgettable experience."},"_links":{"self":[{"href":"https:\/\/sloveniaprivatetours.com\/fi\/wp-json\/wp\/v2\/pages\/295","targetHints":{"allow":["GET"]}}],"collection":[{"href":"https:\/\/sloveniaprivatetours.com\/fi\/wp-json\/wp\/v2\/pages"}],"about":[{"href":"https:\/\/sloveniaprivatetours.com\/fi\/wp-json\/wp\/v2\/types\/page"}],"author":[{"embeddable":true,"href":"https:\/\/sloveniaprivatetours.com\/fi\/wp-json\/wp\/v2\/users\/45"}],"replies":[{"embeddable":true,"href":"https:\/\/sloveniaprivatetours.com\/fi\/wp-json\/wp\/v2\/comments?post=295"}],"version-history":[{"count":7,"href":"https:\/\/sloveniaprivatetours.com\/fi\/wp-json\/wp\/v2\/pages\/295\/revisions"}],"predecessor-version":[{"id":519,"href":"https:\/\/sloveniaprivatetours.com\/fi\/wp-json\/wp\/v2\/pages\/295\/revisions\/519"}],"wp:featuredmedia":[{"embeddable":true,"href":"https:\/\/sloveniaprivatetours.com\/fi\/wp-json\/wp\/v2\/media\/518"}],"wp:attachment":[{"href":"https:\/\/sloveniaprivatetours.com\/fi\/wp-json\/wp\/v2\/media?parent=295"}],"curies":[{"name":"wp","href":"https:\/\/api.w.org\/{rel}","templated":true}]}}