{"id":300,"date":"2022-10-20T21:27:09","date_gmt":"2022-10-20T21:27:09","guid":{"rendered":"http:\/\/sloveniaprivatetours.com\/?page_id=300"},"modified":"2023-10-11T08:03:47","modified_gmt":"2023-10-11T08:03:47","slug":"sloveniasta","status":"publish","type":"page","link":"https:\/\/sloveniaprivatetours.com\/fi\/about-slovenia\/","title":{"rendered":"Tietoja Sloveniasta"},"content":{"rendered":"<p>Ei ole sattumaa, ett\u00e4 maailmanlaajuinen Lonely Planet -matkailukirja sijoitti Slovenian sen&nbsp;<strong>top 5 paikkaa, joissa kannattaa vierailla vuonna 2022<\/strong>. Slovenia on pieni maa t\u00e4ynn\u00e4&nbsp;<strong>monimuotoisuus<\/strong>. Voit nauttia vuorista, merest\u00e4, Pannonian tasangoista, laajoista metsist\u00e4 ja viininviljelyyn erikoistuneista kukkuloista vain yhden p\u00e4iv\u00e4n aikana. Eik\u00e4 vain se; Se on&nbsp;<strong>vihre\u00e4 maa<\/strong>&nbsp;jolle on ominaista sen jatkuva pyrkimys vihre\u00e4n ymp\u00e4rist\u00f6ns\u00e4 ja rikkaan kulttuurinsa kest\u00e4vyyteen.<\/p>\n\n\n\n<figure class=\"wp-block-image size-large\"><img decoding=\"async\" src=\"https:\/\/sloveniaprivatetours.com\/wp-content\/uploads\/watersport-in-soca-river-bobec-slovenia-stockpack-adobe-stock-1024x576.webp\" alt=\"Vesiurheilu Soca joella, Bobec, Slovenia\" class=\"wp-image-493\"\/><figcaption class=\"wp-element-caption\">So\u010da-joki on ehdoton seikkailukohde.<\/figcaption><\/figure>\n\n\n\n<p>Slovenia on paratiisi&nbsp;<strong>ulkoiluseikkailun yst\u00e4ville<\/strong>. Patikointi ja k\u00e4vely on paikallisten suosikkiharrastus, ja talvella py\u00f6r\u00e4ily ja hiihto eiv\u00e4t ole kaukana per\u00e4ss\u00e4. Sitten on my\u00f6s kristallinkirkkaita jokia, kuten So\u010da, jossa voit kokeilla kaikkea koskenlaskusta canyoningiin. Jokainen Slovenian monipuolinen maisema on leikkikentt\u00e4 monenlaisille ulkoilma-aktiviteeteille.<\/p>\n\n\n\n<figure class=\"wp-block-image size-large\"><img decoding=\"async\" src=\"https:\/\/sloveniaprivatetours.com\/wp-content\/uploads\/old-town-and-the-medieval-ljubljana-castle-on-top-of-a-forest-hill-in-ljubljana-slovenia-stockpack-adobe-stock-1024x379.webp\" alt=\"Vanhakaupunki ja Ljubljanan keskiaikainen linna mets\u00e4kukkulan p\u00e4\u00e4ll\u00e4 Ljubljanassa, Sloveniassa.\" class=\"wp-image-490\"\/><figcaption class=\"wp-element-caption\">Ljubljana on Slovenian p\u00e4\u00e4kaupunki<\/figcaption><\/figure>\n\n\n\n<p>Vaikka niin voisi luulla, kaikki kaunis t\u00e4ss\u00e4 vihre\u00e4ss\u00e4 maassa ei ole per\u00e4isin luonnosta. Ihmisen toiminta Sloveniassa on sopusoinnussa sen kanssa, mutta se my\u00f6s erottuu. Osoitteessa&nbsp;<strong>maan historiassa on runsaasti erilaisia vaikutteita.<\/strong>mik\u00e4 tekee kulttuurista erityisen elinvoimaisen ja monipuolisen. Arkkitehtuuri heijastaa t\u00e4t\u00e4 - venetsialaisvaikutteisista rannikkokaupungeista, Julian Alpeilla sijaitsevista goottilaisista kirkoista, Ljubljanan jugendtyylisist\u00e4 rakennuksista ja paljon muusta.<\/p>\n\n\n\n<figure class=\"wp-block-image size-large\"><img decoding=\"async\" src=\"https:\/\/sloveniaprivatetours.com\/wp-content\/uploads\/traditional-slovenian-cake-with-layers-exquisite-sweet-dessert-a-traditional-cake-from-prekmurje-with-poppy-seeds-nuts-cottage-cheese-and-apple-layers-called-prekmurska-gibanica-stockpack-adobe-stock-1024x684.webp\" alt=\"Perinteinen slovenialainen kerroskakku - Hieno makea j\u00e4lkiruoka, Prekmurjen perinteinen kakku, jossa on unikonsiemeni\u00e4, p\u00e4hkin\u00f6it\u00e4, raejuustoa ja omenakerroksia, nimelt\u00e4\u00e4n Prekmurska gibanica.\" class=\"wp-image-495\"\/><figcaption class=\"wp-element-caption\">Prekmurska gibanica koostuu 19 makukerroksesta. <\/figcaption><\/figure>\n\n\n\n<p>Samanlainen sekoitus l\u00f6ytyy my\u00f6s Slovenian keitti\u00f6st\u00e4. Se on lainannut jotain jokaiselta naapurimaaltaan - It\u00e4vallalta, Italialta, Unkarilta ja Balkanilta - ja muokannut siit\u00e4 omat ainutlaatuiset ruokalajinsa, jotka ovat vahvasti sidoksissa siihen maisemaan, jossa ne on valmistettu. T\u00e4m\u00e4 tekee Sloveniasta&nbsp;<strong>loistava kohde kaikille foodien yst\u00e4ville<\/strong>, mink\u00e4 vuoksi se nimettiin my\u00f6s&nbsp;<strong>Euroopan gastronominen alue vuonna 2021<\/strong>. Suolaisen Karvian makkaran, makean \u0160trukljin tai ihanan Potican kaltaisia ruokia kannattaa kokeilla Slovenian-vierailun aikana.<\/p>","protected":false},"excerpt":{"rendered":"<p>Ei ole sattumaa, ett\u00e4 maailmanlaajuinen Lonely Planet -matkailukirja sijoitti Slovenian viiden parhaan vierailukohteen joukkoon vuonna 2022. Slovenia on pieni maa, joka on t\u00e4ynn\u00e4 monimuotoisuutta. Voit nauttia vuorista, merest\u00e4, Pannonian tasangoista, laajoista metsist\u00e4 ja viininviljelyst\u00e4 vain yhden p\u00e4iv\u00e4n aikana. Eik\u00e4 pelk\u00e4st\u00e4\u00e4n sit\u00e4; Se on vihre\u00e4 ... <a href=\"https:\/\/sloveniaprivatetours.com\/fi\/about-slovenia\/\">Jatkuu<\/a><\/p>","protected":false},"author":45,"featured_media":135,"parent":0,"menu_order":0,"comment_status":"closed","ping_status":"closed","template":"","meta":{"_acf_changed":false,"footnotes":""},"class_list":["post-300","page","type-page","status-publish","has-post-thumbnail","hentry"],"acf":{"page_subheading":"Slovenia, where the magic of Alpine wonders beautifully merges with Mediterranean charm, and every journey unveils an enchanting discovery."},"_links":{"self":[{"href":"https:\/\/sloveniaprivatetours.com\/fi\/wp-json\/wp\/v2\/pages\/300","targetHints":{"allow":["GET"]}}],"collection":[{"href":"https:\/\/sloveniaprivatetours.com\/fi\/wp-json\/wp\/v2\/pages"}],"about":[{"href":"https:\/\/sloveniaprivatetours.com\/fi\/wp-json\/wp\/v2\/types\/page"}],"author":[{"embeddable":true,"href":"https:\/\/sloveniaprivatetours.com\/fi\/wp-json\/wp\/v2\/users\/45"}],"replies":[{"embeddable":true,"href":"https:\/\/sloveniaprivatetours.com\/fi\/wp-json\/wp\/v2\/comments?post=300"}],"version-history":[{"count":11,"href":"https:\/\/sloveniaprivatetours.com\/fi\/wp-json\/wp\/v2\/pages\/300\/revisions"}],"predecessor-version":[{"id":500,"href":"https:\/\/sloveniaprivatetours.com\/fi\/wp-json\/wp\/v2\/pages\/300\/revisions\/500"}],"wp:featuredmedia":[{"embeddable":true,"href":"https:\/\/sloveniaprivatetours.com\/fi\/wp-json\/wp\/v2\/media\/135"}],"wp:attachment":[{"href":"https:\/\/sloveniaprivatetours.com\/fi\/wp-json\/wp\/v2\/media?parent=300"}],"curies":[{"name":"wp","href":"https:\/\/api.w.org\/{rel}","templated":true}]}}