{"id":108,"date":"2022-02-22T09:48:06","date_gmt":"2022-02-22T09:48:06","guid":{"rendered":"http:\/\/sloveniaprivatetours.com\/about-us\/"},"modified":"2024-06-11T10:05:35","modified_gmt":"2024-06-11T10:05:35","slug":"a-propos-de-nous","status":"publish","type":"page","link":"https:\/\/sloveniaprivatetours.com\/fr\/about-us\/","title":{"rendered":"\u00c0 propos de nous"},"content":{"rendered":"<p>Vous voulez visiter la Slov\u00e9nie, mais vous n'aimez pas voyager dans de grands groupes de touristes ? Vous \u00eates-vous d\u00e9j\u00e0 demand\u00e9 si ce serait mieux d'avoir un ami slov\u00e8ne qui pourrait vous faire d\u00e9couvrir le pays ?<\/p>\n\n\n\n<p>Eh bien, maintenant vous le savez !<\/p>\n\n\n\n<p>Nous sommes l\u00e0 pour vous faire visiter le pays dans un v\u00e9hicule confortable, et vous faire d\u00e9couvrir ses principales attractions sans l'agitation du tourisme de masse.<\/p>\n\n\n\n<h2 class=\"wp-block-heading\">Fiers de partager notre passion et nos connaissances sur la Slov\u00e9nie<\/h2>\n\n\n\n<p>En tant que l'un des fournisseurs de circuits touristiques sous la marque ombrelle de <a href=\"https:\/\/slovenia-discovery.com\/\">D\u00e9couverte de la Slov\u00e9nie<\/a>Nous nous assurons que nos clients profitent au maximum de nos visites priv\u00e9es. Slovenia Discovery est un sp\u00e9cialiste de la destination pour les touristes arrivant en Slov\u00e9nie, qui propose des visites passionnantes, des activit\u00e9s amusantes et d'autres exp\u00e9riences inoubliables pour toute personne en visite dans notre pays.<\/p>\n\n\n\n<p>Nous sommes un <strong>une \u00e9quipe locale de guides et de chauffeurs priv\u00e9s professionnels et exp\u00e9riment\u00e9s.<\/strong> pr\u00eats \u00e0 partager avec vous notre passion et nos connaissances sur la Slov\u00e9nie. N\u00e9s et \u00e9lev\u00e9s en Slov\u00e9nie et ayant plusieurs ann\u00e9es d'exp\u00e9rience dans le tourisme, nous connaissons le pays comme le dos de nos mains. Combin\u00e9 avec notre ambiance amicale et notre ma\u00eetrise de la langue anglaise, chaque voyage priv\u00e9 avec nous est une exp\u00e9rience amusante et agr\u00e9able.<\/p>\n\n\n\n<h2 class=\"wp-block-heading\">Abordable et fiable<\/h2>\n\n\n\n<p>Ce qui nous distingue des autres prestataires de circuits priv\u00e9s en Slov\u00e9nie, c'est que nous travaillons <strong>sans aucun interm\u00e9diaire<\/strong> - il n'y a que vous et nous. \u00c0 l'exception des prestataires locaux avec lesquels nous travaillons en \u00e9troite collaboration et qui vous permettent d'acc\u00e9der \u00e0 certains des sites les plus \u00e9tonnants de Slov\u00e9nie, il n'y a personne d'autre. Cela rend nos circuits beaucoup plus <strong>abordable<\/strong> et s'adaptent \u00e0 toutes les tailles de portefeuilles.<\/p>\n\n\n\n<p>Nous sommes \u00e9galement un <strong>fiable, enti\u00e8rement cautionn\u00e9 et financi\u00e8rement prot\u00e9g\u00e9<\/strong> entreprise. Un ami slov\u00e8ne peut tomber malade et annuler le voyage avec vous, mais ce n'est pas le cas avec nous. Lorsque nous finaliserons la date et le plan de votre circuit priv\u00e9, nous serons l\u00e0, pr\u00eats \u00e0 faire de ce voyage l'un de vos meilleurs circuits dans un pays \u00e9tranger.&nbsp;<\/p>\n\n\n\n<h2 class=\"wp-block-heading\">La Slov\u00e9nie au bout des doigts<\/h2>\n\n\n\n<p>Quels que soient vos d\u00e9sirs et vos souhaits pour un voyage en Slov\u00e9nie, nous ferons tout notre possible pour les r\u00e9aliser. Notre <strong>les clients sont au centre de nos pr\u00e9occupations<\/strong>C'est la premi\u00e8re chose dont nous sommes fiers.<\/p>\n\n\n\n<p>Alors, qu'attendez-vous ? Avez-vous d\u00e9cid\u00e9 de ce que vous voulez faire en Slov\u00e9nie ? Si ce n'est pas le cas, <a href=\"https:\/\/sloveniaprivatetours.com\/fr\/contactez-nous\/\">contactez-nous<\/a>et nous organiserons avec vous le circuit priv\u00e9 id\u00e9al en Slov\u00e9nie.<\/p>\n\n\n\n<p>Si vous pr\u00e9f\u00e9rez passer plus de temps avec nous, vous pouvez consulter notre site web. <a href=\"https:\/\/slovenialuxuryholidays.com\/\">Slov\u00e9nie - Vacances de luxe<\/a> ou les combiner avec le sport \u00e0 <a href=\"https:\/\/golf-slovenia.com\/\">Golf Slov\u00e9nie<\/a>.<\/p>\n\n\n\n<figure class=\"wp-block-embed is-type-video is-provider-youtube wp-block-embed-youtube wp-embed-aspect-16-9 wp-has-aspect-ratio\"><div class=\"wp-block-embed__wrapper\">\n<iframe loading=\"lazy\" title=\"Slov\u00e9nie. Un endroit o\u00f9 je suis libre de suivre ma propre voie. \ud83d\udc9a\" width=\"500\" height=\"281\" src=\"https:\/\/www.youtube.com\/embed\/3yNcd_djN3g?start=1&#038;feature=oembed\" frameborder=\"0\" allow=\"accelerometer; autoplay; clipboard-write; encrypted-media; gyroscope; picture-in-picture; web-share\" referrerpolicy=\"strict-origin-when-cross-origin\" allowfullscreen><\/iframe>\n<\/div><\/figure>","protected":false},"excerpt":{"rendered":"<p>Vous souhaitez visiter la Slov\u00e9nie, mais vous n'aimez pas voyager avec de grands groupes de touristes ? Vous \u00eates-vous d\u00e9j\u00e0 demand\u00e9 si ce serait mieux si vous aviez un ami slov\u00e8ne pour vous faire visiter le pays ? Eh bien, c'est d\u00e9sormais chose faite ! Nous sommes l\u00e0 pour vous faire d\u00e9couvrir le pays en ... <a href=\"https:\/\/sloveniaprivatetours.com\/fr\/about-us\/\">Suite<\/a><\/p>","protected":false},"author":45,"featured_media":109,"parent":0,"menu_order":0,"comment_status":"open","ping_status":"open","template":"","meta":{"_acf_changed":false,"footnotes":""},"class_list":["post-108","page","type-page","status-publish","has-post-thumbnail","hentry"],"acf":{"page_subheading":"Slovenia Private Tours provides personalised private tours of the best attractions in Slovenia in the company of our professional drivers."},"_links":{"self":[{"href":"https:\/\/sloveniaprivatetours.com\/fr\/wp-json\/wp\/v2\/pages\/108","targetHints":{"allow":["GET"]}}],"collection":[{"href":"https:\/\/sloveniaprivatetours.com\/fr\/wp-json\/wp\/v2\/pages"}],"about":[{"href":"https:\/\/sloveniaprivatetours.com\/fr\/wp-json\/wp\/v2\/types\/page"}],"author":[{"embeddable":true,"href":"https:\/\/sloveniaprivatetours.com\/fr\/wp-json\/wp\/v2\/users\/45"}],"replies":[{"embeddable":true,"href":"https:\/\/sloveniaprivatetours.com\/fr\/wp-json\/wp\/v2\/comments?post=108"}],"version-history":[{"count":20,"href":"https:\/\/sloveniaprivatetours.com\/fr\/wp-json\/wp\/v2\/pages\/108\/revisions"}],"predecessor-version":[{"id":560,"href":"https:\/\/sloveniaprivatetours.com\/fr\/wp-json\/wp\/v2\/pages\/108\/revisions\/560"}],"wp:featuredmedia":[{"embeddable":true,"href":"https:\/\/sloveniaprivatetours.com\/fr\/wp-json\/wp\/v2\/media\/109"}],"wp:attachment":[{"href":"https:\/\/sloveniaprivatetours.com\/fr\/wp-json\/wp\/v2\/media?parent=108"}],"curies":[{"name":"wp","href":"https:\/\/api.w.org\/{rel}","templated":true}]}}