{"id":295,"date":"2022-10-20T21:24:11","date_gmt":"2022-10-20T21:24:11","guid":{"rendered":"http:\/\/sloveniaprivatetours.com\/?page_id=295"},"modified":"2023-11-07T11:49:27","modified_gmt":"2023-11-07T11:49:27","slug":"nos-conducteurs","status":"publish","type":"page","link":"https:\/\/sloveniaprivatetours.com\/fr\/our-drivers\/","title":{"rendered":"Nos partenaires"},"content":{"rendered":"<p><strong>Qui sont-ils ?<\/strong><\/p>\n\n\n\n<p>Les chauffeurs priv\u00e9s de Slovenia Private Tours sont&nbsp;<strong>des professionnels certifi\u00e9s dignes de confiance<\/strong>&nbsp;Ils s'occupent de tout ce qui est n\u00e9cessaire et font de votre voyage priv\u00e9 en Slov\u00e9nie une exp\u00e9rience agr\u00e9able et sans stress. Ils sont tr\u00e8s&nbsp;<strong>fiable<\/strong>Vous n'aurez donc jamais \u00e0 les attendre - ils seront l\u00e0 quand vous en aurez besoin. Et ne vous inqui\u00e9tez pas, m\u00eame s'ils font leur travail de mani\u00e8re professionnelle, ce ne sont pas des robots. Ils sont&nbsp;<strong>parler couramment l'anglais et \u00eatre tr\u00e8s communicatif<\/strong>Il s'agit non seulement de veiller au bon d\u00e9roulement de votre visite priv\u00e9e, mais aussi de la rendre int\u00e9ressante et amusante.<\/p>\n\n\n\n<figure class=\"wp-block-image size-large\"><img decoding=\"async\" src=\"https:\/\/sloveniaprivatetours.com\/wp-content\/uploads\/taxi-driver-talking-to-a-female-passenger-in-car-stockpack-adobe-stock-1024x683.webp\" alt=\"Chauffeur de taxi parlant \u00e0 une passag\u00e8re dans une voiture\" class=\"wp-image-516\"\/><figcaption class=\"wp-element-caption\">Nos chauffeurs professionnels garantissent un environnement s\u00fbr et confortable<\/figcaption><\/figure>\n\n\n\n<p><strong>Que font-ils pour vous ?<\/strong><\/p>\n\n\n\n<p>Ils vont&nbsp;<strong>vous faire d\u00e9couvrir les meilleurs endroits de Slov\u00e9nie<\/strong>Ils vous emm\u00e8neront l\u00e0 o\u00f9 vous aviez pr\u00e9vu d'aller ou vous sugg\u00e9reront de nouvelles destinations. Ce sont des locaux qui connaissent la Slov\u00e9nie comme le fond de leur poche, ce qui signifie qu'ils peuvent toujours&nbsp;<strong>ajuster le voyage pour vous \u00e0 la vol\u00e9e<\/strong>. Vous ne manquerez aucune pause pipi ni aucune occasion de prendre des photos. Vous en apprendrez \u00e9galement beaucoup sur la Slov\u00e9nie et les destinations que vous visiterez. Et si vous avez faim, le chauffeur peut vous sugg\u00e9rer des restaurants et autres lieux de restauration o\u00f9 vous pourrez go\u00fbter \u00e0 la cuisine locale.<\/p>\n\n\n\n<figure class=\"wp-block-image size-large\"><img loading=\"lazy\" decoding=\"async\" width=\"1024\" height=\"683\" src=\"https:\/\/sloveniaprivatetours.com\/wp-content\/uploads\/wine-tasting-1024x683.webp\" alt=\"\" class=\"wp-image-412\" srcset=\"https:\/\/sloveniaprivatetours.com\/wp-content\/uploads\/wine-tasting-1024x683.webp 1024w, https:\/\/sloveniaprivatetours.com\/wp-content\/uploads\/wine-tasting-300x200.webp 300w, https:\/\/sloveniaprivatetours.com\/wp-content\/uploads\/wine-tasting-768x512.webp 768w, https:\/\/sloveniaprivatetours.com\/wp-content\/uploads\/wine-tasting-1536x1024.webp 1536w, https:\/\/sloveniaprivatetours.com\/wp-content\/uploads\/wine-tasting-2048x1365.webp 2048w, https:\/\/sloveniaprivatetours.com\/wp-content\/uploads\/wine-tasting-18x12.webp 18w, https:\/\/sloveniaprivatetours.com\/wp-content\/uploads\/wine-tasting-scaled.webp 1920w\" sizes=\"auto, (max-width: 1024px) 100vw, 1024px\" \/><figcaption class=\"wp-element-caption\">Acc\u00e8s exclusif aux meilleures exp\u00e9riences gastronomiques et vinicoles en Slov\u00e9nie  <\/figcaption><\/figure>\n\n\n\n<p><strong>Quels sont les avantages d'un circuit avec chauffeur priv\u00e9 en Slov\u00e9nie ?<\/strong><\/p>\n\n\n\n<p>Outre les avantages \u00e9vidents que nous avons d\u00e9j\u00e0 mentionn\u00e9s, les chauffeurs priv\u00e9s offrent \u00e9galement d'autres avantages moins \u00e9vidents. Partir seul en excursion dans un pays \u00e9tranger pr\u00e9sente des d\u00e9fis tels que l'inconnu et le manque de confiance en soi.&nbsp;<strong>des r\u00e8gles de circulation compliqu\u00e9es<\/strong>trouver des stations-service pratiques, et&nbsp;<strong>places de stationnement bon march\u00e9<\/strong>. Lors d'une visite avec votre propre chauffeur priv\u00e9, vous&nbsp;<strong>ne doivent pas s'inqui\u00e9ter<\/strong>&nbsp;de tout cela. Et si une urgence survient, et qu'il serait parfait de conna\u00eetre un local, notre chauffeur priv\u00e9 sera l\u00e0 pour vous aider.<\/p>","protected":false},"excerpt":{"rendered":"<p>Qui sont les chauffeurs priv\u00e9s ? Les chauffeurs priv\u00e9s de Slovenia Private Tours sont des professionnels certifi\u00e9s et dignes de confiance qui s'occupent de tout ce qui est n\u00e9cessaire pour faire de votre voyage priv\u00e9 en Slov\u00e9nie une exp\u00e9rience agr\u00e9able et sans stress. Ils sont tr\u00e8s fiables, vous n'aurez donc jamais \u00e0 les attendre - ils seront l\u00e0 quand vous aurez besoin d'eux. Et ne vous inqui\u00e9tez pas, m\u00eame s'ils ... <a href=\"https:\/\/sloveniaprivatetours.com\/fr\/our-drivers\/\">Suite<\/a><\/p>","protected":false},"author":45,"featured_media":518,"parent":0,"menu_order":0,"comment_status":"closed","ping_status":"closed","template":"","meta":{"_acf_changed":false,"footnotes":""},"class_list":["post-295","page","type-page","status-publish","has-post-thumbnail","hentry"],"acf":{"page_subheading":"Get to know why you should trust our guides, drivers, and partners to make your private tour in Slovenia an unforgettable experience."},"_links":{"self":[{"href":"https:\/\/sloveniaprivatetours.com\/fr\/wp-json\/wp\/v2\/pages\/295","targetHints":{"allow":["GET"]}}],"collection":[{"href":"https:\/\/sloveniaprivatetours.com\/fr\/wp-json\/wp\/v2\/pages"}],"about":[{"href":"https:\/\/sloveniaprivatetours.com\/fr\/wp-json\/wp\/v2\/types\/page"}],"author":[{"embeddable":true,"href":"https:\/\/sloveniaprivatetours.com\/fr\/wp-json\/wp\/v2\/users\/45"}],"replies":[{"embeddable":true,"href":"https:\/\/sloveniaprivatetours.com\/fr\/wp-json\/wp\/v2\/comments?post=295"}],"version-history":[{"count":7,"href":"https:\/\/sloveniaprivatetours.com\/fr\/wp-json\/wp\/v2\/pages\/295\/revisions"}],"predecessor-version":[{"id":519,"href":"https:\/\/sloveniaprivatetours.com\/fr\/wp-json\/wp\/v2\/pages\/295\/revisions\/519"}],"wp:featuredmedia":[{"embeddable":true,"href":"https:\/\/sloveniaprivatetours.com\/fr\/wp-json\/wp\/v2\/media\/518"}],"wp:attachment":[{"href":"https:\/\/sloveniaprivatetours.com\/fr\/wp-json\/wp\/v2\/media?parent=295"}],"curies":[{"name":"wp","href":"https:\/\/api.w.org\/{rel}","templated":true}]}}