{"id":300,"date":"2022-10-20T21:27:09","date_gmt":"2022-10-20T21:27:09","guid":{"rendered":"http:\/\/sloveniaprivatetours.com\/?page_id=300"},"modified":"2023-10-11T08:03:47","modified_gmt":"2023-10-11T08:03:47","slug":"a-propos-de-la-slovenie","status":"publish","type":"page","link":"https:\/\/sloveniaprivatetours.com\/fr\/about-slovenia\/","title":{"rendered":"\u00c0 propos de la Slov\u00e9nie"},"content":{"rendered":"<p>Ce n'est pas par hasard que le magazine de voyage international Lonely Planet a plac\u00e9 la Slov\u00e9nie dans sa liste de pays \u00e0 visiter.&nbsp;<strong>top 5 des lieux \u00e0 visiter en 2022<\/strong>. La Slov\u00e9nie est un petit pays plein de&nbsp;<strong>diversit\u00e9<\/strong>. Vous pouvez profiter des montagnes, de la mer, des plaines pannoniennes, des vastes for\u00eats et des collines viticoles en une seule journ\u00e9e. Et ce n'est pas tout : c'est un&nbsp;<strong>pays vert<\/strong>&nbsp;se caract\u00e9rise par ses efforts constants pour assurer la durabilit\u00e9 de son environnement vert et de sa riche culture.<\/p>\n\n\n\n<figure class=\"wp-block-image size-large\"><img decoding=\"async\" src=\"https:\/\/sloveniaprivatetours.com\/wp-content\/uploads\/watersport-in-soca-river-bobec-slovenia-stockpack-adobe-stock-1024x576.webp\" alt=\"Sports nautiques sur la rivi\u00e8re Soca, Bobec, Slov\u00e9nie\" class=\"wp-image-493\"\/><figcaption class=\"wp-element-caption\">La rivi\u00e8re So\u010da est une destination incontournable pour l'aventure<\/figcaption><\/figure>\n\n\n\n<p>La Slov\u00e9nie est un paradis&nbsp;<strong>pour les amateurs d'aventures en plein air<\/strong>. La randonn\u00e9e et la marche sont les passe-temps locaux pr\u00e9f\u00e9r\u00e9s, le v\u00e9lo et le ski en hiver n'\u00e9tant pas loin derri\u00e8re. Il y a aussi les rivi\u00e8res cristallines comme la So\u010da, o\u00f9 vous pouvez tout essayer, du rafting au canyoning. Chaque paysage diversifi\u00e9 de la Slov\u00e9nie est un terrain de jeu pour de nombreux types d'activit\u00e9s de plein air.<\/p>\n\n\n\n<figure class=\"wp-block-image size-large\"><img decoding=\"async\" src=\"https:\/\/sloveniaprivatetours.com\/wp-content\/uploads\/old-town-and-the-medieval-ljubljana-castle-on-top-of-a-forest-hill-in-ljubljana-slovenia-stockpack-adobe-stock-1024x379.webp\" alt=\"Vieille ville et ch\u00e2teau m\u00e9di\u00e9val de Ljubljana au sommet d&#039;une colline foresti\u00e8re \u00e0 Ljubljana, Slov\u00e9nie\" class=\"wp-image-490\"\/><figcaption class=\"wp-element-caption\">Ljubljana est la capitale de la Slov\u00e9nie.<\/figcaption><\/figure>\n\n\n\n<p>Bien qu'on puisse le penser, tout ce qui est beau dans ce pays vert ne vient pas de la nature. L'activit\u00e9 humaine en Slov\u00e9nie est en harmonie avec elle, mais elle s'en distingue aussi. Le site&nbsp;<strong>L'histoire du pays est riche de diff\u00e9rentes influences<\/strong>La culture est particuli\u00e8rement dynamique et diversifi\u00e9e. L'architecture en est le reflet, qu'il s'agisse des villes c\u00f4ti\u00e8res \u00e0 l'atmosph\u00e8re v\u00e9nitienne, des \u00e9glises gothiques des Alpes juliennes, des b\u00e2timents art nouveau de Ljubljana, et bien plus encore.<\/p>\n\n\n\n<figure class=\"wp-block-image size-large\"><img decoding=\"async\" src=\"https:\/\/sloveniaprivatetours.com\/wp-content\/uploads\/traditional-slovenian-cake-with-layers-exquisite-sweet-dessert-a-traditional-cake-from-prekmurje-with-poppy-seeds-nuts-cottage-cheese-and-apple-layers-called-prekmurska-gibanica-stockpack-adobe-stock-1024x684.webp\" alt=\"G\u00e2teau traditionnel slov\u00e8ne \u00e0 \u00e9tages - Dessert sucr\u00e9 exquis, un g\u00e2teau traditionnel de Prekmurje avec des couches de graines de pavot, de noix, de fromage blanc et de pommes, appel\u00e9 Prekmurska gibanica.\" class=\"wp-image-495\"\/><figcaption class=\"wp-element-caption\">La Prekmurska gibanica se compose de 19 couches d'ar\u00f4mes <\/figcaption><\/figure>\n\n\n\n<p>On retrouve le m\u00eame type de m\u00e9lange dans la cuisine slov\u00e8ne. Empruntant quelque chose \u00e0 chacun de ses voisins - l'Autriche, l'Italie, la Hongrie et les Balkans - elle a fa\u00e7onn\u00e9 ses propres plats uniques qui sont tr\u00e8s li\u00e9s au paysage dans lequel ils sont pr\u00e9par\u00e9s. Cela fait de la Slov\u00e9nie un&nbsp;<strong>grande destination pour tous les amateurs de cuisine<\/strong>C'est pourquoi il a \u00e9galement \u00e9t\u00e9 nomm\u00e9 le&nbsp;<strong>R\u00e9gion europ\u00e9enne de la gastronomie en 2021<\/strong>. Des plats tels que la saucisse sal\u00e9e de Carniola, le sucr\u00e9 ou \"\u0160truklji\" ou la d\u00e9licieuse \"Potica\" valent tous la peine d'\u00eatre go\u00fbt\u00e9s lors de votre visite en Slov\u00e9nie.<\/p>","protected":false},"excerpt":{"rendered":"<p>Ce n'est pas un hasard si le magazine de voyage international Lonely Planet a plac\u00e9 la Slov\u00e9nie dans son top 5 des endroits \u00e0 visiter en 2022. La Slov\u00e9nie est un petit pays plein de diversit\u00e9. En une seule journ\u00e9e, vous pouvez admirer les montagnes, la mer, les plaines pannoniennes, les vastes for\u00eats et les collines viticoles. Et ce n'est pas tout : c'est un pays ... <a href=\"https:\/\/sloveniaprivatetours.com\/fr\/about-slovenia\/\">Suite<\/a><\/p>","protected":false},"author":45,"featured_media":135,"parent":0,"menu_order":0,"comment_status":"closed","ping_status":"closed","template":"","meta":{"_acf_changed":false,"footnotes":""},"class_list":["post-300","page","type-page","status-publish","has-post-thumbnail","hentry"],"acf":{"page_subheading":"Slovenia, where the magic of Alpine wonders beautifully merges with Mediterranean charm, and every journey unveils an enchanting discovery."},"_links":{"self":[{"href":"https:\/\/sloveniaprivatetours.com\/fr\/wp-json\/wp\/v2\/pages\/300","targetHints":{"allow":["GET"]}}],"collection":[{"href":"https:\/\/sloveniaprivatetours.com\/fr\/wp-json\/wp\/v2\/pages"}],"about":[{"href":"https:\/\/sloveniaprivatetours.com\/fr\/wp-json\/wp\/v2\/types\/page"}],"author":[{"embeddable":true,"href":"https:\/\/sloveniaprivatetours.com\/fr\/wp-json\/wp\/v2\/users\/45"}],"replies":[{"embeddable":true,"href":"https:\/\/sloveniaprivatetours.com\/fr\/wp-json\/wp\/v2\/comments?post=300"}],"version-history":[{"count":11,"href":"https:\/\/sloveniaprivatetours.com\/fr\/wp-json\/wp\/v2\/pages\/300\/revisions"}],"predecessor-version":[{"id":500,"href":"https:\/\/sloveniaprivatetours.com\/fr\/wp-json\/wp\/v2\/pages\/300\/revisions\/500"}],"wp:featuredmedia":[{"embeddable":true,"href":"https:\/\/sloveniaprivatetours.com\/fr\/wp-json\/wp\/v2\/media\/135"}],"wp:attachment":[{"href":"https:\/\/sloveniaprivatetours.com\/fr\/wp-json\/wp\/v2\/media?parent=300"}],"curies":[{"name":"wp","href":"https:\/\/api.w.org\/{rel}","templated":true}]}}