{"id":108,"date":"2022-02-22T09:48:06","date_gmt":"2022-02-22T09:48:06","guid":{"rendered":"http:\/\/sloveniaprivatetours.com\/about-us\/"},"modified":"2024-06-11T10:05:35","modified_gmt":"2024-06-11T10:05:35","slug":"om-oss","status":"publish","type":"page","link":"https:\/\/sloveniaprivatetours.com\/nb\/about-us\/","title":{"rendered":"Om oss"},"content":{"rendered":"<p>\u00d8nsker du \u00e5 bes\u00f8ke Slovenia, men liker ikke \u00e5 reise i store turistgrupper? Har du noen gang lurt p\u00e5 hvor mye bedre det ville v\u00e6re om du hadde en venn fra Slovenia som kunne vise deg rundt?<\/p>\n\n\n\n<p>Vel, n\u00e5 gj\u00f8r du det!<\/p>\n\n\n\n<p>Vi er her for \u00e5 ta deg med rundt i landet i en komfortabel bil og vise deg noen av landets st\u00f8rste attraksjoner uten masseturismens kjas og mas.<\/p>\n\n\n\n<h2 class=\"wp-block-heading\">Stolt av \u00e5 dele v\u00e5r lidenskap og kunnskap om Slovenia<\/h2>\n\n\n\n<p>Som en av turoperat\u00f8rene under paraplymerket til <a href=\"https:\/\/slovenia-discovery.com\/\">Slovenia Oppdagelse<\/a>, s\u00f8rger vi for at v\u00e5re kunder nyter v\u00e5re private turer til det fulle. Slovenia Discovery er en destinasjonsspesialist for innkommende turister til Slovenia, og tilbyr spennende turer, morsomme aktiviteter og andre uforglemmelige opplevelser for alle som bes\u00f8ker landet v\u00e5rt.<\/p>\n\n\n\n<p>Vi er en <strong>lokalt team av profesjonelle og bereiste guider og private sj\u00e5f\u00f8rer<\/strong> klar til \u00e5 dele v\u00e5r lidenskap og kunnskap om Slovenia med deg. Vi er f\u00f8dt og oppvokst i Slovenia og har flere \u00e5rs erfaring innen turisme, s\u00e5 vi kjenner landet som v\u00e5r egen bukselomme. Kombinert med v\u00e5r vennlige vibe og ferdigheter i det engelske spr\u00e5ket, er hver private tur med oss en morsom og hyggelig opplevelse.<\/p>\n\n\n\n<h2 class=\"wp-block-heading\">Rimelig og p\u00e5litelig<\/h2>\n\n\n\n<p>Det som skiller oss fra andre private turoperat\u00f8rer i Slovenia, er at vi arbeider med <strong>uten mellomledd<\/strong> - det er bare deg og oss. Bortsett fra de lokale leverand\u00f8rene som vi samarbeider tett med og som gir deg tilgang til noen av de mest fantastiske stedene i Slovenia, er det ingen andre. Dette gj\u00f8r turene v\u00e5re mye mer <strong>rimelig<\/strong> og passer for alle lommebokst\u00f8rrelser.<\/p>\n\n\n\n<p>Vi er ogs\u00e5 en <strong>p\u00e5litelig, fullt bundet og finansielt beskyttet<\/strong> selskap. En venn fra Slovenia kan bli syk og avlyse turen med deg, men det er ikke tilfelle med oss. N\u00e5r vi ferdigstiller datoen og planen for din private tur, vil vi v\u00e6re der, klare til \u00e5 gj\u00f8re dette til en av dine beste turer i et fremmed land.&nbsp;<\/p>\n\n\n\n<h2 class=\"wp-block-heading\">Slovenia p\u00e5 fingertuppene<\/h2>\n\n\n\n<p>Uansett hva dine \u00f8nsker og \u00f8nsker er for en tur rundt i Slovenia, vil vi etter beste evne pr\u00f8ve \u00e5 oppfylle dem. V\u00e5r <strong>kundene er v\u00e5rt hovedfokus<\/strong>Det er det viktigste vi er stolte av.<\/p>\n\n\n\n<p>S\u00e5 hva venter du p\u00e5? Har du bestemt deg for hva du vil gj\u00f8re i Slovenia? Hvis ikke, hva kan du gj\u00f8re i Slovenia? <a href=\"https:\/\/sloveniaprivatetours.com\/nb\/kontakt-oss\/\">kontakt oss<\/a>, og vi vil planlegge den perfekte private turen i Slovenia sammen med deg.<\/p>\n\n\n\n<p>Hvis du foretrekker \u00e5 tilbringe mer tid med oss, kan du ta en titt p\u00e5 v\u00e5r <a href=\"https:\/\/slovenialuxuryholidays.com\/\">Luksusferie i Slovenia<\/a> eller kombinere dem med idrett p\u00e5 <a href=\"https:\/\/golf-slovenia.com\/\">Golf Slovenia<\/a>.<\/p>\n\n\n\n<figure class=\"wp-block-embed is-type-video is-provider-youtube wp-block-embed-youtube wp-embed-aspect-16-9 wp-has-aspect-ratio\"><div class=\"wp-block-embed__wrapper\">\n<iframe loading=\"lazy\" title=\"Slovenia. Et sted der jeg er fri til \u00e5 g\u00e5 mine egne veier. \ud83d\udc9a\" width=\"500\" height=\"281\" src=\"https:\/\/www.youtube.com\/embed\/3yNcd_djN3g?start=1&#038;feature=oembed\" frameborder=\"0\" allow=\"accelerometer; autoplay; clipboard-write; encrypted-media; gyroscope; picture-in-picture; web-share\" referrerpolicy=\"strict-origin-when-cross-origin\" allowfullscreen><\/iframe>\n<\/div><\/figure>","protected":false},"excerpt":{"rendered":"<p>Har du lyst til \u00e5 bes\u00f8ke Slovenia, men liker ikke \u00e5 reise i store turistgrupper? Har du noen gang lurt p\u00e5 hvor mye bedre det hadde v\u00e6rt om du hadde en slovensk venn som kunne vise deg rundt? Vel, n\u00e5 har du det! Vi er her for \u00e5 ta deg med rundt i landet i en ... <a href=\"https:\/\/sloveniaprivatetours.com\/nb\/about-us\/\">Fortsettelse<\/a><\/p>","protected":false},"author":45,"featured_media":109,"parent":0,"menu_order":0,"comment_status":"open","ping_status":"open","template":"","meta":{"_acf_changed":false,"footnotes":""},"class_list":["post-108","page","type-page","status-publish","has-post-thumbnail","hentry"],"acf":{"page_subheading":"Slovenia Private Tours provides personalised private tours of the best attractions in Slovenia in the company of our professional drivers."},"_links":{"self":[{"href":"https:\/\/sloveniaprivatetours.com\/nb\/wp-json\/wp\/v2\/pages\/108","targetHints":{"allow":["GET"]}}],"collection":[{"href":"https:\/\/sloveniaprivatetours.com\/nb\/wp-json\/wp\/v2\/pages"}],"about":[{"href":"https:\/\/sloveniaprivatetours.com\/nb\/wp-json\/wp\/v2\/types\/page"}],"author":[{"embeddable":true,"href":"https:\/\/sloveniaprivatetours.com\/nb\/wp-json\/wp\/v2\/users\/45"}],"replies":[{"embeddable":true,"href":"https:\/\/sloveniaprivatetours.com\/nb\/wp-json\/wp\/v2\/comments?post=108"}],"version-history":[{"count":20,"href":"https:\/\/sloveniaprivatetours.com\/nb\/wp-json\/wp\/v2\/pages\/108\/revisions"}],"predecessor-version":[{"id":560,"href":"https:\/\/sloveniaprivatetours.com\/nb\/wp-json\/wp\/v2\/pages\/108\/revisions\/560"}],"wp:featuredmedia":[{"embeddable":true,"href":"https:\/\/sloveniaprivatetours.com\/nb\/wp-json\/wp\/v2\/media\/109"}],"wp:attachment":[{"href":"https:\/\/sloveniaprivatetours.com\/nb\/wp-json\/wp\/v2\/media?parent=108"}],"curies":[{"name":"wp","href":"https:\/\/api.w.org\/{rel}","templated":true}]}}