{"id":223,"date":"2022-09-23T09:06:26","date_gmt":"2022-09-23T09:06:26","guid":{"rendered":"http:\/\/sloveniaprivatetours.com\/?page_id=223"},"modified":"2022-11-02T09:56:48","modified_gmt":"2022-11-02T09:56:48","slug":"baerekraft","status":"publish","type":"page","link":"https:\/\/sloveniaprivatetours.com\/nb\/sustainability\/","title":{"rendered":"B\u00e6rekraft"},"content":{"rendered":"<h2 class=\"wp-block-heading\">OPPDRAGSBESKRIVELSE<\/h2>\n\n\n\n<p>Vi er et fremtidsrettet innkommende reisebyr\u00e5 som har som m\u00e5l \u00e5 gi v\u00e5re kunder en unik, lokal opplevelse og \u00e5 legge til aktiviteter i v\u00e5rt lokale tilbud. Vi gj\u00f8r dette samtidig som vi fremmer kulturelt og milj\u00f8vennlig engasjement gjennom tette forbindelser med lokale leverand\u00f8rer. Vi ser det som v\u00e5r plikt \u00e5 samarbeide direkte med leverand\u00f8rer, kunder og samfunnet for \u00f8vrig for \u00e5 fremme b\u00e6rekraft gjennom utdanning og bevaring av kultur- og naturressurser p\u00e5 reisem\u00e5lene v\u00e5re.<\/p>\n\n\n\n<h2 class=\"wp-block-heading\">B\u00c6REKRAFTPOLITIKK FOR LEP D.O.O.<\/h2>\n\n\n\n<p>Vi er opptatt av \u00e5 beskytte milj\u00f8et og redusere v\u00e5r negative innvirkning p\u00e5 naturen. Vi forplikter oss til \u00e5 handle p\u00e5 f\u00f8lgende m\u00e5te for \u00e5 bevare milj\u00f8et:<\/p>\n\n\n\n<ul class=\"wp-block-list\">\n<li>respektere milj\u00f8vernlovgivningen,<\/li>\n\n\n\n<li>overv\u00e5ke virkningen av v\u00e5re aktiviteter p\u00e5 milj\u00f8et,<\/li>\n\n\n\n<li>oppfylle m\u00e5lene og tiltakene som er fastsatt i b\u00e6rekraftspolitikken,<\/li>\n\n\n\n<li>informere de ansatte om v\u00e5r b\u00e6rekraftspolitikk, m\u00e5l og tiltak<\/li>\n\n\n\n<li>informere gjester og leverand\u00f8rer om v\u00e5r innsats for \u00e5 redusere de negative virkningene av v\u00e5r virksomhet p\u00e5 milj\u00f8et og oppmuntre dem til \u00e5 delta og st\u00f8tte oss,<\/li>\n\n\n\n<li>fremme b\u00e6rekraftig mobilitet og annen milj\u00f8vennlig praksis blant v\u00e5re ansatte.<\/li>\n<\/ul>\n\n\n\n<p>Vi legger s\u00e6rlig vekt p\u00e5 f\u00f8lgende omr\u00e5der:<\/p>\n\n\n\n<h3 class=\"wp-block-heading\">ENERGIFORBRUK<\/h3>\n\n\n\n<p>V\u00e5rt selskap har forpliktet seg til kontinuerlig \u00e5 forbedre sin energiytelse og redusere sin klimagassutslippsprofil.<\/p>\n\n\n\n<p>For \u00e5 n\u00e5 m\u00e5lene vil selskapet:<\/p>\n\n\n\n<ol class=\"wp-block-list\">\n<li>Redusere energibehovet i hele virksomheten:<\/li>\n<\/ol>\n\n\n\n<p>Hvitevarer og elektronikk - Kj\u00f8p energieffektive produkter og bruk dem effektivt. Bruk en avansert str\u00f8mskinne for \u00e5 redusere \"vampyrbelastninger\" -&gt; str\u00f8m som sl\u00f8ses bort n\u00e5r elektronikk ikke er i bruk. Belysning -&gt; Kj\u00f8p energieffektive produkter, bruk dem effektivt og f\u00e5 mer dagslys inn p\u00e5 kontoret ved hjelp av energieffektive vinduer og takvinduer. Elektrisk oppvarming og kj\u00f8ling -&gt; Kj\u00f8p energieffektive elektriske systemer og bruk dem effektivt. Isolere og lufttette kontoret p\u00e5 riktig m\u00e5te.  Elektrisk oppvarming av vann -&gt; Kj\u00f8p en energieffektiv elektrisk varmtvannsbereder og bruk den effektivt, eller velg en energieffektiv varmtvannsbereder som ikke bruker str\u00f8m.<\/p>\n\n\n\n<ol class=\"wp-block-list\">\n<li>Bruke energi mer effektivt<\/li>\n\n\n\n<li>Energiforsyning fra fornybare kilder<\/li>\n\n\n\n<li>overv\u00e5ke, m\u00e5le og rapportere data om energiforbruk og -produksjon, og<\/li>\n\n\n\n<li>Fremme bevissthet om ansvaret for energisparing blant alle ansatte, studenter og entrepren\u00f8rer.<\/li>\n<\/ol>\n\n\n\n<p>Vi leier lokaler i en kontorbygning som har en milj\u00f8vennlig arkitektur og drastisk reduserer forbruket av energi og klimagasser med et omhyggelig valg av materialer og feilfri prosjektering. Ventilert aluminiumsfasade med varmeisolasjon, flerlagsglass, mulighet for \u00e5 \u00e5pne vinduer, et sentralt kontrollsystem for overv\u00e5king av kj\u00f8ling\/oppvarming og fjernvarme bidrar ytterligere til lave driftskostnader.<\/p>\n\n\n\n<h3 class=\"wp-block-heading\">VANNFORBRUK<\/h3>\n\n\n\n<p>Hos Lep d.o.o. bruker vi vann med omhu. Det er fargerike klistremerker ved siden av begge kontorkranene som oppfordrer de ansatte til \u00e5 spare vann.<\/p>\n\n\n\n<h3 class=\"wp-block-heading\">AVFALLSH\u00c5NDTERING<\/h3>\n\n\n\n<p>Vi bestreber oss p\u00e5 \u00e5 redusere mengden avfall som produseres p\u00e5 kontoret, spesielt mengden plast. For dette form\u00e5let kj\u00f8per vi varer uten eller med lite plast.<br>emballasje. Varer kj\u00f8pes i bulk der det er mulig. Vi sorterer ogs\u00e5 avfallet v\u00e5rt (papir, plast og emballasje, glass), som deretter kastes i egnede bycontainere og resirkuleres.<\/p>\n\n\n\n<h3 class=\"wp-block-heading\">FORBRUK AV ANDRE RESSURSER (PAPIR)<\/h3>\n\n\n\n<p>Lep d.o.o, reduserer papirforbruket ved \u00e5 fokusere p\u00e5 digital markedsf\u00f8ring og nettbasert kommunikasjon. Utskrift av gjenv\u00e6rende materiale planlegges n\u00f8ye og presist for \u00e5 unng\u00e5 gjenv\u00e6rende ubrukt materiale. Vi bruker sertifisert resirkulert papir.<\/p>\n\n\n\n<h3 class=\"wp-block-heading\">PERSONALPOLITIKK<\/h3>\n\n\n\n<p>I v\u00e5rt selskap s\u00f8rger vi for gode arbeidsforhold. Vi respekterer nasjonal og internasjonal lovgivning p\u00e5 arbeidstaker- og menneskerettighetsomr\u00e5det. De ansatte f\u00e5r regelmessig oppl\u00e6ring og oppl\u00e6ringsprogrammer og er kjent med selskapets retningslinjer, m\u00e5l og tiltak for b\u00e6rekraft.<\/p>\n\n\n\n<h3 class=\"wp-block-heading\">INNKJ\u00d8PSPOLITIKK<\/h3>\n\n\n\n<p>I v\u00e5rt selskap Lep d.o.o. er vi klar over at ved \u00e5 kj\u00f8pe lokale varer og tjenester bidrar vi til lokalsamfunnets velv\u00e6re. V\u00e5r innkj\u00f8pspolitikk prioriterer derfor lokale produkter, samt milj\u00f8vennlige produkter og produkter med b\u00e6rekraftsertifikater (rettferdig handel, \u00f8kologisk, FSC osv.).<\/p>\n\n\n\n<h2 class=\"wp-block-heading\"><strong>OVERORDNET M\u00c5L<\/strong><\/h2>\n\n\n\n<p>Vi \u00f8nsker \u00e5 dele v\u00e5r lidenskap for Slovenia og kunnskap om landets natur, historie og folk med v\u00e5re gjester gjennom \u00e5 tilby b\u00e6rekraftige reiser som er l\u00f8nnsomme for selskapet v\u00e5rt og fordelaktige for lokalsamfunnene og milj\u00f8et.<\/p>\n\n\n\n<p><strong>LOKALSAMFUNN OG KULTUR<\/strong><\/p>\n\n\n\n<p>- Drive og st\u00f8tte bevarings- og utdanningsprosjekter, og gi til og st\u00f8tte veldedige organisasjoner og initiativer i de bes\u00f8kte lokalsamfunnene.<\/p>\n\n\n\n<p>- Gjennomf\u00f8re turer for \u00e5 maksimere fordelene for kulturarven i lokalsamfunnene som bes\u00f8kes, og gi dem insentiver til \u00e5 opprettholde og beskytte sin kultur.<\/p>\n\n\n\n<p>- Utvikle vertssamfunnenes kapasitet til \u00e5 tjene til livets opphold gjennom turisme ved \u00e5 hjelpe dem til \u00e5 bli en del av et reiselivsnettverk, forst\u00e5 n\u00e6ringen og f\u00e5 markedsadgang.<\/p>\n\n\n\n<p><strong>\u00d8KONOMISK ANSVAR<\/strong><\/p>\n\n\n\n<p>- Behold pengene lokalt ved \u00e5 kj\u00f8pe (s\u00e5 mye som mulig) lokalt og bo p\u00e5 familiedrevne pensjonater og hoteller.<\/p>\n\n\n\n<p>- Tilby inntektsbringende aktiviteter gjennom ansettelse, oppl\u00e6ring og oppmuntre lokalbefolkningen til \u00e5 delta i gjennomf\u00f8ringen av v\u00e5re turer og aktiviteter.<\/p>\n\n\n\n<p>- Oppmuntre gjestene v\u00e5re til \u00e5 kj\u00f8pe lokalt h\u00e5ndverk og tjenester<\/p>\n\n\n\n<p><strong>MILJ\u00d8ANSVAR<\/strong><\/p>\n\n\n\n<p>- Tilby milj\u00f8vennlige turer av h\u00f8y kvalitet gjennom v\u00e5r ledende tiln\u00e6rming til oppl\u00e6ring av v\u00e5re guider for \u00e5 oppfylle internasjonale guidestandarder.<\/p>\n\n\n\n<p>- \u00d8ke bevisstheten i lokalsamfunnene om viktigheten av \u00e5 beskytte naturverdiene i Slovenia.<\/p>\n\n\n\n<p>- St\u00f8tte og sette i gang lokale skogplantings- og bevaringsprosjekter.<\/p>\n\n\n\n<p><strong>REISELIVSN\u00c6RINGEN<\/strong><\/p>\n\n\n\n<p>- Ta til orde for en ansvarlig tiln\u00e6rming til turismeutvikling<\/p>\n\n\n\n<p><strong>V\u00c5RT TEAM<\/strong><\/p>\n\n\n\n<p>- Gi givende arbeidserfaringer til v\u00e5re unge ansatte.<\/p>\n\n\n\n<p>- Personlige m\u00e5l: Vi fortsetter \u00e5 st\u00f8tte de ansatte i \u00e5 forf\u00f8lge personlige m\u00e5l.<\/p>\n\n\n\n<p>- Fleksibelt arbeid: Vi fortsetter \u00e5 tilby et fleksibelt arbeidsmilj\u00f8, og hittil har alle foresp\u00f8rsler fra ansatte om \u00e5 endre arbeidstidsordninger blitt godkjent.<\/p>\n\n\n\n<p>- Oppl\u00e6ring: 50% bidrag til oppl\u00e6ringskostnader for 2 nye guider innen 2023.<\/p>\n\n\n\n<p><strong>V\u00c5RE KUNDER<\/strong><\/p>\n\n\n\n<p>- Forbedre kommunikasjonen rundt de ansvarlige aspektene ved turene v\u00e5re.<\/p>\n\n\n\n<p>- Oppmuntre v\u00e5re gjester til \u00e5 bidra til \u00e5 st\u00f8tte lokale barn fra familier i n\u00f8d. N\u00e5 10000 \u20ac donasjonsbel\u00f8p innen 2024.<\/p>\n\n\n\n<h3 class=\"wp-block-heading\">REISEPARTNERPRIS<\/h3>\n\n\n\n<figure class=\"wp-block-image\"><img decoding=\"async\" src=\"https:\/\/960335.smushcdn.com\/2821714\/wp-content\/uploads\/partner-300x117.webp?lossy=1&amp;strip=1&amp;webp=1\" alt=\"\" class=\"wp-image-6119\"\/><\/figure>\n\n\n\n<p>Travelife Partner-utmerkelsen er en anerkjennelse av v\u00e5rt engasjement for sosial og milj\u00f8messig b\u00e6rekraft. Vi oppfyller, basert p\u00e5 en verifisert egenvurdering, mer enn 100 kriterier knyttet til b\u00e6rekraftstyring, kontordrift, samarbeid med leverand\u00f8rer og kundekommunikasjon. Vi arbeider for ytterligere forbedringer med sikte p\u00e5 til slutt \u00e5 n\u00e5 det tredjepartsreviderte Travelife-sertifiserte stadiet.<\/p>\n\n\n\n<p>Lep d.o.o.-teamet er glade for \u00e5 kunngj\u00f8re at vi er engasjert med&nbsp;<strong>Travelife for turoperat\u00f8rer og reisebyr\u00e5er<\/strong>&nbsp;ordning. Travelife er et internasjonalt anerkjent, GSTC-akkreditert oppl\u00e6rings-, ledelses- og sertifiseringsprogram for b\u00e6rekraftig turisme. Det er et tretrinns sertifiseringsprogram for turoperat\u00f8rer og reisebyr\u00e5er: (1) Travelife Engaged; (2) Travelife Partner og (3) Travelife Certified. Vi streber etter \u00e5 f\u00e5 Travelife Partner-anerkjennelse og mot ytterligere forbedringer med sikte p\u00e5 til slutt \u00e5 oppfylle Travelife Certified-kriteriene.<\/p>\n\n\n\n<p>V\u00e5re b\u00e6rekraftsresultater er samlet i denne&nbsp;<a href=\"https:\/\/winetastingljubljana.com\/wp-content\/uploads\/sustainability-report-lep-d.o.o.pdf?swcfpc=1\" target=\"_blank\" rel=\"noreferrer noopener\">B\u00e6rekraftsrapport<\/a>.<\/p>","protected":false},"excerpt":{"rendered":"<p>MISSION STATEMENT Vi er et fremtidsrettet incoming-reisebyr\u00e5 som har som m\u00e5l \u00e5 gi kundene v\u00e5re en unik, lokal opplevelse og tilf\u00f8re aktiviteter til det lokale tilbudet. Dette gj\u00f8r vi samtidig som vi fremmer et kulturelt og milj\u00f8vennlig engasjement gjennom et n\u00e6rt samarbeid med lokale leverand\u00f8rer. Vi ser det som v\u00e5r plikt \u00e5 samarbeide direkte med leverand\u00f8rer, ... <a href=\"https:\/\/sloveniaprivatetours.com\/nb\/sustainability\/\">Fortsettelse<\/a><\/p>","protected":false},"author":45,"featured_media":0,"parent":0,"menu_order":0,"comment_status":"closed","ping_status":"closed","template":"","meta":{"_acf_changed":false,"footnotes":""},"class_list":["post-223","page","type-page","status-publish","hentry"],"acf":{"page_subheading":"A healthy environment is essential to continue our work, which is why we choose sustainable practices and environmentally friendly ways to do it."},"_links":{"self":[{"href":"https:\/\/sloveniaprivatetours.com\/nb\/wp-json\/wp\/v2\/pages\/223","targetHints":{"allow":["GET"]}}],"collection":[{"href":"https:\/\/sloveniaprivatetours.com\/nb\/wp-json\/wp\/v2\/pages"}],"about":[{"href":"https:\/\/sloveniaprivatetours.com\/nb\/wp-json\/wp\/v2\/types\/page"}],"author":[{"embeddable":true,"href":"https:\/\/sloveniaprivatetours.com\/nb\/wp-json\/wp\/v2\/users\/45"}],"replies":[{"embeddable":true,"href":"https:\/\/sloveniaprivatetours.com\/nb\/wp-json\/wp\/v2\/comments?post=223"}],"version-history":[{"count":3,"href":"https:\/\/sloveniaprivatetours.com\/nb\/wp-json\/wp\/v2\/pages\/223\/revisions"}],"predecessor-version":[{"id":339,"href":"https:\/\/sloveniaprivatetours.com\/nb\/wp-json\/wp\/v2\/pages\/223\/revisions\/339"}],"wp:attachment":[{"href":"https:\/\/sloveniaprivatetours.com\/nb\/wp-json\/wp\/v2\/media?parent=223"}],"curies":[{"name":"wp","href":"https:\/\/api.w.org\/{rel}","templated":true}]}}