{"id":227,"date":"2022-09-23T09:06:48","date_gmt":"2022-09-23T09:06:48","guid":{"rendered":"http:\/\/sloveniaprivatetours.com\/?page_id=227"},"modified":"2022-11-02T10:01:01","modified_gmt":"2022-11-02T10:01:01","slug":"like-muligheter","status":"publish","type":"page","link":"https:\/\/sloveniaprivatetours.com\/nb\/equal-opporunities\/","title":{"rendered":"Like muligheter"},"content":{"rendered":"<p>I v\u00e5rt lille selskap blir alle mennesker behandlet likt eller p\u00e5 samme m\u00e5te og ikke forfordelt p\u00e5 grunn av fordommer eller skjevheter. Vi ansetter mennesker med ulik bakgrunn, religion, kj\u00f8nn og seksuell legning. Dette betyr at den beste personen for en jobb eller en forfremmelse er den personen som gj\u00f8r seg fortjent til stillingen basert p\u00e5 kvalifikasjoner, erfaring og kunnskap. Mangfoldet p\u00e5 arbeidsplassen v\u00e5r verdsetter alles ulikheter.<\/p>","protected":false},"excerpt":{"rendered":"<p>I v\u00e5rt lille selskap blir alle mennesker behandlet likt eller p\u00e5 samme m\u00e5te, og blir ikke forfordelt p\u00e5 grunn av fordommer eller forutinntatthet. Vi ansetter mennesker med ulik bakgrunn, religion, kj\u00f8nn og seksuell legning. Det betyr at den beste personen til en jobb eller en forfremmelse er den personen som gj\u00f8r seg fortjent til stillingen basert p\u00e5 kvalifikasjoner, erfaring og kunnskap. V\u00e5r ... <a href=\"https:\/\/sloveniaprivatetours.com\/nb\/equal-opporunities\/\">Fortsettelse<\/a><\/p>","protected":false},"author":45,"featured_media":0,"parent":0,"menu_order":0,"comment_status":"closed","ping_status":"closed","template":"","meta":{"_acf_changed":false,"footnotes":""},"class_list":["post-227","page","type-page","status-publish","hentry"],"acf":{"page_subheading":"Equality of opportunity is one of our primary values \u2014 find out how does it affect our practices."},"_links":{"self":[{"href":"https:\/\/sloveniaprivatetours.com\/nb\/wp-json\/wp\/v2\/pages\/227","targetHints":{"allow":["GET"]}}],"collection":[{"href":"https:\/\/sloveniaprivatetours.com\/nb\/wp-json\/wp\/v2\/pages"}],"about":[{"href":"https:\/\/sloveniaprivatetours.com\/nb\/wp-json\/wp\/v2\/types\/page"}],"author":[{"embeddable":true,"href":"https:\/\/sloveniaprivatetours.com\/nb\/wp-json\/wp\/v2\/users\/45"}],"replies":[{"embeddable":true,"href":"https:\/\/sloveniaprivatetours.com\/nb\/wp-json\/wp\/v2\/comments?post=227"}],"version-history":[{"count":4,"href":"https:\/\/sloveniaprivatetours.com\/nb\/wp-json\/wp\/v2\/pages\/227\/revisions"}],"predecessor-version":[{"id":341,"href":"https:\/\/sloveniaprivatetours.com\/nb\/wp-json\/wp\/v2\/pages\/227\/revisions\/341"}],"wp:attachment":[{"href":"https:\/\/sloveniaprivatetours.com\/nb\/wp-json\/wp\/v2\/media?parent=227"}],"curies":[{"name":"wp","href":"https:\/\/api.w.org\/{rel}","templated":true}]}}