{"id":295,"date":"2022-10-20T21:24:11","date_gmt":"2022-10-20T21:24:11","guid":{"rendered":"http:\/\/sloveniaprivatetours.com\/?page_id=295"},"modified":"2023-11-07T11:49:27","modified_gmt":"2023-11-07T11:49:27","slug":"sjaforene-vare","status":"publish","type":"page","link":"https:\/\/sloveniaprivatetours.com\/nb\/our-drivers\/","title":{"rendered":"V\u00e5re partnere"},"content":{"rendered":"<p><strong>Hvem er de?<\/strong><\/p>\n\n\n\n<p>Private sj\u00e5f\u00f8rer i Slovenia Private Tours er&nbsp;<strong>p\u00e5litelige sertifiserte fagpersoner<\/strong>&nbsp;tar seg av alt som trengs og gj\u00f8r din private tur i Slovenia til en hyggelig og stressfri opplevelse. De er veldig&nbsp;<strong>p\u00e5litelig<\/strong>s\u00e5 du trenger aldri \u00e5 vente p\u00e5 dem - de vil v\u00e6re der n\u00e5r du trenger dem. Og ikke bekymre deg, selv om de gj\u00f8r jobben sin profesjonelt, er de ikke roboter. De er&nbsp;<strong>flytende i engelsk og sv\u00e6rt kommunikativ<\/strong>, som ikke bare s\u00f8rger for at din private tur g\u00e5r knirkefritt, men ogs\u00e5 gj\u00f8r den interessant og morsom.<\/p>\n\n\n\n<figure class=\"wp-block-image size-large\"><img decoding=\"async\" src=\"https:\/\/sloveniaprivatetours.com\/wp-content\/uploads\/taxi-driver-talking-to-a-female-passenger-in-car-stockpack-adobe-stock-1024x683.webp\" alt=\"Taxisj\u00e5f\u00f8r som snakker med en kvinnelig passasjer i bilen\" class=\"wp-image-516\"\/><figcaption class=\"wp-element-caption\">V\u00e5re profesjonelle sj\u00e5f\u00f8rer garanterer et trygt og komfortabelt milj\u00f8<\/figcaption><\/figure>\n\n\n\n<p><strong>Hva gj\u00f8r de for deg?<\/strong><\/p>\n\n\n\n<p>De vil&nbsp;<strong>vise deg de beste stedene rundt om i Slovenia<\/strong>De tar deg med dit du allerede har planlagt \u00e5 dra, eller foresl\u00e5r nye destinasjoner. De er lokalbefolkningen som kjenner Slovenia som sin egen bukselomme, noe som betyr at de alltid kan hjelpe deg med \u00e5 finne det du trenger.&nbsp;<strong>justere turen for deg underveis<\/strong>. Ingen toalettpauser eller fotomuligheter vil bli savnet. Du vil ogs\u00e5 finne ut mye om Slovenia og destinasjonene du bes\u00f8ker. Og n\u00e5r du f\u00f8ler deg sulten, kan sj\u00e5f\u00f8ren foresl\u00e5 restauranter og andre matsteder der du kan pr\u00f8ve det lokale kj\u00f8kkenet.<\/p>\n\n\n\n<figure class=\"wp-block-image size-large\"><img loading=\"lazy\" decoding=\"async\" width=\"1024\" height=\"683\" src=\"https:\/\/sloveniaprivatetours.com\/wp-content\/uploads\/wine-tasting-1024x683.webp\" alt=\"\" class=\"wp-image-412\" srcset=\"https:\/\/sloveniaprivatetours.com\/wp-content\/uploads\/wine-tasting-1024x683.webp 1024w, https:\/\/sloveniaprivatetours.com\/wp-content\/uploads\/wine-tasting-300x200.webp 300w, https:\/\/sloveniaprivatetours.com\/wp-content\/uploads\/wine-tasting-768x512.webp 768w, https:\/\/sloveniaprivatetours.com\/wp-content\/uploads\/wine-tasting-1536x1024.webp 1536w, https:\/\/sloveniaprivatetours.com\/wp-content\/uploads\/wine-tasting-2048x1365.webp 2048w, https:\/\/sloveniaprivatetours.com\/wp-content\/uploads\/wine-tasting-18x12.webp 18w, https:\/\/sloveniaprivatetours.com\/wp-content\/uploads\/wine-tasting-scaled.webp 1920w\" sizes=\"auto, (max-width: 1024px) 100vw, 1024px\" \/><figcaption class=\"wp-element-caption\">F\u00e5 eksklusiv tilgang til de beste mat- og vinopplevelsene i Slovenia.  <\/figcaption><\/figure>\n\n\n\n<p><strong>Hva er fordelene med en tur med en privat sj\u00e5f\u00f8r i Slovenia?<\/strong><\/p>\n\n\n\n<p>Bortsett fra alle de \u00e5penbare fordelene vi allerede har nevnt ovenfor, har privatsj\u00e5f\u00f8rer ogs\u00e5 andre fordeler som ikke er s\u00e5 \u00e5penbare. \u00c5 dra p\u00e5 tur i et fremmed land p\u00e5 egen h\u00e5nd byr p\u00e5 utfordringer som ukjent og&nbsp;<strong>kompliserte trafikkregler<\/strong>finne praktiske bensinstasjoner, og&nbsp;<strong>billige parkeringsplasser<\/strong>. P\u00e5 en tur med din egen privatsj\u00e5f\u00f8r, kan du&nbsp;<strong>ikke trenger \u00e5 bekymre deg<\/strong>&nbsp;om noe av dette. Og n\u00e5r en n\u00f8dsituasjon oppst\u00e5r, og det ville v\u00e6re perfekt \u00e5 kjenne en lokal, vil v\u00e5r private sj\u00e5f\u00f8r v\u00e6re der for \u00e5 hjelpe.<\/p>","protected":false},"excerpt":{"rendered":"<p>Hvem er de? Privatsj\u00e5f\u00f8rene i Slovenia Private Tours er p\u00e5litelige, sertifiserte fagfolk som tar seg av alt som trengs og gj\u00f8r din private tur i Slovenia til en hyggelig og stressfri opplevelse. De er sv\u00e6rt p\u00e5litelige, s\u00e5 du trenger aldri \u00e5 vente p\u00e5 dem - de vil v\u00e6re der n\u00e5r du trenger dem. Og ikke bekymre deg, selv om de ... <a href=\"https:\/\/sloveniaprivatetours.com\/nb\/our-drivers\/\">Fortsettelse<\/a><\/p>","protected":false},"author":45,"featured_media":518,"parent":0,"menu_order":0,"comment_status":"closed","ping_status":"closed","template":"","meta":{"_acf_changed":false,"footnotes":""},"class_list":["post-295","page","type-page","status-publish","has-post-thumbnail","hentry"],"acf":{"page_subheading":"Get to know why you should trust our guides, drivers, and partners to make your private tour in Slovenia an unforgettable experience."},"_links":{"self":[{"href":"https:\/\/sloveniaprivatetours.com\/nb\/wp-json\/wp\/v2\/pages\/295","targetHints":{"allow":["GET"]}}],"collection":[{"href":"https:\/\/sloveniaprivatetours.com\/nb\/wp-json\/wp\/v2\/pages"}],"about":[{"href":"https:\/\/sloveniaprivatetours.com\/nb\/wp-json\/wp\/v2\/types\/page"}],"author":[{"embeddable":true,"href":"https:\/\/sloveniaprivatetours.com\/nb\/wp-json\/wp\/v2\/users\/45"}],"replies":[{"embeddable":true,"href":"https:\/\/sloveniaprivatetours.com\/nb\/wp-json\/wp\/v2\/comments?post=295"}],"version-history":[{"count":7,"href":"https:\/\/sloveniaprivatetours.com\/nb\/wp-json\/wp\/v2\/pages\/295\/revisions"}],"predecessor-version":[{"id":519,"href":"https:\/\/sloveniaprivatetours.com\/nb\/wp-json\/wp\/v2\/pages\/295\/revisions\/519"}],"wp:featuredmedia":[{"embeddable":true,"href":"https:\/\/sloveniaprivatetours.com\/nb\/wp-json\/wp\/v2\/media\/518"}],"wp:attachment":[{"href":"https:\/\/sloveniaprivatetours.com\/nb\/wp-json\/wp\/v2\/media?parent=295"}],"curies":[{"name":"wp","href":"https:\/\/api.w.org\/{rel}","templated":true}]}}