{"id":300,"date":"2022-10-20T21:27:09","date_gmt":"2022-10-20T21:27:09","guid":{"rendered":"http:\/\/sloveniaprivatetours.com\/?page_id=300"},"modified":"2023-10-11T08:03:47","modified_gmt":"2023-10-11T08:03:47","slug":"om-slovenia","status":"publish","type":"page","link":"https:\/\/sloveniaprivatetours.com\/nb\/about-slovenia\/","title":{"rendered":"Om Slovenia"},"content":{"rendered":"<p>Det er ikke tilfeldig at den verdensomspennende reiseboken Lonely Planet har plassert Slovenia i sin&nbsp;<strong>topp 5 steder \u00e5 bes\u00f8ke i 2022<\/strong>. Slovenia er et lite land fullt av&nbsp;<strong>mangfold<\/strong>. Du kan nyte fjellene, havet, de pannoniske slettene, vidstrakte skoger og vindyrkende \u00e5ser p\u00e5 bare en dag. Og ikke bare det; Det er en&nbsp;<strong>gr\u00f8nt land<\/strong>&nbsp;kjennetegnes av sin konstante streben etter \u00e5 bevare sitt gr\u00f8nne milj\u00f8 og sin rike kultur.<\/p>\n\n\n\n<figure class=\"wp-block-image size-large\"><img decoding=\"async\" src=\"https:\/\/sloveniaprivatetours.com\/wp-content\/uploads\/watersport-in-soca-river-bobec-slovenia-stockpack-adobe-stock-1024x576.webp\" alt=\"Vannsport i Soca-elven, Bobec, Slovenia\" class=\"wp-image-493\"\/><figcaption class=\"wp-element-caption\">So\u010da-elven er et reisem\u00e5l du bare m\u00e5 bes\u00f8ke for \u00e5 oppleve eventyr<\/figcaption><\/figure>\n\n\n\n<p>Slovenia er et paradis&nbsp;<strong>for friluftsentusiaster<\/strong>. Fotturer og g\u00e5turer er den lokale favorittbeskjeftigelsen, med sykling og skiturer om vinteren ikke langt etter. I tillegg finnes det krystallklare elver som So\u010da, der du kan pr\u00f8ve alt fra rafting til juving. Hvert eneste landskap i Slovenia er en lekeplass for mange typer utend\u00f8rsaktiviteter.<\/p>\n\n\n\n<figure class=\"wp-block-image size-large\"><img decoding=\"async\" src=\"https:\/\/sloveniaprivatetours.com\/wp-content\/uploads\/old-town-and-the-medieval-ljubljana-castle-on-top-of-a-forest-hill-in-ljubljana-slovenia-stockpack-adobe-stock-1024x379.webp\" alt=\"Gamlebyen og Ljubljanas middelalderslott p\u00e5 toppen av en skogkledd h\u00f8yde i Ljubljana, Slovenia.\" class=\"wp-image-490\"\/><figcaption class=\"wp-element-caption\">Ljubljana er hovedstaden i Slovenia<\/figcaption><\/figure>\n\n\n\n<p>Selv om du kanskje tror det, kommer ikke alt det vakre i dette gr\u00f8nne landet fra naturen. Menneskelig aktivitet i Slovenia er i harmoni med den, men den skiller seg ogs\u00e5 ut. Den&nbsp;<strong>landets historie er rik p\u00e5 forskjellige p\u00e5virkninger<\/strong>, noe som gj\u00f8r kulturen spesielt levende og mangfoldig. Arkitekturen gjenspeiler dette - fra de venetiansk-inspirerte kystbyene, de gotiske kirkene i de juliske alpene, jugendstilbygningene i Ljubljana og mye mer.<\/p>\n\n\n\n<figure class=\"wp-block-image size-large\"><img decoding=\"async\" src=\"https:\/\/sloveniaprivatetours.com\/wp-content\/uploads\/traditional-slovenian-cake-with-layers-exquisite-sweet-dessert-a-traditional-cake-from-prekmurje-with-poppy-seeds-nuts-cottage-cheese-and-apple-layers-called-prekmurska-gibanica-stockpack-adobe-stock-1024x684.webp\" alt=\"Tradisjonell slovensk lagkake - Uts\u00f8kt s\u00f8t dessert, en tradisjonell kake fra Prekmurje med valmuefr\u00f8, n\u00f8tter, cottage cheese og eplelag, kalt Prekmurska gibanica.\" class=\"wp-image-495\"\/><figcaption class=\"wp-element-caption\">Prekmurska gibanica best\u00e5r av 19 lag med smak. <\/figcaption><\/figure>\n\n\n\n<p>Den samme blandingen finner vi i det slovenske kj\u00f8kkenet. Landet har l\u00e5nt noe fra hver av sine naboer - \u00d8sterrike, Italia, Ungarn og Balkan - og har formet sine egne unike retter som i stor grad er knyttet til landskapet de er laget i. Dette gj\u00f8r Slovenia til et&nbsp;<strong>flott reisem\u00e5l for alle matelskere<\/strong>Derfor fikk den ogs\u00e5 navnet&nbsp;<strong>Den europeiske gastronomiregionen i 2021<\/strong>. Retter som den smakfulle Carniola-p\u00f8lsen, den s\u00f8te \"\u0160truklji\" eller den herlige \"Potica\" er alle verdt \u00e5 pr\u00f8ve her p\u00e5 ditt bes\u00f8k i Slovenia.<\/p>","protected":false},"excerpt":{"rendered":"<p>Det er ikke tilfeldig at den globale reiseboken Lonely Planet har plassert Slovenia blant de fem beste stedene \u00e5 bes\u00f8ke i 2022. Slovenia er et lite land fullt av mangfold. Du kan oppleve fjellene, havet, de pannoniske slettene, de store skogene og de vinproduserende \u00e5sene p\u00e5 bare \u00e9n dag. Og ikke bare det; det er et gr\u00f8nt ... <a href=\"https:\/\/sloveniaprivatetours.com\/nb\/about-slovenia\/\">Fortsettelse<\/a><\/p>","protected":false},"author":45,"featured_media":135,"parent":0,"menu_order":0,"comment_status":"closed","ping_status":"closed","template":"","meta":{"_acf_changed":false,"footnotes":""},"class_list":["post-300","page","type-page","status-publish","has-post-thumbnail","hentry"],"acf":{"page_subheading":"Slovenia, where the magic of Alpine wonders beautifully merges with Mediterranean charm, and every journey unveils an enchanting discovery."},"_links":{"self":[{"href":"https:\/\/sloveniaprivatetours.com\/nb\/wp-json\/wp\/v2\/pages\/300","targetHints":{"allow":["GET"]}}],"collection":[{"href":"https:\/\/sloveniaprivatetours.com\/nb\/wp-json\/wp\/v2\/pages"}],"about":[{"href":"https:\/\/sloveniaprivatetours.com\/nb\/wp-json\/wp\/v2\/types\/page"}],"author":[{"embeddable":true,"href":"https:\/\/sloveniaprivatetours.com\/nb\/wp-json\/wp\/v2\/users\/45"}],"replies":[{"embeddable":true,"href":"https:\/\/sloveniaprivatetours.com\/nb\/wp-json\/wp\/v2\/comments?post=300"}],"version-history":[{"count":11,"href":"https:\/\/sloveniaprivatetours.com\/nb\/wp-json\/wp\/v2\/pages\/300\/revisions"}],"predecessor-version":[{"id":500,"href":"https:\/\/sloveniaprivatetours.com\/nb\/wp-json\/wp\/v2\/pages\/300\/revisions\/500"}],"wp:featuredmedia":[{"embeddable":true,"href":"https:\/\/sloveniaprivatetours.com\/nb\/wp-json\/wp\/v2\/media\/135"}],"wp:attachment":[{"href":"https:\/\/sloveniaprivatetours.com\/nb\/wp-json\/wp\/v2\/media?parent=300"}],"curies":[{"name":"wp","href":"https:\/\/api.w.org\/{rel}","templated":true}]}}