{"id":300,"date":"2022-10-20T21:27:09","date_gmt":"2022-10-20T21:27:09","guid":{"rendered":"http:\/\/sloveniaprivatetours.com\/?page_id=300"},"modified":"2023-10-11T08:03:47","modified_gmt":"2023-10-11T08:03:47","slug":"over-slovenie","status":"publish","type":"page","link":"https:\/\/sloveniaprivatetours.com\/nl\/about-slovenia\/","title":{"rendered":"Over Sloveni\u00eb"},"content":{"rendered":"<p>Het is geen toeval dat het wereldwijde reisboek Lonely Planet Sloveni\u00eb in zijn&nbsp;<strong>top 5 plaatsen om te bezoeken in 2022<\/strong>. Sloveni\u00eb is een klein land vol&nbsp;<strong>diversiteit<\/strong>. U kunt in \u00e9\u00e9n dag genieten van de bergen, de zee, de Pannonische vlakte, de uitgestrekte bossen en de wijnheuvels. En dat niet alleen; Het is een&nbsp;<strong>groen land<\/strong>&nbsp;gekenmerkt door zijn constante streven naar duurzaamheid van zijn groene omgeving en rijke cultuur.<\/p>\n\n\n\n<figure class=\"wp-block-image size-large\"><img decoding=\"async\" src=\"https:\/\/sloveniaprivatetours.com\/wp-content\/uploads\/watersport-in-soca-river-bobec-slovenia-stockpack-adobe-stock-1024x576.webp\" alt=\"Watersport in de Soca-rivier, Bobec, Sloveni\u00eb\" class=\"wp-image-493\"\/><figcaption class=\"wp-element-caption\">De So\u010da rivier is een must-visit bestemming voor avontuur<\/figcaption><\/figure>\n\n\n\n<p>Sloveni\u00eb is een paradijs&nbsp;<strong>voor liefhebbers van avontuur in de buitenlucht<\/strong>. Wandelen en hiken is het favoriete lokale tijdverdrijf, met fietsen en ski\u00ebn in de winter niet ver daarachter. Dan zijn er ook nog kristalheldere rivieren zoals de So\u010da, waar je van alles kunt proberen, van raften tot canyoning. Elk afwisselend landschap in Sloveni\u00eb is een speeltuin voor vele soorten buitenactiviteiten.<\/p>\n\n\n\n<figure class=\"wp-block-image size-large\"><img decoding=\"async\" src=\"https:\/\/sloveniaprivatetours.com\/wp-content\/uploads\/old-town-and-the-medieval-ljubljana-castle-on-top-of-a-forest-hill-in-ljubljana-slovenia-stockpack-adobe-stock-1024x379.webp\" alt=\"Oude stad en het middeleeuwse kasteel van Ljubljana bovenop een bosheuvel in Ljubljana, Sloveni\u00eb\" class=\"wp-image-490\"\/><figcaption class=\"wp-element-caption\">Ljubljana is de hoofdstad van Sloveni\u00eb<\/figcaption><\/figure>\n\n\n\n<p>Hoewel je dat misschien denkt, komt niet al het mooie in dit groene land uit de natuur. De menselijke activiteit in Sloveni\u00eb is er in harmonie mee, maar valt ook op. De&nbsp;<strong>de geschiedenis van het land is rijk aan verschillende invloeden<\/strong>waardoor de cultuur bijzonder levendig en divers is. De architectuur weerspiegelt dat - van de Venetiaans ge\u00efnspireerde kustplaatsen, de gotische kerken in de Julische Alpen, de jugendstilgebouwen in Ljubljana, en nog veel meer.<\/p>\n\n\n\n<figure class=\"wp-block-image size-large\"><img decoding=\"async\" src=\"https:\/\/sloveniaprivatetours.com\/wp-content\/uploads\/traditional-slovenian-cake-with-layers-exquisite-sweet-dessert-a-traditional-cake-from-prekmurje-with-poppy-seeds-nuts-cottage-cheese-and-apple-layers-called-prekmurska-gibanica-stockpack-adobe-stock-1024x684.webp\" alt=\"Traditionele Sloveense cake met laagjes - Een heerlijk zoet dessert, een traditionele cake uit Prekmurje met maanzaad, noten, kwark en laagjes appel, genaamd Prekmurska gibanica.\" class=\"wp-image-495\"\/><figcaption class=\"wp-element-caption\">Prekmurska gibanica bestaat uit 19 smaaklagen <\/figcaption><\/figure>\n\n\n\n<p>Dezelfde mix is te vinden in de keuken van Sloveni\u00eb. Door iets te lenen van elk van zijn buren - Oostenrijk, Itali\u00eb, Hongarije en de Balkan - heeft het zijn eigen unieke gerechten gevormd die sterk verbonden zijn met het landschap waarin ze worden gemaakt. Dit maakt Sloveni\u00eb tot een&nbsp;<strong>geweldige bestemming voor alle fijnproevers<\/strong>Daarom werd het ook de&nbsp;<strong>Europese regio van de gastronomie in 2021<\/strong>. Gerechten als de hartige Carniola-worst, de zoete of \"\u0160truklji\" of de verrukkelijke \"Potica\" zijn allemaal het proberen waard tijdens uw bezoek aan Sloveni\u00eb.<\/p>","protected":false},"excerpt":{"rendered":"<p>Het is geen toeval dat het wereldwijde reisboek Lonely Planet Sloveni\u00eb in zijn top 5 plaatste van plaatsen om te bezoeken in 2022. Sloveni\u00eb is een klein land vol diversiteit. Je kunt in \u00e9\u00e9n dag genieten van de bergen, de zee, de Pannonische vlakten, uitgestrekte bossen en wijnheuvels. En dat niet alleen; het is een groene ... <a href=\"https:\/\/sloveniaprivatetours.com\/nl\/about-slovenia\/\">Vervolg<\/a><\/p>","protected":false},"author":45,"featured_media":135,"parent":0,"menu_order":0,"comment_status":"closed","ping_status":"closed","template":"","meta":{"_acf_changed":false,"footnotes":""},"class_list":["post-300","page","type-page","status-publish","has-post-thumbnail","hentry"],"acf":{"page_subheading":"Slovenia, where the magic of Alpine wonders beautifully merges with Mediterranean charm, and every journey unveils an enchanting discovery."},"_links":{"self":[{"href":"https:\/\/sloveniaprivatetours.com\/nl\/wp-json\/wp\/v2\/pages\/300","targetHints":{"allow":["GET"]}}],"collection":[{"href":"https:\/\/sloveniaprivatetours.com\/nl\/wp-json\/wp\/v2\/pages"}],"about":[{"href":"https:\/\/sloveniaprivatetours.com\/nl\/wp-json\/wp\/v2\/types\/page"}],"author":[{"embeddable":true,"href":"https:\/\/sloveniaprivatetours.com\/nl\/wp-json\/wp\/v2\/users\/45"}],"replies":[{"embeddable":true,"href":"https:\/\/sloveniaprivatetours.com\/nl\/wp-json\/wp\/v2\/comments?post=300"}],"version-history":[{"count":11,"href":"https:\/\/sloveniaprivatetours.com\/nl\/wp-json\/wp\/v2\/pages\/300\/revisions"}],"predecessor-version":[{"id":500,"href":"https:\/\/sloveniaprivatetours.com\/nl\/wp-json\/wp\/v2\/pages\/300\/revisions\/500"}],"wp:featuredmedia":[{"embeddable":true,"href":"https:\/\/sloveniaprivatetours.com\/nl\/wp-json\/wp\/v2\/media\/135"}],"wp:attachment":[{"href":"https:\/\/sloveniaprivatetours.com\/nl\/wp-json\/wp\/v2\/media?parent=300"}],"curies":[{"name":"wp","href":"https:\/\/api.w.org\/{rel}","templated":true}]}}