{"id":108,"date":"2022-02-22T09:48:06","date_gmt":"2022-02-22T09:48:06","guid":{"rendered":"http:\/\/sloveniaprivatetours.com\/about-us\/"},"modified":"2024-06-11T10:05:35","modified_gmt":"2024-06-11T10:05:35","slug":"om-oss","status":"publish","type":"page","link":"https:\/\/sloveniaprivatetours.com\/sv\/about-us\/","title":{"rendered":"Om oss"},"content":{"rendered":"<p>Vill du bes\u00f6ka Slovenien, men gillar inte att resa i stora grupper av turister? Har du n\u00e5gonsin undrat hur b\u00e4ttre det skulle vara om du hade en v\u00e4n fr\u00e5n Slovenien som kunde visa dig runt?<\/p>\n\n\n\n<p>Nu vet du det!<\/p>\n\n\n\n<p>Vi \u00e4r h\u00e4r f\u00f6r att ta dig runt i landet i ett bekv\u00e4mt fordon och visa dig n\u00e5gra av dess fr\u00e4msta attraktioner utan massturismens stress och j\u00e4kt.<\/p>\n\n\n\n<h2 class=\"wp-block-heading\">Vi \u00e4r stolta \u00f6ver att dela med oss av v\u00e5r passion och kunskap om Slovenien.<\/h2>\n\n\n\n<p>Som en av reseleverant\u00f6rerna under paraplym\u00e4rket <a href=\"https:\/\/slovenia-discovery.com\/\">Uppt\u00e4ckten i Slovenien<\/a>Vi ser till att v\u00e5ra kunder njuter av v\u00e5ra privata turer till fullo. Slovenia Discovery \u00e4r en destinationsspecialist f\u00f6r inkommande turister till Slovenien och erbjuder sp\u00e4nnande turer, roliga aktiviteter och andra of\u00f6rgl\u00f6mliga upplevelser f\u00f6r alla som bes\u00f6ker v\u00e5rt land.<\/p>\n\n\n\n<p>Vi \u00e4r ett <strong>ett lokalt team av professionella och v\u00e4lresta guider och privata chauff\u00f6rer<\/strong> redo att dela v\u00e5r passion och kunskap om Slovenien med dig. Vi \u00e4r f\u00f6dda och uppvuxna i Slovenien och har flera \u00e5rs erfarenhet av turism, s\u00e5 vi k\u00e4nner landet som v\u00e5r egen ficka. I kombination med v\u00e5r v\u00e4nliga st\u00e4mning och v\u00e5ra kunskaper i det engelska spr\u00e5ket blir varje privat resa med oss en rolig och trevlig upplevelse.<\/p>\n\n\n\n<h2 class=\"wp-block-heading\">Prisv\u00e4rd och p\u00e5litlig<\/h2>\n\n\n\n<p>Det som skiljer oss fr\u00e5n andra privata researrang\u00f6rer i Slovenien \u00e4r att vi arbetar <strong>utan mellanh\u00e4nder<\/strong> - Det \u00e4r bara du och vi. F\u00f6rutom de lokala leverant\u00f6rerna som vi arbetar n\u00e4ra tillsammans med och som ger dig tilltr\u00e4de till n\u00e5gra av de mest fantastiska platserna i Slovenien, finns det ingen annan. Detta g\u00f6r v\u00e5ra turer mycket mer <strong>\u00f6verkomligt<\/strong> och passar alla pl\u00e5nboksstorlekar.<\/p>\n\n\n\n<p>Vi \u00e4r ocks\u00e5 en <strong>p\u00e5litlig, fullt ut garanterad och finansiellt skyddad<\/strong> f\u00f6retag. En v\u00e4n fr\u00e5n Slovenien kan bli sjuk och st\u00e4lla in resan med dig, men det \u00e4r inte fallet med oss. N\u00e4r vi fastst\u00e4ller datumet och planen f\u00f6r din privata resa kommer vi att vara d\u00e4r, redo att g\u00f6ra detta till en av dina b\u00e4sta resor i ett fr\u00e4mmande land.&nbsp;<\/p>\n\n\n\n<h2 class=\"wp-block-heading\">Slovenien inom r\u00e4ckh\u00e5ll<\/h2>\n\n\n\n<p>Vad du \u00e4n har f\u00f6r \u00f6nskem\u00e5l och \u00f6nskem\u00e5l om en resa i Slovenien kommer vi att g\u00f6ra v\u00e5rt b\u00e4sta f\u00f6r att f\u00f6rverkliga dem. V\u00e5r <strong>kunderna \u00e4r v\u00e5rt prim\u00e4ra fokus<\/strong>; Det \u00e4r det fr\u00e4msta vi \u00e4r stolta \u00f6ver.<\/p>\n\n\n\n<p>S\u00e5 vad v\u00e4ntar du p\u00e5? Har du best\u00e4mt dig f\u00f6r vad du vill g\u00f6ra i Slovenien? Om inte, <a href=\"https:\/\/sloveniaprivatetours.com\/sv\/kontakta-oss\/\">kontakta oss<\/a>s\u00e5 planerar vi tillsammans med dig den perfekta privata resan till Slovenien.<\/p>\n\n\n\n<p>Om du f\u00f6redrar att tillbringa mer tid med oss kan du titta p\u00e5 v\u00e5ra <a href=\"https:\/\/slovenialuxuryholidays.com\/\">Lyxsemester i Slovenien<\/a> eller kombinera dem med sport p\u00e5 <a href=\"https:\/\/golf-slovenia.com\/\">Golf Slovenien<\/a>.<\/p>\n\n\n\n<figure class=\"wp-block-embed is-type-video is-provider-youtube wp-block-embed-youtube wp-embed-aspect-16-9 wp-has-aspect-ratio\"><div class=\"wp-block-embed__wrapper\">\n<iframe loading=\"lazy\" title=\"Slovenien. En plats d\u00e4r jag \u00e4r fri att g\u00e5 min egen v\u00e4g. \ud83d\udc9a\" width=\"500\" height=\"281\" src=\"https:\/\/www.youtube.com\/embed\/3yNcd_djN3g?start=1&#038;feature=oembed\" frameborder=\"0\" allow=\"accelerometer; autoplay; clipboard-write; encrypted-media; gyroscope; picture-in-picture; web-share\" referrerpolicy=\"strict-origin-when-cross-origin\" allowfullscreen><\/iframe>\n<\/div><\/figure>","protected":false},"excerpt":{"rendered":"<p>Vill du bes\u00f6ka Slovenien, men du \u00e4r inte ett fan av att resa i stora grupper av turister? Har du n\u00e5gonsin undrat hur mycket b\u00e4ttre det skulle vara om du hade en v\u00e4n fr\u00e5n Slovenien som kunde visa dig runt? Ja, nu har du det! Vi \u00e4r h\u00e4r f\u00f6r att ta dig runt i landet i en ... <a href=\"https:\/\/sloveniaprivatetours.com\/sv\/about-us\/\">Forts\u00e4ttning<\/a><\/p>","protected":false},"author":45,"featured_media":109,"parent":0,"menu_order":0,"comment_status":"open","ping_status":"open","template":"","meta":{"_acf_changed":false,"footnotes":""},"class_list":["post-108","page","type-page","status-publish","has-post-thumbnail","hentry"],"acf":{"page_subheading":"Slovenia Private Tours provides personalised private tours of the best attractions in Slovenia in the company of our professional drivers."},"_links":{"self":[{"href":"https:\/\/sloveniaprivatetours.com\/sv\/wp-json\/wp\/v2\/pages\/108","targetHints":{"allow":["GET"]}}],"collection":[{"href":"https:\/\/sloveniaprivatetours.com\/sv\/wp-json\/wp\/v2\/pages"}],"about":[{"href":"https:\/\/sloveniaprivatetours.com\/sv\/wp-json\/wp\/v2\/types\/page"}],"author":[{"embeddable":true,"href":"https:\/\/sloveniaprivatetours.com\/sv\/wp-json\/wp\/v2\/users\/45"}],"replies":[{"embeddable":true,"href":"https:\/\/sloveniaprivatetours.com\/sv\/wp-json\/wp\/v2\/comments?post=108"}],"version-history":[{"count":20,"href":"https:\/\/sloveniaprivatetours.com\/sv\/wp-json\/wp\/v2\/pages\/108\/revisions"}],"predecessor-version":[{"id":560,"href":"https:\/\/sloveniaprivatetours.com\/sv\/wp-json\/wp\/v2\/pages\/108\/revisions\/560"}],"wp:featuredmedia":[{"embeddable":true,"href":"https:\/\/sloveniaprivatetours.com\/sv\/wp-json\/wp\/v2\/media\/109"}],"wp:attachment":[{"href":"https:\/\/sloveniaprivatetours.com\/sv\/wp-json\/wp\/v2\/media?parent=108"}],"curies":[{"name":"wp","href":"https:\/\/api.w.org\/{rel}","templated":true}]}}