{"id":130,"date":"2022-06-28T13:11:17","date_gmt":"2022-06-28T13:11:17","guid":{"rendered":"http:\/\/sloveniaprivatetours.com\/partners\/"},"modified":"2022-11-02T09:43:48","modified_gmt":"2022-11-02T09:43:48","slug":"partner","status":"publish","type":"page","link":"https:\/\/sloveniaprivatetours.com\/sv\/partners\/","title":{"rendered":"Partners"},"content":{"rendered":"<p><strong><a href=\"https:\/\/wine-tours-slovenia.com\/\" target=\"_blank\" rel=\"noreferrer noopener\">VINRESOR SLOVENIEN<\/a><\/strong><\/p>\n\n\n\n<p>Vinresor \u00e4r perfekta f\u00f6r b\u00e5de nyb\u00f6rjare och erfarna vinprovare. Du beh\u00f6ver inga f\u00f6rkunskaper. Det enda som kr\u00e4vs \u00e4r viljan att koppla av, dricka vin och koppla av lite till.<\/p>\n\n\n\n<p>Det finns inget b\u00e4ttre s\u00e4tt att uppleva Sloveniens rika vinframst\u00e4llningstradition p\u00e5 n\u00e4ra h\u00e5ll, umg\u00e5s med andra resen\u00e4rer och smaka p\u00e5 naturens sk\u00f6te under en enda dag.<\/p>\n\n\n\n<p><strong><a href=\"https:\/\/bearwatchingslovenia.com\/\" target=\"_blank\" rel=\"noreferrer noopener\">BJ\u00d6RNOBSERVATION SLOVENIEN<\/a><\/strong><\/p>\n\n\n\n<p>Upplev sp\u00e4nningen med att titta p\u00e5 bj\u00f6rnar i Sloveniens or\u00f6rda naturskogar. F\u00f6lj med en viltexpert djupt in i skogen, d\u00e4r du f\u00e5r m\u00f6ta Sloveniens inhemska brunbj\u00f6rn genom de breda f\u00f6nstren p\u00e5 en s\u00e4ker utsiktsplats i tr\u00e4 - perfekt f\u00f6r att ta fantastiska bilder.<\/p>\n\n\n\n<p><strong><a href=\"https:\/\/farmlifeslovenia.com\/\" target=\"_blank\" rel=\"noreferrer noopener\">LIVET P\u00c5 G\u00c5RDEN SLOVENIEN<\/a><\/strong><\/p>\n\n\n\n<p>Tillbringa en dag p\u00e5 en typisk slovensk g\u00e5rd d\u00e4r du kan se och uppleva ett antal aktiviteter p\u00e5 n\u00e4ra h\u00e5ll. Beroende p\u00e5 s\u00e4song kan du delta i arbetet p\u00e5 f\u00e4lten, skala majs, samla in \u00e4gg, baka br\u00f6d, biodla osv.<\/p>\n\n\n\n<p><strong><a href=\"https:\/\/shoreexcursionskoper.com\/\" target=\"_blank\" rel=\"noreferrer noopener\">UTFLYKTER I LAND I KOPER<\/a><\/strong><\/p>\n\n\n\n<p>De b\u00e4sta guidade landutflykterna fr\u00e5n Koper i Slovenien f\u00f6r att uppt\u00e4cka b\u00e5de dess fr\u00e4msta attraktioner och dolda p\u00e4rlor.<\/p>\n\n\n\n<p><a href=\"https:\/\/triglavtours.com\/\" target=\"_blank\" rel=\"noreferrer noopener\"><strong>TRIGLAV TOURS<\/strong><\/a><\/p>\n\n\n\n<p>Guidade vandringsturer upp p\u00e5 Sloveniens h\u00f6gsta berg<\/p>\n\n\n\n<p><strong><a href=\"https:\/\/thebalkantours.com\/\" target=\"_blank\" rel=\"noreferrer noopener\">TURER P\u00c5 BALKAN<\/a><\/strong><\/p>\n\n\n\n<p>Of\u00f6rgl\u00f6mliga semestrar i Balkanl\u00e4nderna.<\/p>\n\n\n\n<p><strong><a href=\"https:\/\/shoreexcursionskoper.com\/\" target=\"_blank\" rel=\"noreferrer noopener\">UTFLYKTER I LAND I KOPER<\/a><\/strong><\/p>\n\n\n\n<p>De b\u00e4sta guidade landutflykterna fr\u00e5n Koper i Slovenien f\u00f6r att uppt\u00e4cka b\u00e5de dess fr\u00e4msta attraktioner och dolda p\u00e4rlor.<\/p>\n\n\n\n<p><a href=\"https:\/\/sloveniawedding.com\/\" target=\"_blank\" rel=\"noreferrer noopener\"><strong>SLOVENIEN BR\u00d6LLOP<\/strong><\/a><\/p>\n\n\n\n<p>En m\u00e4ngd olika fantastiska br\u00f6llopspaket och underbara platser i hela Slovenien.<\/p>\n\n\n\n<p><a href=\"https:\/\/sloveniatours.com\/\" target=\"_blank\" rel=\"noreferrer noopener\"><strong>SLOVENIEN TURER<\/strong><\/a><\/p>\n\n\n\n<p>Guidade flerdagarsresor till Slovenien f\u00f6r att uppt\u00e4cka b\u00e5de de fr\u00e4msta sev\u00e4rdheterna och dolda p\u00e4rlor. Deras lokala guider kommer att f\u00f6lja med dig p\u00e5 resan genom det b\u00e4sta av Slovenien, fr\u00e5n den lugna till den mer aktiva semestern.<\/p>\n\n\n\n<p><strong><a href=\"https:\/\/sloveniacyclingholidays.com\/\" target=\"_blank\" rel=\"noreferrer noopener\">SLOVENIEN CYKELSEMESTER<\/a><\/strong><\/p>\n\n\n\n<p>Cycling Holidays Slovenia \u00e4r en nybliven resebyr\u00e5 vars uppdrag \u00e4r att ge sina kunder m\u00f6jlighet att uppleva Sloveniens varierande landskap p\u00e5 cykel.<\/p>\n\n\n\n<p><strong><a href=\"https:\/\/huttohuthikingslovenia.com\/\" target=\"_blank\" rel=\"noreferrer noopener\">VANDRING FR\u00c5N HYDDA TILL HYDDA I SLOVENIEN<\/a><\/strong><\/p>\n\n\n\n<p>Guidade och sj\u00e4lvguidade vandringar p\u00e5 bergsstigar med utsikt \u00f6ver alptopparna och den omgivande naturen, vila i stugor och avnjutning av hemlagade r\u00e4tter.&nbsp;<\/p>\n\n\n\n<p><strong><a href=\"https:\/\/walking-holidays-slovenia.com\/\" target=\"_blank\" rel=\"noreferrer noopener\">VANDRINGSSEMESTER I SLOVENIEN<\/a><\/strong><\/p>\n\n\n\n<p>Vandringsturerna \u00e4r utformade f\u00f6r att ta g\u00e4sterna genom Sloveniens gr\u00f6na landskap, saftiga dalar och smaragdgr\u00f6na floder med bergskulisser i bakgrunden.<\/p>\n\n\n\n<p><strong><a href=\"https:\/\/hvarstagdo.com\/\" target=\"_blank\" rel=\"noreferrer noopener\">HVAR STAG DO<\/a><\/strong><\/p>\n\n\n\n<p>B\u00e4sta st\u00e4llet f\u00f6r att organisera en of\u00f6rgl\u00f6mlig svensexa p\u00e5 den otroliga \u00f6n Hvar f\u00f6r att ge din v\u00e4n n\u00e5gra sista n\u00e4tter att festa innan han gifter sig.<\/p>\n\n\n\n<p><strong><a href=\"https:\/\/croatiatunafishing.com\/\" target=\"_blank\" rel=\"noreferrer noopener\">KROATIEN TONFISKFISKE<\/a><\/strong><\/p>\n\n\n\n<p>Charters f\u00f6r storviltfiske l\u00e4ngs hela Kroatiens kust med en of\u00f6rgl\u00f6mlig havsfiskeupplevelse f\u00f6r att f\u00e5nga de st\u00f6rsta rovdjuren i Adriatiska havet.<\/p>\n\n\n\n<p><a href=\"https:\/\/slovenia-activities.com\/\" target=\"_blank\" rel=\"noreferrer noopener\"><strong>SLOVENIEN VERKSAMHET<\/strong><\/a><\/p>\n\n\n\n<p>Ett brett utbud av de b\u00e4sta sakerna att g\u00f6ra i Slovenien, fr\u00e5n cykling, vandring, vinteraktiviteter, kl\u00e4ttring, grottor, canyoning, forsr\u00e4nning och andra utomhusaktiviteter.<\/p>","protected":false},"excerpt":{"rendered":"<p>VINTURER SLOVENIEN Vinturer \u00e4r perfekta f\u00f6r b\u00e5de nyb\u00f6rjare och erfarna vinprovare. Du beh\u00f6ver inte ha n\u00e5gra f\u00f6rkunskaper. Det enda som kr\u00e4vs \u00e4r en \u00f6nskan om att koppla av, dricka vin och koppla av lite till. Det finns inget b\u00e4ttre s\u00e4tt att uppleva Sloveniens rika vinframst\u00e4llningstradition fr\u00e5n f\u00f6rsta hand, umg\u00e5s med andra resen\u00e4rer och smaka p\u00e5 frukten ... <a href=\"https:\/\/sloveniaprivatetours.com\/sv\/partners\/\">Forts\u00e4ttning<\/a><\/p>","protected":false},"author":45,"featured_media":111,"parent":0,"menu_order":0,"comment_status":"open","ping_status":"open","template":"","meta":{"_acf_changed":false,"footnotes":""},"class_list":["post-130","page","type-page","status-publish","has-post-thumbnail","hentry"],"acf":{"page_subheading":"We are stronger together."},"_links":{"self":[{"href":"https:\/\/sloveniaprivatetours.com\/sv\/wp-json\/wp\/v2\/pages\/130","targetHints":{"allow":["GET"]}}],"collection":[{"href":"https:\/\/sloveniaprivatetours.com\/sv\/wp-json\/wp\/v2\/pages"}],"about":[{"href":"https:\/\/sloveniaprivatetours.com\/sv\/wp-json\/wp\/v2\/types\/page"}],"author":[{"embeddable":true,"href":"https:\/\/sloveniaprivatetours.com\/sv\/wp-json\/wp\/v2\/users\/45"}],"replies":[{"embeddable":true,"href":"https:\/\/sloveniaprivatetours.com\/sv\/wp-json\/wp\/v2\/comments?post=130"}],"version-history":[{"count":2,"href":"https:\/\/sloveniaprivatetours.com\/sv\/wp-json\/wp\/v2\/pages\/130\/revisions"}],"predecessor-version":[{"id":333,"href":"https:\/\/sloveniaprivatetours.com\/sv\/wp-json\/wp\/v2\/pages\/130\/revisions\/333"}],"wp:featuredmedia":[{"embeddable":true,"href":"https:\/\/sloveniaprivatetours.com\/sv\/wp-json\/wp\/v2\/media\/111"}],"wp:attachment":[{"href":"https:\/\/sloveniaprivatetours.com\/sv\/wp-json\/wp\/v2\/media?parent=130"}],"curies":[{"name":"wp","href":"https:\/\/api.w.org\/{rel}","templated":true}]}}