{"id":295,"date":"2022-10-20T21:24:11","date_gmt":"2022-10-20T21:24:11","guid":{"rendered":"http:\/\/sloveniaprivatetours.com\/?page_id=295"},"modified":"2023-11-07T11:49:27","modified_gmt":"2023-11-07T11:49:27","slug":"vara-forare","status":"publish","type":"page","link":"https:\/\/sloveniaprivatetours.com\/sv\/our-drivers\/","title":{"rendered":"V\u00e5ra partner"},"content":{"rendered":"<p><strong>Vilka \u00e4r de?<\/strong><\/p>\n\n\n\n<p>Privata chauff\u00f6rer hos Slovenia Private Tours \u00e4r&nbsp;<strong>p\u00e5litliga certifierade yrkesverksamma<\/strong>&nbsp;Vi tar hand om allt som beh\u00f6vs och g\u00f6r din privata resa i Slovenien till en trevlig och stressfri upplevelse. De \u00e4r mycket&nbsp;<strong>p\u00e5litlig<\/strong>s\u00e5 du beh\u00f6ver aldrig v\u00e4nta p\u00e5 dem - de kommer att finnas d\u00e4r n\u00e4r du beh\u00f6ver dem. Och oroa dig inte, \u00e4ven om de g\u00f6r sitt jobb professionellt \u00e4r de inte robotar. De \u00e4r&nbsp;<strong>talar flytande engelska och \u00e4r mycket kommunikativ<\/strong>Vi ser inte bara till att din privata tur g\u00e5r smidigt utan g\u00f6r den ocks\u00e5 intressant och rolig.<\/p>\n\n\n\n<figure class=\"wp-block-image size-large\"><img decoding=\"async\" src=\"https:\/\/sloveniaprivatetours.com\/wp-content\/uploads\/taxi-driver-talking-to-a-female-passenger-in-car-stockpack-adobe-stock-1024x683.webp\" alt=\"Taxichauff\u00f6r pratar med en kvinnlig passagerare i bilen\" class=\"wp-image-516\"\/><figcaption class=\"wp-element-caption\">V\u00e5ra yrkesf\u00f6rare garanterar en s\u00e4ker och bekv\u00e4m milj\u00f6<\/figcaption><\/figure>\n\n\n\n<p><strong>Vad g\u00f6r de f\u00f6r dig?<\/strong><\/p>\n\n\n\n<p>De kommer att&nbsp;<strong>visa dig de b\u00e4sta platserna i Slovenien<\/strong>och tar dig dit du redan har planerat att \u00e5ka eller f\u00f6resl\u00e5r nya destinationer. De \u00e4r lokalbefolkningen och k\u00e4nner till Slovenien som sin egen ficka, vilket inneb\u00e4r att de alltid kan&nbsp;<strong>anpassa resan f\u00f6r dig i farten<\/strong>. Inga toalettpauser eller fototillf\u00e4llen kommer att missas. Du kommer ocks\u00e5 att f\u00e5 veta mycket om Slovenien och de destinationer du bes\u00f6ker. Och n\u00e4r du k\u00e4nner dig hungrig kan f\u00f6raren f\u00f6resl\u00e5 restauranger och andra matst\u00e4llen d\u00e4r du kan prova det lokala k\u00f6ket.<\/p>\n\n\n\n<figure class=\"wp-block-image size-large\"><img loading=\"lazy\" decoding=\"async\" width=\"1024\" height=\"683\" src=\"https:\/\/sloveniaprivatetours.com\/wp-content\/uploads\/wine-tasting-1024x683.webp\" alt=\"\" class=\"wp-image-412\" srcset=\"https:\/\/sloveniaprivatetours.com\/wp-content\/uploads\/wine-tasting-1024x683.webp 1024w, https:\/\/sloveniaprivatetours.com\/wp-content\/uploads\/wine-tasting-300x200.webp 300w, https:\/\/sloveniaprivatetours.com\/wp-content\/uploads\/wine-tasting-768x512.webp 768w, https:\/\/sloveniaprivatetours.com\/wp-content\/uploads\/wine-tasting-1536x1024.webp 1536w, https:\/\/sloveniaprivatetours.com\/wp-content\/uploads\/wine-tasting-2048x1365.webp 2048w, https:\/\/sloveniaprivatetours.com\/wp-content\/uploads\/wine-tasting-18x12.webp 18w, https:\/\/sloveniaprivatetours.com\/wp-content\/uploads\/wine-tasting-scaled.webp 1920w\" sizes=\"auto, (max-width: 1024px) 100vw, 1024px\" \/><figcaption class=\"wp-element-caption\">F\u00e5 exklusiv tillg\u00e5ng till de finaste mat- och vinupplevelserna i Slovenien  <\/figcaption><\/figure>\n\n\n\n<p><strong>Vilka \u00e4r f\u00f6rdelarna med en tur med privat chauff\u00f6r i Slovenien?<\/strong><\/p>\n\n\n\n<p>F\u00f6rutom alla de uppenbara f\u00f6rdelar som vi redan n\u00e4mnt ovan, erbjuder privata f\u00f6rare ocks\u00e5 andra inte s\u00e5 uppenbara f\u00f6rdelar. Att \u00e5ka p\u00e5 en rundtur i ett fr\u00e4mmande land p\u00e5 egen hand inneb\u00e4r utmaningar som ok\u00e4nda och&nbsp;<strong>komplicerade trafikregler<\/strong>, hitta l\u00e4mpliga bensinstationer, och&nbsp;<strong>billiga parkeringsplatser<\/strong>. P\u00e5 en tur med din egen privata chauff\u00f6r f\u00e5r du&nbsp;<strong>beh\u00f6ver inte oroa dig<\/strong>&nbsp;om n\u00e5got av detta. Och n\u00e4rhelst en n\u00f6dsituation uppst\u00e5r och det skulle vara perfekt att k\u00e4nna en lokal person, kommer v\u00e5r privata chauff\u00f6r att vara d\u00e4r f\u00f6r att hj\u00e4lpa dig.<\/p>","protected":false},"excerpt":{"rendered":"<p>Vilka \u00e4r de? Privatchauff\u00f6rer fr\u00e5n Slovenia Private Tours \u00e4r p\u00e5litliga certifierade proffs som tar hand om allt som beh\u00f6vs och g\u00f6r din privata rundtur i Slovenien till en trevlig och stressfri upplevelse. De \u00e4r mycket p\u00e5litliga, s\u00e5 du beh\u00f6ver aldrig v\u00e4nta p\u00e5 dem - de kommer att vara d\u00e4r n\u00e4r du beh\u00f6ver dem. Och oroa dig inte, \u00e4ven om de ... <a href=\"https:\/\/sloveniaprivatetours.com\/sv\/our-drivers\/\">Forts\u00e4ttning<\/a><\/p>","protected":false},"author":45,"featured_media":518,"parent":0,"menu_order":0,"comment_status":"closed","ping_status":"closed","template":"","meta":{"_acf_changed":false,"footnotes":""},"class_list":["post-295","page","type-page","status-publish","has-post-thumbnail","hentry"],"acf":{"page_subheading":"Get to know why you should trust our guides, drivers, and partners to make your private tour in Slovenia an unforgettable experience."},"_links":{"self":[{"href":"https:\/\/sloveniaprivatetours.com\/sv\/wp-json\/wp\/v2\/pages\/295","targetHints":{"allow":["GET"]}}],"collection":[{"href":"https:\/\/sloveniaprivatetours.com\/sv\/wp-json\/wp\/v2\/pages"}],"about":[{"href":"https:\/\/sloveniaprivatetours.com\/sv\/wp-json\/wp\/v2\/types\/page"}],"author":[{"embeddable":true,"href":"https:\/\/sloveniaprivatetours.com\/sv\/wp-json\/wp\/v2\/users\/45"}],"replies":[{"embeddable":true,"href":"https:\/\/sloveniaprivatetours.com\/sv\/wp-json\/wp\/v2\/comments?post=295"}],"version-history":[{"count":7,"href":"https:\/\/sloveniaprivatetours.com\/sv\/wp-json\/wp\/v2\/pages\/295\/revisions"}],"predecessor-version":[{"id":519,"href":"https:\/\/sloveniaprivatetours.com\/sv\/wp-json\/wp\/v2\/pages\/295\/revisions\/519"}],"wp:featuredmedia":[{"embeddable":true,"href":"https:\/\/sloveniaprivatetours.com\/sv\/wp-json\/wp\/v2\/media\/518"}],"wp:attachment":[{"href":"https:\/\/sloveniaprivatetours.com\/sv\/wp-json\/wp\/v2\/media?parent=295"}],"curies":[{"name":"wp","href":"https:\/\/api.w.org\/{rel}","templated":true}]}}