{"id":300,"date":"2022-10-20T21:27:09","date_gmt":"2022-10-20T21:27:09","guid":{"rendered":"http:\/\/sloveniaprivatetours.com\/?page_id=300"},"modified":"2023-10-11T08:03:47","modified_gmt":"2023-10-11T08:03:47","slug":"om-slovenien","status":"publish","type":"page","link":"https:\/\/sloveniaprivatetours.com\/sv\/about-slovenia\/","title":{"rendered":"Om Slovenien"},"content":{"rendered":"<p>Det \u00e4r ingen slump att den globala reseboken Lonely Planet placerade Slovenien i sin&nbsp;<strong>Topp 5 platser att bes\u00f6ka 2022<\/strong>. Slovenien \u00e4r ett litet land fullt av&nbsp;<strong>m\u00e5ngfald<\/strong>. Du kan njuta av bergen, havet, de pannoniska sl\u00e4tterna, de stora skogarna och de vinodlande kullarna p\u00e5 bara en dag. Och inte bara det, det \u00e4r en&nbsp;<strong>gr\u00f6nt land<\/strong>&nbsp;k\u00e4nnetecknas av sin st\u00e4ndiga str\u00e4van efter h\u00e5llbarhet i sin gr\u00f6na milj\u00f6 och rika kultur.<\/p>\n\n\n\n<figure class=\"wp-block-image size-large\"><img decoding=\"async\" src=\"https:\/\/sloveniaprivatetours.com\/wp-content\/uploads\/watersport-in-soca-river-bobec-slovenia-stockpack-adobe-stock-1024x576.webp\" alt=\"Vattensport i Soca-floden, Bobec, Slovenien\" class=\"wp-image-493\"\/><figcaption class=\"wp-element-caption\">Floden So\u010da \u00e4r ett m\u00e5ste f\u00f6r \u00e4ventyrslystna<\/figcaption><\/figure>\n\n\n\n<p>Slovenien \u00e4r ett paradis&nbsp;<strong>f\u00f6r \u00e4lskare av utomhus\u00e4ventyr<\/strong>. Vandring och promenader \u00e4r den lokala favoritsyssels\u00e4ttningen, med cykling och skid\u00e5kning p\u00e5 vintern inte l\u00e5ngt efter. Sedan finns det ocks\u00e5 kristallklara floder som So\u010da, d\u00e4r du kan prova allt fr\u00e5n forsr\u00e4nning till canyoning. Varje varierat landskap i Slovenien \u00e4r en lekplats f\u00f6r m\u00e5nga olika typer av utomhusaktiviteter.<\/p>\n\n\n\n<figure class=\"wp-block-image size-large\"><img decoding=\"async\" src=\"https:\/\/sloveniaprivatetours.com\/wp-content\/uploads\/old-town-and-the-medieval-ljubljana-castle-on-top-of-a-forest-hill-in-ljubljana-slovenia-stockpack-adobe-stock-1024x379.webp\" alt=\"Gamla stan och det medeltida Ljubljanaborgen p\u00e5 en skogskl\u00e4dd kulle i Ljubljana, Slovenien\" class=\"wp-image-490\"\/><figcaption class=\"wp-element-caption\">Ljubljana \u00e4r huvudstad i Slovenien<\/figcaption><\/figure>\n\n\n\n<p>\u00c4ven om du kanske tror det, \u00e4r det inte s\u00e5 att allt vackert i detta gr\u00f6na land kommer fr\u00e5n naturen. Den m\u00e4nskliga verksamheten i Slovenien \u00e4r i harmoni med naturen, men den sticker ocks\u00e5 ut.&nbsp;<strong>Landets historia \u00e4r rik p\u00e5 olika influenser.<\/strong>vilket g\u00f6r kulturen s\u00e4rskilt livlig och varierad. Arkitekturen speglar detta - fr\u00e5n de venetianska kustst\u00e4derna, de gotiska kyrkorna i de julianska alperna, jugendbyggnaderna i Ljubljana och mycket mer.<\/p>\n\n\n\n<figure class=\"wp-block-image size-large\"><img decoding=\"async\" src=\"https:\/\/sloveniaprivatetours.com\/wp-content\/uploads\/traditional-slovenian-cake-with-layers-exquisite-sweet-dessert-a-traditional-cake-from-prekmurje-with-poppy-seeds-nuts-cottage-cheese-and-apple-layers-called-prekmurska-gibanica-stockpack-adobe-stock-1024x684.webp\" alt=\"Traditionell slovensk kaka med lager - Uts\u00f6kt s\u00f6t dessert, en traditionell kaka fr\u00e5n Prekmurje med lager av vallmofr\u00f6n, n\u00f6tter, keso och \u00e4pple, kallad Prekmurska gibanica.\" class=\"wp-image-495\"\/><figcaption class=\"wp-element-caption\">Prekmurska gibanica best\u00e5r av 19 lager av smak <\/figcaption><\/figure>\n\n\n\n<p>Samma typ av blandning finns i det slovenska k\u00f6ket. Genom att l\u00e5na n\u00e5got fr\u00e5n var och en av sina grannar - \u00d6sterrike, Italien, Ungern och Balkan - har Slovenien skapat sina egna unika r\u00e4tter som \u00e4r starkt f\u00f6rknippade med landskapet d\u00e4r de tillagas. Detta g\u00f6r Slovenien till en&nbsp;<strong>Ett utm\u00e4rkt resm\u00e5l f\u00f6r alla mat\u00e4lskare<\/strong>, vilket \u00e4r anledningen till att den ocks\u00e5 kallades f\u00f6r&nbsp;<strong>Europeisk region f\u00f6r gastronomi 2021<\/strong>. R\u00e4tter som den salta korven fr\u00e5n Carniola, den s\u00f6ta \"\u0160truklji\" eller den h\u00e4rliga \"Potica\" \u00e4r alla v\u00e4rda att prova under ditt bes\u00f6k i Slovenien.<\/p>","protected":false},"excerpt":{"rendered":"<p>Det \u00e4r ingen slump att den globala reseboken Lonely Planet placerade Slovenien bland sina 5 b\u00e4sta platser att bes\u00f6ka 2022. Slovenien \u00e4r ett litet land fullt av m\u00e5ngfald. Du kan njuta av bergen, havet, de pannoniska sl\u00e4tterna, vidstr\u00e4ckta skogar och vinodlande kullar p\u00e5 bara en dag. Och inte bara det; Det \u00e4r en gr\u00f6n ... <a href=\"https:\/\/sloveniaprivatetours.com\/sv\/about-slovenia\/\">Forts\u00e4ttning<\/a><\/p>","protected":false},"author":45,"featured_media":135,"parent":0,"menu_order":0,"comment_status":"closed","ping_status":"closed","template":"","meta":{"_acf_changed":false,"footnotes":""},"class_list":["post-300","page","type-page","status-publish","has-post-thumbnail","hentry"],"acf":{"page_subheading":"Slovenia, where the magic of Alpine wonders beautifully merges with Mediterranean charm, and every journey unveils an enchanting discovery."},"_links":{"self":[{"href":"https:\/\/sloveniaprivatetours.com\/sv\/wp-json\/wp\/v2\/pages\/300","targetHints":{"allow":["GET"]}}],"collection":[{"href":"https:\/\/sloveniaprivatetours.com\/sv\/wp-json\/wp\/v2\/pages"}],"about":[{"href":"https:\/\/sloveniaprivatetours.com\/sv\/wp-json\/wp\/v2\/types\/page"}],"author":[{"embeddable":true,"href":"https:\/\/sloveniaprivatetours.com\/sv\/wp-json\/wp\/v2\/users\/45"}],"replies":[{"embeddable":true,"href":"https:\/\/sloveniaprivatetours.com\/sv\/wp-json\/wp\/v2\/comments?post=300"}],"version-history":[{"count":11,"href":"https:\/\/sloveniaprivatetours.com\/sv\/wp-json\/wp\/v2\/pages\/300\/revisions"}],"predecessor-version":[{"id":500,"href":"https:\/\/sloveniaprivatetours.com\/sv\/wp-json\/wp\/v2\/pages\/300\/revisions\/500"}],"wp:featuredmedia":[{"embeddable":true,"href":"https:\/\/sloveniaprivatetours.com\/sv\/wp-json\/wp\/v2\/media\/135"}],"wp:attachment":[{"href":"https:\/\/sloveniaprivatetours.com\/sv\/wp-json\/wp\/v2\/media?parent=300"}],"curies":[{"name":"wp","href":"https:\/\/api.w.org\/{rel}","templated":true}]}}